{"id":11571,"date":"2025-08-04T16:02:49","date_gmt":"2025-08-04T14:02:49","guid":{"rendered":"https:\/\/www.netvolleyangleur.be\/?page_id=11571"},"modified":"2025-08-04T18:30:41","modified_gmt":"2025-08-04T16:30:41","slug":"en-championnat-3","status":"publish","type":"page","link":"https:\/\/www.netvolleyangleur.be\/index.php\/en-championnat-3\/","title":{"rendered":"En Championnat"},"content":{"rendered":"\t\t<div data-elementor-type=\"wp-page\" data-elementor-id=\"11571\" class=\"elementor elementor-11571\">\n\t\t\t\t<div class=\"elementor-element elementor-element-f8f2019 e-flex e-con-boxed e-con e-parent\" data-id=\"f8f2019\" data-element_type=\"container\" data-e-type=\"container\">\n\t\t\t\t\t<div class=\"e-con-inner\">\n\t\t\t\t<div class=\"elementor-element elementor-element-b6d8075 elementor-widget elementor-widget-text-editor\" data-id=\"b6d8075\" data-element_type=\"widget\" data-e-type=\"widget\" data-widget_type=\"text-editor.default\">\n\t\t\t\t<div class=\"elementor-widget-container\">\n\t\t\t\t\t\t\t\t\t<p style=\"text-align: center;\"><span style=\"color: #800080;\"><strong>Les diff\u00e9rents championnats sont termin\u00e9s<\/strong><\/span><\/p>\t\t\t\t\t\t\t\t<\/div>\n\t\t\t\t<\/div>\n\t\t\t\t\t<\/div>\n\t\t\t\t<\/div>\n\t\t<div class=\"elementor-element elementor-element-9b5f219 e-flex e-con-boxed e-con e-parent\" data-id=\"9b5f219\" data-element_type=\"container\" data-e-type=\"container\">\n\t\t\t\t\t<div class=\"e-con-inner\">\n\t\t\t\t<div class=\"elementor-element elementor-element-e50a9b9 elementor-widget elementor-widget-spacer\" data-id=\"e50a9b9\" data-element_type=\"widget\" data-e-type=\"widget\" data-widget_type=\"spacer.default\">\n\t\t\t\t<div class=\"elementor-widget-container\">\n\t\t\t\t\t\t\t<div class=\"elementor-spacer\">\n\t\t\t<div class=\"elementor-spacer-inner\"><\/div>\n\t\t<\/div>\n\t\t\t\t\t\t<\/div>\n\t\t\t\t<\/div>\n\t\t\t\t\t<\/div>\n\t\t\t\t<\/div>\n\t\t<div class=\"elementor-element elementor-element-88ba99e e-flex e-con-boxed e-con e-parent\" data-id=\"88ba99e\" data-element_type=\"container\" data-e-type=\"container\">\n\t\t\t\t\t<div class=\"e-con-inner\">\n\t\t\t\t<div class=\"elementor-element elementor-element-a5d4fe4 elementor-widget elementor-widget-text-editor\" data-id=\"a5d4fe4\" data-element_type=\"widget\" data-e-type=\"widget\" data-widget_type=\"text-editor.default\">\n\t\t\t\t<div class=\"elementor-widget-container\">\n\t\t\t\t\t\t\t\t\t<p style=\"text-align: center;\"><span style=\"color: #0000ff;\"><strong>Notre \u00e9quipe de <span style=\"color: #800080;\">D1 (A) mixte<\/span> \u00a0et termine \u00e0 la\u00a0<\/strong><\/span><span style=\"text-decoration: underline;\"><span style=\"color: #ff0000; text-decoration: underline;\"><strong>3<\/strong><sup><strong>\u00e8me<\/strong> <\/sup><\/span><\/span><span style=\"color: #0000ff;\"><strong><span style=\"text-decoration: underline;\"><span style=\"color: #ff0000; text-decoration: underline;\">place du championnat.<\/span><\/span><\/strong><\/span><\/p><p style=\"text-align: center;\"><span style=\"color: #0000ff;\"><strong>Notre \u00e9quipe de<\/strong><\/span> <span style=\"color: #800080;\"><strong>D1 (B) mixte<\/strong><\/span> <strong><span style=\"color: #0000ff;\">termine \u00e0 la<\/span>\u00a0<span style=\"text-decoration: underline;\"><span style=\"color: #ff0000; text-decoration: underline;\">5<sup>\u00e8me <\/sup><\/span><\/span><span style=\"color: #0000ff;\"><span style=\"text-decoration: underline;\"><span style=\"color: #ff0000; text-decoration: underline;\">place du championnat.<\/span><\/span><\/span><\/strong><\/p><p style=\"text-align: center;\"><span style=\"color: #0000ff;\"><strong>Notre \u00e9quipe de<\/strong><\/span> <span style=\"color: #800080;\"><strong>D3 mixte<\/strong><\/span> <strong><span style=\"color: #0000ff;\">termine \u00e0 la<\/span>\u00a0<span style=\"text-decoration: underline;\"><span style=\"color: #ff0000; text-decoration: underline;\">11<sup>\u00e8me <\/sup><\/span><\/span><span style=\"color: #0000ff;\"><span style=\"text-decoration: underline;\"><span style=\"color: #ff0000; text-decoration: underline;\">place du championnat.<\/span><\/span><\/span>\u00a0<\/strong><\/p><p style=\"text-align: center;\"><span style=\"color: #0000ff;\"><strong>Notre \u00e9quipe de<\/strong><\/span> <span style=\"color: #800080;\"><strong>D4X mixte (\u00e9quipe A)<\/strong><\/span> <strong><span style=\"color: #0000ff;\">termine \u00e0 la<\/span><\/strong> <strong><span style=\"text-decoration: underline;\"><span style=\"color: #ff0000; text-decoration: underline;\">12<sup>\u00e8me <\/sup><\/span><\/span><span style=\"color: #0000ff;\"><span style=\"text-decoration: underline;\"><span style=\"color: #ff0000; text-decoration: underline;\">place du championnat.<\/span><\/span><\/span> <\/strong><\/p><p style=\"text-align: center;\"><strong><span style=\"color: #0000ff;\">Notre \u00e9quipe de<\/span> <span style=\"color: #800080;\">D4Y mixte (\u00e9quipe B)<\/span> <span style=\"color: #0000ff;\">termine \u00e0 la<\/span> <span style=\"text-decoration: underline;\"><span style=\"color: #ff0000; text-decoration: underline;\">4<sup>\u00e8me <\/sup><\/span><\/span><span style=\"color: #0000ff;\"><span style=\"text-decoration: underline;\"><span style=\"color: #ff0000; text-decoration: underline;\">place du championnat.<\/span><\/span><\/span> <\/strong><\/p><p style=\"text-align: center;\"><strong><span style=\"color: #0000ff;\">Notre \u00e9quipe de<\/span> <span style=\"color: #800080;\">Dames 1 (A)<\/span>\u00a0<span style=\"color: #0000ff;\">termine \u00e0 la<\/span> <span style=\"text-decoration: underline;\"><span style=\"color: #ff0000; text-decoration: underline;\">5<sup>\u00e8me <\/sup><\/span><\/span><span style=\"color: #0000ff;\"><span style=\"text-decoration: underline;\"><span style=\"color: #ff0000; text-decoration: underline;\">place du championnat.<\/span><\/span><\/span>\u00a0<\/strong><\/p><p style=\"text-align: center;\"><strong><span style=\"color: #0000ff;\">Notre \u00e9quipe de<\/span> <span style=\"color: #800080;\">Dames 1 (B)<\/span>\u00a0<span style=\"color: #0000ff;\">termine \u00e0 la<\/span> <span style=\"text-decoration: underline;\"><span style=\"color: #ff0000; text-decoration: underline;\">8<sup>\u00e8me <\/sup><\/span><\/span><span style=\"color: #0000ff;\"><span style=\"text-decoration: underline;\"><span style=\"color: #ff0000; text-decoration: underline;\">place du championnat et <span style=\"color: #008000; text-decoration: underline;\">descend en Dames 2.<\/span><\/span><\/span><\/span><\/strong><\/p><p style=\"text-align: center;\"><strong><span style=\"color: #0000ff;\"><span style=\"color: #ff0000;\"><span style=\"color: #0000ff;\">Notre \u00e9quipe de<\/span> <span style=\"color: #800080;\">Dames 2 <\/span><\/span><span style=\"color: #ff0000;\">\u00a0<\/span>termine <span style=\"color: #ff0000;\"><span style=\"color: #0000ff;\">\u00e0 la<\/span> <\/span><span style=\"text-decoration: underline;\"><span style=\"color: #ff0000; text-decoration: underline;\">6<sup>\u00e8me <\/sup>place du championnat.\u00a0<\/span><\/span><\/span><\/strong><\/p>\t\t\t\t\t\t\t\t<\/div>\n\t\t\t\t<\/div>\n\t\t\t\t\t<\/div>\n\t\t\t\t<\/div>\n\t\t<div class=\"elementor-element elementor-element-76c11c5 e-flex e-con-boxed e-con e-parent\" data-id=\"76c11c5\" data-element_type=\"container\" data-e-type=\"container\">\n\t\t\t\t\t<div class=\"e-con-inner\">\n\t\t\t\t\t<\/div>\n\t\t\t\t<\/div>\n\t\t<div class=\"elementor-element elementor-element-ef666a3 e-flex e-con-boxed e-con e-parent\" data-id=\"ef666a3\" data-element_type=\"container\" data-e-type=\"container\">\n\t\t\t\t\t<div class=\"e-con-inner\">\n\t\t\t\t<div class=\"elementor-element elementor-element-4bf339a elementor-widget elementor-widget-text-editor\" data-id=\"4bf339a\" data-element_type=\"widget\" data-e-type=\"widget\" data-widget_type=\"text-editor.default\">\n\t\t\t\t<div class=\"elementor-widget-container\">\n\t\t\t\t\t\t\t\t\t<p><strong><span style=\"color: #800080;\">Ci-dessous les r\u00e9sultats des matchs par journ\u00e9es<\/span><\/strong><\/p>\t\t\t\t\t\t\t\t<\/div>\n\t\t\t\t<\/div>\n\t\t\t\t\t<\/div>\n\t\t\t\t<\/div>\n\t\t<div class=\"elementor-element elementor-element-6097d0d e-flex e-con-boxed e-con e-parent\" data-id=\"6097d0d\" data-element_type=\"container\" data-e-type=\"container\">\n\t\t\t\t\t<div class=\"e-con-inner\">\n\t\t\t\t<div class=\"elementor-element elementor-element-ffca4fd elementor-widget elementor-widget-pdfjs_viewer\" data-id=\"ffca4fd\" data-element_type=\"widget\" data-e-type=\"widget\" data-widget_type=\"pdfjs_viewer.default\">\n\t\t\t\t<div class=\"elementor-widget-container\">\n\t\t\t\t\t<iframe src=\"https:\/\/www.netvolleyangleur.be\/wp-content\/plugins\/pdf-viewer-for-elementor\/assets\/pdfjs\/web\/viewer.html?file=https:\/\/www.netvolleyangleur.be\/wp-content\/uploads\/2025\/08\/Resultats.pdf&amp;embedded=true\" style=\"display: block; margin-left: auto; margin-right: auto; width: 835px; height: 810px;\" frameborder=\"1\" marginheight=\"0px\" marginwidth=\"0px\" allowfullscreen><\/iframe>\t\t\t\t<\/div>\n\t\t\t\t<\/div>\n\t\t\t\t\t<\/div>\n\t\t\t\t<\/div>\n\t\t\t\t<\/div>\n\t\t","protected":false},"excerpt":{"rendered":"<p>Les diff\u00e9rents championnats sont termin\u00e9s Notre \u00e9quipe de D1 (A) mixte \u00a0et termine \u00e0 la\u00a03\u00e8me place du championnat. Notre \u00e9quipe de D1 (B) mixte termine [&hellip;]<\/p>\n","protected":false},"author":1,"featured_media":0,"parent":0,"menu_order":0,"comment_status":"closed","ping_status":"closed","template":"","meta":{"footnotes":""},"class_list":["post-11571","page","type-page","status-publish","hentry"],"_links":{"self":[{"href":"https:\/\/www.netvolleyangleur.be\/index.php\/wp-json\/wp\/v2\/pages\/11571","targetHints":{"allow":["GET"]}}],"collection":[{"href":"https:\/\/www.netvolleyangleur.be\/index.php\/wp-json\/wp\/v2\/pages"}],"about":[{"href":"https:\/\/www.netvolleyangleur.be\/index.php\/wp-json\/wp\/v2\/types\/page"}],"author":[{"embeddable":true,"href":"https:\/\/www.netvolleyangleur.be\/index.php\/wp-json\/wp\/v2\/users\/1"}],"replies":[{"embeddable":true,"href":"https:\/\/www.netvolleyangleur.be\/index.php\/wp-json\/wp\/v2\/comments?post=11571"}],"version-history":[{"count":13,"href":"https:\/\/www.netvolleyangleur.be\/index.php\/wp-json\/wp\/v2\/pages\/11571\/revisions"}],"predecessor-version":[{"id":11592,"href":"https:\/\/www.netvolleyangleur.be\/index.php\/wp-json\/wp\/v2\/pages\/11571\/revisions\/11592"}],"wp:attachment":[{"href":"https:\/\/www.netvolleyangleur.be\/index.php\/wp-json\/wp\/v2\/media?parent=11571"}],"curies":[{"name":"wp","href":"https:\/\/api.w.org\/{rel}","templated":true}]}}