{"id":133,"date":"2023-04-27T13:36:46","date_gmt":"2023-04-27T11:36:46","guid":{"rendered":"http:\/\/www.netvolleyangleur.be\/netvolley.angleur@gmail.com\/?page_id=133"},"modified":"2023-08-28T18:16:44","modified_gmt":"2023-08-28T16:16:44","slug":"le-net-volley","status":"publish","type":"page","link":"https:\/\/www.netvolleyangleur.be\/index.php\/le-net-volley\/","title":{"rendered":"Le Net Volley"},"content":{"rendered":"\t\t<div data-elementor-type=\"wp-page\" data-elementor-id=\"133\" class=\"elementor elementor-133\">\n\t\t\t\t\t\t<section class=\"elementor-section elementor-top-section elementor-element elementor-element-26d2bc3b elementor-section-boxed elementor-section-height-default elementor-section-height-default\" data-id=\"26d2bc3b\" data-element_type=\"section\" data-e-type=\"section\">\n\t\t\t\t\t\t<div class=\"elementor-container elementor-column-gap-default\">\n\t\t\t\t\t<div class=\"elementor-column elementor-col-100 elementor-top-column elementor-element elementor-element-236bf008\" data-id=\"236bf008\" data-element_type=\"column\" data-e-type=\"column\">\n\t\t\t<div class=\"elementor-widget-wrap elementor-element-populated\">\n\t\t\t\t\t\t<div class=\"elementor-element elementor-element-1febdaf5 elementor-widget elementor-widget-text-editor\" data-id=\"1febdaf5\" data-element_type=\"widget\" data-e-type=\"widget\" data-widget_type=\"text-editor.default\">\n\t\t\t\t<div class=\"elementor-widget-container\">\n\t\t\t\t\t\t\t\t\t\n<p class=\"has-purple-color has-text-color has-regular-font-size\"><span style=\"color: #800080;\"><strong>Toutes les \u00e9quipes de Net-Volley d\u00e9pendent d\u2019un organe d&rsquo;administration (O.A) qui prend en charge<\/strong> :<\/span><\/p>\n\n<p class=\"has-blue-color has-text-color\"><strong>\u00a0\u00a0\u00a0\u00a0\u00a0\u00a0 <span style=\"color: #0000ff;\">&#8211; l\u2019organisation des championnats (mixtes et dames) avec l\u2019\u00e9tablissement des calendriers et la d\u00e9signation des arbitres pour les diff\u00e9rents matches.<\/span><\/strong><\/p>\n<p><span style=\"color: #0000ff;\"><\/span><\/p>\n<p class=\"has-blue-color has-text-color\"><span style=\"color: #0000ff;\"><strong>\u00a0\u00a0\u00a0\u00a0\u00a0\u00a0 &#8211; l\u2019organisation des coupes (coupe mixte et dames).<\/strong><\/span><\/p>\n<p><span style=\"color: #0000ff;\"><\/span><\/p>\n<p class=\"has-blue-color has-text-color\"><span style=\"color: #0000ff;\"><strong>\u00a0\u00a0\u00a0\u00a0\u00a0\u00a0 &#8211; l\u2019organisation du Challenge Frens (r\u00e9serv\u00e9 aux joueurs de 70 ans et plus).<\/strong><\/span><\/p>\n<p><span style=\"color: #0000ff;\"><\/span><\/p>\n<p class=\"has-blue-color has-text-color\"><span style=\"color: #0000ff;\"><strong>\u00a0\u00a0\u00a0\u00a0\u00a0\u00a0 &#8211; la formation des arbitres.<\/strong><\/span><\/p>\n\n<div class=\"wp-block-buttons is-layout-flex wp-block-buttons-is-layout-flex\">\n<div class=\"wp-block-button\"><a class=\"wp-block-button__link has-tan-color has-red-background-color has-text-color has-background wp-element-button\" href=\"https:\/\/www.netvolleyseniors.be\/netvolley.htm\">Plus de d\u00e9tails ici<\/a><\/div>\n<\/div>\n\t\t\t\t\t\t\t\t<\/div>\n\t\t\t\t<\/div>\n\t\t\t\t\t<\/div>\n\t\t<\/div>\n\t\t\t\t\t<\/div>\n\t\t<\/section>\n\t\t\t\t<section class=\"elementor-section elementor-top-section elementor-element elementor-element-f701eca elementor-section-boxed elementor-section-height-default elementor-section-height-default\" data-id=\"f701eca\" data-element_type=\"section\" data-e-type=\"section\">\n\t\t\t\t\t\t<div class=\"elementor-container elementor-column-gap-default\">\n\t\t\t\t\t<div class=\"elementor-column elementor-col-100 elementor-top-column elementor-element elementor-element-c8abfcd\" data-id=\"c8abfcd\" data-element_type=\"column\" data-e-type=\"column\">\n\t\t\t<div class=\"elementor-widget-wrap elementor-element-populated\">\n\t\t\t\t\t\t<div class=\"elementor-element elementor-element-7e71745 elementor-widget elementor-widget-spacer\" data-id=\"7e71745\" data-element_type=\"widget\" data-e-type=\"widget\" data-widget_type=\"spacer.default\">\n\t\t\t\t<div class=\"elementor-widget-container\">\n\t\t\t\t\t\t\t<div class=\"elementor-spacer\">\n\t\t\t<div class=\"elementor-spacer-inner\"><\/div>\n\t\t<\/div>\n\t\t\t\t\t\t<\/div>\n\t\t\t\t<\/div>\n\t\t\t\t\t<\/div>\n\t\t<\/div>\n\t\t\t\t\t<\/div>\n\t\t<\/section>\n\t\t\t\t<section class=\"elementor-section elementor-top-section elementor-element elementor-element-93d114e elementor-section-boxed elementor-section-height-default elementor-section-height-default\" data-id=\"93d114e\" data-element_type=\"section\" data-e-type=\"section\">\n\t\t\t\t\t\t<div class=\"elementor-container elementor-column-gap-default\">\n\t\t\t\t\t<div class=\"elementor-column elementor-col-33 elementor-top-column elementor-element elementor-element-7621d73\" data-id=\"7621d73\" data-element_type=\"column\" data-e-type=\"column\">\n\t\t\t<div class=\"elementor-widget-wrap elementor-element-populated\">\n\t\t\t\t\t\t<div class=\"elementor-element elementor-element-39aca40 elementor-widget elementor-widget-video\" data-id=\"39aca40\" data-element_type=\"widget\" data-e-type=\"widget\" data-settings=\"{&quot;video_type&quot;:&quot;hosted&quot;,&quot;controls&quot;:&quot;yes&quot;}\" data-widget_type=\"video.default\">\n\t\t\t\t<div class=\"elementor-widget-container\">\n\t\t\t\t\t\t\t<div class=\"e-hosted-video elementor-wrapper elementor-open-inline\">\n\t\t\t\t\t<video class=\"elementor-video\" src=\"https:\/\/www.netvolleyangleur.be\/wp-content\/uploads\/2023\/06\/V-Oup.mp4\" controls=\"\" preload=\"metadata\" controlsList=\"nodownload\"><\/video>\n\t\t\t\t<\/div>\n\t\t\t\t\t\t<\/div>\n\t\t\t\t<\/div>\n\t\t\t\t\t<\/div>\n\t\t<\/div>\n\t\t\t\t<div class=\"elementor-column elementor-col-33 elementor-top-column elementor-element elementor-element-eda4bae\" data-id=\"eda4bae\" data-element_type=\"column\" data-e-type=\"column\">\n\t\t\t<div class=\"elementor-widget-wrap\">\n\t\t\t\t\t\t\t<\/div>\n\t\t<\/div>\n\t\t\t\t<div class=\"elementor-column elementor-col-33 elementor-top-column elementor-element elementor-element-c341fec\" data-id=\"c341fec\" data-element_type=\"column\" data-e-type=\"column\">\n\t\t\t<div class=\"elementor-widget-wrap elementor-element-populated\">\n\t\t\t\t\t\t<div class=\"elementor-element elementor-element-c09fcc9 elementor-widget elementor-widget-image-gallery\" data-id=\"c09fcc9\" data-element_type=\"widget\" data-e-type=\"widget\" data-widget_type=\"image-gallery.default\">\n\t\t\t\t<div class=\"elementor-widget-container\">\n\t\t\t\t\t\t\t<div class=\"elementor-image-gallery\">\n\t\t\t<div id='gallery-1' class='gallery galleryid-133 gallery-columns-1 gallery-size-full'><figure class='gallery-item'>\n\t\t\t<div class='gallery-icon landscape'>\n\t\t\t\t<a data-elementor-open-lightbox=\"yes\" data-elementor-lightbox-slideshow=\"c09fcc9\" data-elementor-lightbox-title=\"anim_phases_jeux\" data-e-action-hash=\"#elementor-action%3Aaction%3Dlightbox%26settings%3DeyJpZCI6NzcwOSwidXJsIjoiaHR0cHM6XC9cL3d3dy5uZXR2b2xsZXlhbmdsZXVyLmJlXC93cC1jb250ZW50XC91cGxvYWRzXC8yMDIzXC8wOFwvYW5pbV9waGFzZXNfamV1eC5naWYiLCJzbGlkZXNob3ciOiJjMDlmY2M5In0%3D\" href='https:\/\/www.netvolleyangleur.be\/wp-content\/uploads\/2023\/08\/anim_phases_jeux.gif'><img fetchpriority=\"high\" decoding=\"async\" width=\"400\" height=\"250\" src=\"https:\/\/www.netvolleyangleur.be\/wp-content\/uploads\/2023\/08\/anim_phases_jeux.gif\" class=\"attachment-full size-full\" alt=\"\" \/><\/a>\n\t\t\t<\/div><\/figure>\n\t\t<\/div>\n\t\t<\/div>\n\t\t\t\t\t\t<\/div>\n\t\t\t\t<\/div>\n\t\t\t\t\t<\/div>\n\t\t<\/div>\n\t\t\t\t\t<\/div>\n\t\t<\/section>\n\t\t\t\t<section class=\"elementor-section elementor-top-section elementor-element elementor-element-1aa55f3 elementor-section-boxed elementor-section-height-default elementor-section-height-default\" data-id=\"1aa55f3\" data-element_type=\"section\" data-e-type=\"section\">\n\t\t\t\t\t\t<div class=\"elementor-container elementor-column-gap-default\">\n\t\t\t\t\t<div class=\"elementor-column elementor-col-33 elementor-top-column elementor-element elementor-element-3701c46\" data-id=\"3701c46\" data-element_type=\"column\" data-e-type=\"column\">\n\t\t\t<div class=\"elementor-widget-wrap\">\n\t\t\t\t\t\t\t<\/div>\n\t\t<\/div>\n\t\t\t\t<div class=\"elementor-column elementor-col-33 elementor-top-column elementor-element elementor-element-0c56d74\" data-id=\"0c56d74\" data-element_type=\"column\" data-e-type=\"column\">\n\t\t\t<div class=\"elementor-widget-wrap elementor-element-populated\">\n\t\t\t\t\t\t<div class=\"elementor-element elementor-element-3486bfe elementor-widget elementor-widget-video\" data-id=\"3486bfe\" data-element_type=\"widget\" data-e-type=\"widget\" data-settings=\"{&quot;video_type&quot;:&quot;hosted&quot;,&quot;controls&quot;:&quot;yes&quot;}\" data-widget_type=\"video.default\">\n\t\t\t\t<div class=\"elementor-widget-container\">\n\t\t\t\t\t\t\t<div class=\"e-hosted-video elementor-wrapper elementor-open-inline\">\n\t\t\t\t\t<video class=\"elementor-video\" src=\"https:\/\/www.netvolleyangleur.be\/wp-content\/uploads\/2023\/08\/2021_10_20_net_volley_angleur-17.mp4\" controls=\"\" preload=\"metadata\" controlsList=\"nodownload\"><\/video>\n\t\t\t\t<\/div>\n\t\t\t\t\t\t<\/div>\n\t\t\t\t<\/div>\n\t\t\t\t\t<\/div>\n\t\t<\/div>\n\t\t\t\t<div class=\"elementor-column elementor-col-33 elementor-top-column elementor-element elementor-element-f74550b\" data-id=\"f74550b\" data-element_type=\"column\" data-e-type=\"column\">\n\t\t\t<div class=\"elementor-widget-wrap\">\n\t\t\t\t\t\t\t<\/div>\n\t\t<\/div>\n\t\t\t\t\t<\/div>\n\t\t<\/section>\n\t\t\t\t<section class=\"elementor-section elementor-top-section elementor-element elementor-element-e5c24a9 elementor-section-boxed elementor-section-height-default elementor-section-height-default\" data-id=\"e5c24a9\" data-element_type=\"section\" data-e-type=\"section\">\n\t\t\t\t\t\t<div class=\"elementor-container elementor-column-gap-default\">\n\t\t\t\t\t<div class=\"elementor-column elementor-col-100 elementor-top-column elementor-element elementor-element-c5c8549\" data-id=\"c5c8549\" data-element_type=\"column\" data-e-type=\"column\">\n\t\t\t<div class=\"elementor-widget-wrap elementor-element-populated\">\n\t\t\t\t\t\t<div class=\"elementor-element elementor-element-564272c elementor-widget elementor-widget-spacer\" data-id=\"564272c\" data-element_type=\"widget\" data-e-type=\"widget\" data-widget_type=\"spacer.default\">\n\t\t\t\t<div class=\"elementor-widget-container\">\n\t\t\t\t\t\t\t<div class=\"elementor-spacer\">\n\t\t\t<div class=\"elementor-spacer-inner\"><\/div>\n\t\t<\/div>\n\t\t\t\t\t\t<\/div>\n\t\t\t\t<\/div>\n\t\t\t\t\t<\/div>\n\t\t<\/div>\n\t\t\t\t\t<\/div>\n\t\t<\/section>\n\t\t\t\t<\/div>\n\t\t","protected":false},"excerpt":{"rendered":"<p>Toutes les \u00e9quipes de Net-Volley d\u00e9pendent d\u2019un organe d&rsquo;administration (O.A) qui prend en charge : \u00a0\u00a0\u00a0\u00a0\u00a0\u00a0 &#8211; l\u2019organisation des championnats (mixtes et dames) avec l\u2019\u00e9tablissement [&hellip;]<\/p>\n","protected":false},"author":1,"featured_media":0,"parent":0,"menu_order":0,"comment_status":"closed","ping_status":"closed","template":"","meta":{"footnotes":""},"class_list":["post-133","page","type-page","status-publish","hentry"],"_links":{"self":[{"href":"https:\/\/www.netvolleyangleur.be\/index.php\/wp-json\/wp\/v2\/pages\/133","targetHints":{"allow":["GET"]}}],"collection":[{"href":"https:\/\/www.netvolleyangleur.be\/index.php\/wp-json\/wp\/v2\/pages"}],"about":[{"href":"https:\/\/www.netvolleyangleur.be\/index.php\/wp-json\/wp\/v2\/types\/page"}],"author":[{"embeddable":true,"href":"https:\/\/www.netvolleyangleur.be\/index.php\/wp-json\/wp\/v2\/users\/1"}],"replies":[{"embeddable":true,"href":"https:\/\/www.netvolleyangleur.be\/index.php\/wp-json\/wp\/v2\/comments?post=133"}],"version-history":[{"count":26,"href":"https:\/\/www.netvolleyangleur.be\/index.php\/wp-json\/wp\/v2\/pages\/133\/revisions"}],"predecessor-version":[{"id":7808,"href":"https:\/\/www.netvolleyangleur.be\/index.php\/wp-json\/wp\/v2\/pages\/133\/revisions\/7808"}],"wp:attachment":[{"href":"https:\/\/www.netvolleyangleur.be\/index.php\/wp-json\/wp\/v2\/media?parent=133"}],"curies":[{"name":"wp","href":"https:\/\/api.w.org\/{rel}","templated":true}]}}