{"id":1570,"date":"2023-05-20T11:43:30","date_gmt":"2023-05-20T09:43:30","guid":{"rendered":"https:\/\/www.netvolleyangleur.be\/netvolley.angleur@gmail.com\/?page_id=1570"},"modified":"2023-08-02T00:28:05","modified_gmt":"2023-08-01T22:28:05","slug":"tournoi-aout-2016","status":"publish","type":"page","link":"https:\/\/www.netvolleyangleur.be\/index.php\/tournoi-aout-2016\/","title":{"rendered":"Tournoi Ao\u00fbt 2016"},"content":{"rendered":"\t\t<div data-elementor-type=\"wp-page\" data-elementor-id=\"1570\" class=\"elementor elementor-1570\">\n\t\t\t\t\t\t<section class=\"elementor-section elementor-top-section elementor-element elementor-element-5acb4811 elementor-section-boxed elementor-section-height-default elementor-section-height-default\" data-id=\"5acb4811\" data-element_type=\"section\" data-e-type=\"section\">\n\t\t\t\t\t\t<div class=\"elementor-container elementor-column-gap-default\">\n\t\t\t\t\t<div class=\"elementor-column elementor-col-100 elementor-top-column elementor-element elementor-element-1f133b8f\" data-id=\"1f133b8f\" data-element_type=\"column\" data-e-type=\"column\">\n\t\t\t<div class=\"elementor-widget-wrap elementor-element-populated\">\n\t\t\t\t\t\t<div class=\"elementor-element elementor-element-3c54322c elementor-widget elementor-widget-text-editor\" data-id=\"3c54322c\" data-element_type=\"widget\" data-e-type=\"widget\" data-widget_type=\"text-editor.default\">\n\t\t\t\t<div class=\"elementor-widget-container\">\n\t\t\t\t\t\t\t\t\t\n<p><strong><u>Tournoi D3 du 29 ao\u00fbt 2016<\/u><\/strong><\/p>\n\n<figure class=\"wp-block-table\">\n<table>\n<tbody>\n<tr>\n<td style=\"text-align: center;\" colspan=\"3\"><img fetchpriority=\"high\" decoding=\"async\" class=\"alignnone  wp-image-6424\" src=\"https:\/\/www.netvolleyangleur.be\/wp-content\/uploads\/2023\/08\/tr2016-08-29-1-300x169.gif\" alt=\"\" width=\"394\" height=\"222\" \/><\/td>\n<\/tr>\n<tr>\n<td colspan=\"3\"><strong><u>Pour la petite histoire :<\/u> <\/strong><br \/><strong>Les \u00ab\u00a0Ducs\u00a0\u00bb se sont impos\u00e9s devant soumagne, Malmedy, Aubel, Huy, Calidis, Angleur A, Angleur B, Intr\u00e9pides, Beyne, Spa, Neupr\u00e9.<\/strong><\/td>\n<\/tr>\n<tr>\n<td colspan=\"3\">\u00a0<\/td>\n<\/tr>\n<tr>\n<td><strong>Poule A<\/strong><strong><br \/><br \/>Angleur A<br \/>Beyne<br \/>Calidis<br \/>Soumagne<\/strong><\/td>\n<td>\u00a0<strong>Poule B<br \/><\/strong><strong><br \/>Angleur B<br \/>Aubel<br \/>Huy<br \/>Intr\u00e9pides<\/strong><\/td>\n<td><strong>Poule C<br \/><\/strong><br \/><strong>Ducs<br \/>Neupr\u00e9<br \/>Malmedy<br \/>Spa<\/strong><\/td>\n<\/tr>\n<\/tbody>\n<\/table>\n<\/figure>\n\n<figure class=\"wp-block-table\">\n<table>\n<tbody>\n<tr>\n<td colspan=\"3\"><img decoding=\"async\" class=\"wp-image-6425 aligncenter\" src=\"https:\/\/www.netvolleyangleur.be\/wp-content\/uploads\/2023\/08\/tour29aout16-300x62.jpg\" alt=\"\" width=\"408\" height=\"84\" srcset=\"https:\/\/www.netvolleyangleur.be\/wp-content\/uploads\/2023\/08\/tour29aout16-300x62.jpg 300w, https:\/\/www.netvolleyangleur.be\/wp-content\/uploads\/2023\/08\/tour29aout16-768x160.jpg 768w, https:\/\/www.netvolleyangleur.be\/wp-content\/uploads\/2023\/08\/tour29aout16.jpg 938w\" sizes=\"(max-width: 408px) 100vw, 408px\" \/><\/td>\n<\/tr>\n<tr>\n<td colspan=\"3\"><strong>REGLEMENT<br \/>Rencontres de 25 minutes sans limites de points \u2013 P\u00e9riodes de 35 minutes.<br \/>2 temps-morts autoris\u00e9s par \u00e9quipe par rencontre \u2013 Pas de temps-mort ni de remplacement pendant les 5 derni\u00e8res minutes de jeu.<br \/>Match nul autoris\u00e9 \u2013 Le dernier point en jeu \u00e0 la fin des 25 minutes compte.<br \/>Classement des 12 \u00e9quipes apr\u00e8s les 3 premi\u00e8res rencontres en fonction des points obtenus\u00a0: 2 points si victoire, 1 point si match nul et 0 si d\u00e9faite.<br \/>En cas d\u2019\u00e9galit\u00e9 \u00e0 ce classement, d\u00e9partage en fonction de l\u2019av\u00e9rage, puis du plus grand nombre de points marqu\u00e9s.<br \/>Dernier set pour le classement final\u00a0: 12\u00e8me contre 11\u00e8me, 10\u00e8me contre 9\u00e8me, etc\u2026<\/strong><br \/>Remise des prix \u00e0 la caf\u00e9t\u00e9ria apr\u00e8s les rencontres, vers 17.30<br \/>Tout point non pr\u00e9vu au r\u00e8glement sera tranch\u00e9 par le comit\u00e9 organisateur.Le comit\u00e9 du Net-Volley Angleur<\/td>\n<\/tr>\n<\/tbody>\n<\/table>\n<\/figure>\n\t\t\t\t\t\t\t\t<\/div>\n\t\t\t\t<\/div>\n\t\t\t\t\t<\/div>\n\t\t<\/div>\n\t\t\t\t\t<\/div>\n\t\t<\/section>\n\t\t\t\t<\/div>\n\t\t","protected":false},"excerpt":{"rendered":"<p>Tournoi D3 du 29 ao\u00fbt 2016 Pour la petite histoire : Les \u00ab\u00a0Ducs\u00a0\u00bb se sont impos\u00e9s devant soumagne, Malmedy, Aubel, Huy, Calidis, Angleur A, Angleur [&hellip;]<\/p>\n","protected":false},"author":1,"featured_media":0,"parent":0,"menu_order":0,"comment_status":"closed","ping_status":"closed","template":"","meta":{"footnotes":""},"class_list":["post-1570","page","type-page","status-publish","hentry"],"_links":{"self":[{"href":"https:\/\/www.netvolleyangleur.be\/index.php\/wp-json\/wp\/v2\/pages\/1570","targetHints":{"allow":["GET"]}}],"collection":[{"href":"https:\/\/www.netvolleyangleur.be\/index.php\/wp-json\/wp\/v2\/pages"}],"about":[{"href":"https:\/\/www.netvolleyangleur.be\/index.php\/wp-json\/wp\/v2\/types\/page"}],"author":[{"embeddable":true,"href":"https:\/\/www.netvolleyangleur.be\/index.php\/wp-json\/wp\/v2\/users\/1"}],"replies":[{"embeddable":true,"href":"https:\/\/www.netvolleyangleur.be\/index.php\/wp-json\/wp\/v2\/comments?post=1570"}],"version-history":[{"count":6,"href":"https:\/\/www.netvolleyangleur.be\/index.php\/wp-json\/wp\/v2\/pages\/1570\/revisions"}],"predecessor-version":[{"id":6429,"href":"https:\/\/www.netvolleyangleur.be\/index.php\/wp-json\/wp\/v2\/pages\/1570\/revisions\/6429"}],"wp:attachment":[{"href":"https:\/\/www.netvolleyangleur.be\/index.php\/wp-json\/wp\/v2\/media?parent=1570"}],"curies":[{"name":"wp","href":"https:\/\/api.w.org\/{rel}","templated":true}]}}