{"id":1630,"date":"2023-05-20T12:55:45","date_gmt":"2023-05-20T10:55:45","guid":{"rendered":"https:\/\/www.netvolleyangleur.be\/netvolley.angleur@gmail.com\/?page_id=1630"},"modified":"2023-08-04T13:49:54","modified_gmt":"2023-08-04T11:49:54","slug":"tournoi-aout-2012","status":"publish","type":"page","link":"https:\/\/www.netvolleyangleur.be\/index.php\/tournoi-aout-2012\/","title":{"rendered":"Tournoi D1 et Dames 1 Ao\u00fbt 2012"},"content":{"rendered":"\t\t<div data-elementor-type=\"wp-page\" data-elementor-id=\"1630\" class=\"elementor elementor-1630\">\n\t\t\t\t\t\t<section class=\"elementor-section elementor-top-section elementor-element elementor-element-4681bf17 elementor-section-boxed elementor-section-height-default elementor-section-height-default\" data-id=\"4681bf17\" data-element_type=\"section\" data-e-type=\"section\">\n\t\t\t\t\t\t<div class=\"elementor-container elementor-column-gap-default\">\n\t\t\t\t\t<div class=\"elementor-column elementor-col-100 elementor-top-column elementor-element elementor-element-67e4d85d\" data-id=\"67e4d85d\" data-element_type=\"column\" data-e-type=\"column\">\n\t\t\t<div class=\"elementor-widget-wrap elementor-element-populated\">\n\t\t\t\t\t\t<div class=\"elementor-element elementor-element-e9f7e1e elementor-widget elementor-widget-text-editor\" data-id=\"e9f7e1e\" data-element_type=\"widget\" data-e-type=\"widget\" data-widget_type=\"text-editor.default\">\n\t\t\t\t<div class=\"elementor-widget-container\">\n\t\t\t\t\t\t\t\t\t\n<p>\u00a0<\/p>\n\n<p style=\"text-align: center;\"><span style=\"color: #800080;\"><strong><u>Le 30 Ao\u00fbt 2012<\/u><\/strong><\/span><\/p>\n<div align=\"center\">\n<table border=\"0\" width=\"674\" cellspacing=\"0\">\n<tbody>\n<tr>\n<td align=\"center\" valign=\"top\" width=\"30\" height=\"82\">\n<div align=\"right\"><strong><span style=\"color: #000000;\">D1:\u00a0 \u00a0<\/span><\/strong><\/div>\n<\/td>\n<td align=\"center\" valign=\"top\" width=\"89\" height=\"82\">\n<p align=\"left\"><strong><span style=\"color: #000000;\">FLEMALLE HERVE INTREPIDES HUY ANGLEUR<\/span><\/strong><\/p>\n<\/td>\n<td align=\"center\" valign=\"top\" width=\"50\" height=\"82\">\u00a0<\/td>\n<td align=\"center\" valign=\"top\" width=\"175\" height=\"82\">\u00a0<\/td>\n<td align=\"center\" valign=\"top\" width=\"68\" height=\"82\">\u00a0<\/td>\n<td align=\"center\" valign=\"top\" width=\"116\">\n<div align=\"right\">\n<p><strong><span style=\"color: #000000;\">DA 1 :<\/span><\/strong><\/p>\n<p>\u00a0<\/p>\n<\/div>\n<\/td>\n<td align=\"center\" valign=\"top\" width=\"89\" height=\"82\">\n<p align=\"left\"><strong><span style=\"color: #000000;\">DOLHAIN ANGLEUR 2 INTREPIDES ANGLEUR 1<\/span><\/strong><\/p>\n<\/td>\n<td align=\"center\" valign=\"top\" width=\"44\" height=\"82\">\u00a0<\/td>\n<\/tr>\n<tr>\n<td colspan=\"8\" align=\"center\" valign=\"top\" height=\"22\"><img decoding=\"async\" class=\"alignnone size-full wp-image-7310\" src=\"https:\/\/www.netvolleyangleur.be\/wp-content\/uploads\/2023\/08\/anim_120830.gif\" alt=\"\" width=\"256\" height=\"192\" \/><\/td>\n<\/tr>\n<tr>\n<td colspan=\"4\" align=\"center\" valign=\"top\" height=\"222\">\n<p><strong><span style=\"color: #0000ff;\">Intr\u00e9pides Dames<\/span><\/strong><\/p>\n<p><img fetchpriority=\"high\" decoding=\"async\" class=\"alignnone size-medium wp-image-7311\" src=\"https:\/\/www.netvolleyangleur.be\/wp-content\/uploads\/2023\/08\/IMG_6911-300x225.jpg\" alt=\"\" width=\"300\" height=\"225\" srcset=\"https:\/\/www.netvolleyangleur.be\/wp-content\/uploads\/2023\/08\/IMG_6911-300x225.jpg 300w, https:\/\/www.netvolleyangleur.be\/wp-content\/uploads\/2023\/08\/IMG_6911.jpg 448w\" sizes=\"(max-width: 300px) 100vw, 300px\" \/><\/p>\n<p>\u00a0<\/p>\n<p>\u00a0<\/p>\n<\/td>\n<td colspan=\"4\" align=\"center\" valign=\"top\" height=\"222\">\n<p><strong><span style=\"color: #0000ff;\">Intr\u00e9pides<\/span><\/strong><\/p>\n<p><img decoding=\"async\" class=\"alignnone size-medium wp-image-7312\" src=\"https:\/\/www.netvolleyangleur.be\/wp-content\/uploads\/2023\/08\/IMG_6916-300x225.jpg\" alt=\"\" width=\"300\" height=\"225\" srcset=\"https:\/\/www.netvolleyangleur.be\/wp-content\/uploads\/2023\/08\/IMG_6916-300x225.jpg 300w, https:\/\/www.netvolleyangleur.be\/wp-content\/uploads\/2023\/08\/IMG_6916.jpg 448w\" sizes=\"(max-width: 300px) 100vw, 300px\" \/><\/p>\n<\/td>\n<\/tr>\n<tr>\n<td colspan=\"4\" align=\"center\" valign=\"top\" height=\"82\">\n<p><strong><span style=\"color: #0000ff;\">Dolhain Dames<\/span><\/strong><\/p>\n<p><img loading=\"lazy\" decoding=\"async\" class=\"alignnone size-medium wp-image-7313\" src=\"https:\/\/www.netvolleyangleur.be\/wp-content\/uploads\/2023\/08\/IMG_6919-300x225.jpg\" alt=\"\" width=\"300\" height=\"225\" srcset=\"https:\/\/www.netvolleyangleur.be\/wp-content\/uploads\/2023\/08\/IMG_6919-300x225.jpg 300w, https:\/\/www.netvolleyangleur.be\/wp-content\/uploads\/2023\/08\/IMG_6919.jpg 448w\" sizes=\"(max-width: 300px) 100vw, 300px\" \/><\/p>\n<\/td>\n<td colspan=\"4\" align=\"center\" valign=\"top\" height=\"82\">\n<p><strong><span style=\"color: #0000ff;\">Angleur Dames 1<\/span><\/strong><\/p>\n<p><img loading=\"lazy\" decoding=\"async\" class=\"alignnone size-medium wp-image-7314\" src=\"https:\/\/www.netvolleyangleur.be\/wp-content\/uploads\/2023\/08\/IMG_6920-300x220.jpg\" alt=\"\" width=\"300\" height=\"220\" srcset=\"https:\/\/www.netvolleyangleur.be\/wp-content\/uploads\/2023\/08\/IMG_6920-300x220.jpg 300w, https:\/\/www.netvolleyangleur.be\/wp-content\/uploads\/2023\/08\/IMG_6920.jpg 448w\" sizes=\"(max-width: 300px) 100vw, 300px\" \/><\/p>\n<p>\u00a0<\/p>\n<p>\u00a0<\/p>\n<\/td>\n<\/tr>\n<tr>\n<td colspan=\"4\" align=\"center\" valign=\"top\" height=\"229\">\n<p><span style=\"color: #0000ff;\"><strong>Angleur Dames 2<\/strong><\/span><\/p>\n<p><img loading=\"lazy\" decoding=\"async\" class=\"alignnone size-medium wp-image-7315\" src=\"https:\/\/www.netvolleyangleur.be\/wp-content\/uploads\/2023\/08\/IMG_6923-300x225.jpg\" alt=\"\" width=\"300\" height=\"225\" srcset=\"https:\/\/www.netvolleyangleur.be\/wp-content\/uploads\/2023\/08\/IMG_6923-300x225.jpg 300w, https:\/\/www.netvolleyangleur.be\/wp-content\/uploads\/2023\/08\/IMG_6923.jpg 448w\" sizes=\"(max-width: 300px) 100vw, 300px\" \/><\/p>\n<\/td>\n<td colspan=\"4\" align=\"center\" valign=\"top\" height=\"229\">\n<p><strong><span style=\"color: #0000ff;\">Herve<\/span><\/strong><\/p>\n<p><img loading=\"lazy\" decoding=\"async\" class=\"alignnone size-medium wp-image-7316\" src=\"https:\/\/www.netvolleyangleur.be\/wp-content\/uploads\/2023\/08\/IMG_6925-300x225.jpg\" alt=\"\" width=\"300\" height=\"225\" srcset=\"https:\/\/www.netvolleyangleur.be\/wp-content\/uploads\/2023\/08\/IMG_6925-300x225.jpg 300w, https:\/\/www.netvolleyangleur.be\/wp-content\/uploads\/2023\/08\/IMG_6925.jpg 448w\" sizes=\"(max-width: 300px) 100vw, 300px\" \/><\/p>\n<p>\u00a0<\/p>\n<\/td>\n<\/tr>\n<tr>\n<td colspan=\"4\" align=\"center\" valign=\"top\" height=\"20\">\n<p>\u00a0<\/p>\n<p><span style=\"color: #0000ff;\"><strong>Huy<\/strong><\/span><\/p>\n<p><img loading=\"lazy\" decoding=\"async\" class=\"alignnone size-medium wp-image-7317\" src=\"https:\/\/www.netvolleyangleur.be\/wp-content\/uploads\/2023\/08\/IMG_6927-300x225.jpg\" alt=\"\" width=\"300\" height=\"225\" srcset=\"https:\/\/www.netvolleyangleur.be\/wp-content\/uploads\/2023\/08\/IMG_6927-300x225.jpg 300w, https:\/\/www.netvolleyangleur.be\/wp-content\/uploads\/2023\/08\/IMG_6927.jpg 448w\" sizes=\"(max-width: 300px) 100vw, 300px\" \/><\/p>\n<\/td>\n<td colspan=\"4\" align=\"center\" valign=\"top\" height=\"20\">\n<p>\u00a0<\/p>\n<p><span style=\"color: #0000ff;\"><strong>Fl\u00e9malle<\/strong><\/span><\/p>\n<p><img loading=\"lazy\" decoding=\"async\" class=\"alignnone size-medium wp-image-7318\" src=\"https:\/\/www.netvolleyangleur.be\/wp-content\/uploads\/2023\/08\/IMG_6928-300x225.jpg\" alt=\"\" width=\"300\" height=\"225\" srcset=\"https:\/\/www.netvolleyangleur.be\/wp-content\/uploads\/2023\/08\/IMG_6928-300x225.jpg 300w, https:\/\/www.netvolleyangleur.be\/wp-content\/uploads\/2023\/08\/IMG_6928.jpg 448w\" sizes=\"(max-width: 300px) 100vw, 300px\" \/><\/p>\n<\/td>\n<\/tr>\n<tr>\n<td colspan=\"8\" align=\"center\" valign=\"top\" height=\"20\">\n<p>\u00a0<\/p>\n<p><strong><span style=\"color: #0000ff;\">Angleur en vrac&#8230;<\/span><\/strong><\/p>\n<p><img loading=\"lazy\" decoding=\"async\" class=\"alignnone size-full wp-image-7319\" src=\"https:\/\/www.netvolleyangleur.be\/wp-content\/uploads\/2023\/08\/vrac_d1b.gif\" alt=\"\" width=\"256\" height=\"192\" \/><\/p>\n<p>\u00a0<\/p>\n<\/td>\n<\/tr>\n<\/tbody>\n<\/table>\n<p>\u00a0<\/p>\n<p>\u00a0<\/p>\n<table border=\"1\" cellspacing=\"1\">\n<tbody>\n<tr>\n<td align=\"center\" valign=\"top\" height=\"20\">\n<div align=\"center\"><strong>HORAIRE<\/strong><\/div>\n<\/td>\n<td colspan=\"2\" align=\"center\" valign=\"top\" height=\"20\">\n<div align=\"center\"><strong>TERRAIN A<\/strong><\/div>\n<\/td>\n<td colspan=\"2\" align=\"center\" valign=\"top\" height=\"20\">\n<div align=\"center\"><strong>TERRAIN B<\/strong><\/div>\n<\/td>\n<td colspan=\"2\" align=\"center\" valign=\"top\" height=\"20\">\n<div align=\"center\"><strong>TERRAIN C<\/strong><\/div>\n<\/td>\n<\/tr>\n<tr>\n<td align=\"center\" valign=\"top\" height=\"20\">\n<div align=\"center\"><strong>12:45<\/strong><\/div>\n<\/td>\n<td align=\"center\" valign=\"top\" bgcolor=\"#CC9900\" height=\"20\">\n<div align=\"center\"><strong>HERVE<\/strong><\/div>\n<\/td>\n<td align=\"center\" valign=\"top\" bgcolor=\"#0066FF\" height=\"20\">\n<div align=\"center\"><strong><span style=\"color: #ffffff;\">ANGLEUR<\/span><\/strong><\/div>\n<\/td>\n<td align=\"center\" valign=\"top\" bgcolor=\"#33CC00\" height=\"20\">\n<div align=\"center\"><strong>HUY<\/strong><\/div>\n<\/td>\n<td align=\"center\" valign=\"top\" bgcolor=\"#FF0000\" height=\"20\">\n<div align=\"center\"><strong><span style=\"color: #ffffff;\">INTR\u00c9PIDES<\/span><\/strong><\/div>\n<\/td>\n<td align=\"center\" valign=\"top\" bgcolor=\"#66FF00\">\n<div align=\"center\">\u00a0<\/div>\n<\/td>\n<td align=\"center\" valign=\"top\" bgcolor=\"#FF9933\" height=\"20\">\n<div align=\"center\"><strong>DOLHAIN DA<\/strong><\/div>\n<\/td>\n<\/tr>\n<tr>\n<td align=\"center\" valign=\"top\" height=\"20\">\n<div align=\"center\"><strong>13 :20<\/strong><\/div>\n<\/td>\n<td align=\"center\" valign=\"top\" bgcolor=\"#CC9900\" height=\"20\">\n<div align=\"center\"><strong>HERVE<\/strong><\/div>\n<\/td>\n<td align=\"center\" valign=\"top\" bgcolor=\"#9900FF\" height=\"20\">\n<div align=\"center\"><strong><span style=\"color: #ffffff;\">FLEMALLE<\/span><\/strong><\/div>\n<\/td>\n<td align=\"center\" valign=\"top\" bgcolor=\"#0099FF\" height=\"20\">\n<div align=\"center\"><strong>ANGLEUR DA<\/strong><\/div>\n<\/td>\n<td align=\"center\" valign=\"top\" bgcolor=\"#FF9933\" height=\"20\">\n<div align=\"center\"><strong>DOLHAIN DA<\/strong><\/div>\n<\/td>\n<td align=\"center\" valign=\"top\" bgcolor=\"#CCCC00\">\n<div align=\"center\"><strong>ANGLEUR DA2<\/strong><\/div>\n<\/td>\n<td align=\"center\" valign=\"top\" bgcolor=\"#FF99FF\" height=\"20\">\n<div align=\"center\"><strong>INTREPIDES DA<\/strong><\/div>\n<\/td>\n<\/tr>\n<tr>\n<td align=\"center\" valign=\"top\" height=\"20\">\n<div align=\"center\"><strong>13 :55<\/strong><\/div>\n<\/td>\n<td align=\"center\" valign=\"top\" bgcolor=\"#33CC00\" height=\"20\">\n<div align=\"center\"><strong>HUY<\/strong><\/div>\n<\/td>\n<td align=\"center\" valign=\"top\" bgcolor=\"#0066FF\" height=\"20\">\n<div align=\"center\"><strong><span style=\"color: #ffffff;\">ANGLEUR<\/span><\/strong><\/div>\n<\/td>\n<td align=\"center\" valign=\"top\" bgcolor=\"#FF99FF\" height=\"20\">\n<div align=\"center\"><strong>INTREPIDES DA<\/strong><\/div>\n<\/td>\n<td align=\"center\" valign=\"top\" bgcolor=\"#66FF00\" height=\"20\">\n<div align=\"center\">\u00a0<\/div>\n<\/td>\n<td align=\"center\" valign=\"top\" bgcolor=\"#0099FF\">\n<div align=\"center\"><strong>ANGLEUR DA<\/strong><\/div>\n<\/td>\n<td align=\"center\" valign=\"top\" bgcolor=\"#CCCC00\" height=\"20\">\n<div align=\"center\"><strong>ANGLEUR DA2<\/strong><\/div>\n<\/td>\n<\/tr>\n<tr>\n<td align=\"center\" valign=\"top\" height=\"20\">\n<div align=\"center\"><strong>14 :30<\/strong><\/div>\n<\/td>\n<td align=\"center\" valign=\"top\" bgcolor=\"#9900FF\" height=\"20\">\n<div align=\"center\"><strong><span style=\"color: #ffffff;\">FLEMALLE<\/span><\/strong><\/div>\n<\/td>\n<td align=\"center\" valign=\"top\" bgcolor=\"#FF0000\" height=\"20\">\n<div align=\"center\"><strong><span style=\"color: #ffffff;\">INTREPIDES<\/span><\/strong><\/div>\n<\/td>\n<td align=\"center\" valign=\"top\" bgcolor=\"#CC9900\" height=\"20\">\n<div align=\"center\"><strong>HERVE<\/strong><\/div>\n<\/td>\n<td align=\"center\" valign=\"top\" bgcolor=\"#33CC00\" height=\"20\">\n<div align=\"center\"><strong>HUY<\/strong><\/div>\n<\/td>\n<td align=\"center\" valign=\"top\" bgcolor=\"#FFFFFF\">\n<div align=\"center\">\u00a0<\/div>\n<\/td>\n<td align=\"center\" valign=\"top\" bgcolor=\"#FFFFFF\" height=\"20\">\n<div align=\"center\">\u00a0<\/div>\n<\/td>\n<\/tr>\n<tr>\n<td align=\"center\" valign=\"top\" height=\"20\">\n<div align=\"center\"><strong>15 :05<\/strong><\/div>\n<\/td>\n<td align=\"center\" valign=\"top\" bgcolor=\"#0066FF\" height=\"20\">\n<div align=\"center\"><strong><span style=\"color: #ffffff;\">ANGLEUR<\/span><\/strong><\/div>\n<\/td>\n<td align=\"center\" valign=\"top\" bgcolor=\"#FF0000\" height=\"20\">\n<div align=\"center\"><strong><span style=\"color: #ffffff;\">INTREPIDES<\/span><\/strong><\/div>\n<\/td>\n<td align=\"center\" valign=\"top\" bgcolor=\"#FF9933\" height=\"20\">\n<div align=\"center\"><strong>DOLHAIN DA<\/strong><\/div>\n<\/td>\n<td align=\"center\" valign=\"top\" bgcolor=\"#FF99FF\" height=\"20\">\n<div align=\"center\"><strong>INTREPIDES DA<\/strong><\/div>\n<\/td>\n<td align=\"center\" valign=\"top\" bgcolor=\"#66FF00\">\n<div align=\"center\">\u00a0<\/div>\n<\/td>\n<td align=\"center\" valign=\"top\" bgcolor=\"#CCCC00\" height=\"20\">\n<div align=\"center\"><strong>ANGLEUR DA2<\/strong><\/div>\n<\/td>\n<\/tr>\n<tr>\n<td align=\"center\" valign=\"top\" height=\"20\">\n<div align=\"center\"><strong>15 :40<\/strong><\/div>\n<\/td>\n<td align=\"center\" valign=\"top\" bgcolor=\"#0066FF\" height=\"20\">\n<div align=\"center\"><strong><span style=\"color: #ffffff;\">ANGLEUR<\/span><\/strong><\/div>\n<\/td>\n<td align=\"center\" valign=\"top\" bgcolor=\"#9900FF\" height=\"20\">\n<div align=\"center\"><strong><span style=\"color: #ffffff;\">FLEMALLE<\/span><\/strong><\/div>\n<\/td>\n<td align=\"center\" valign=\"top\" bgcolor=\"#0099FF\" height=\"20\">\n<div align=\"center\"><strong>ANGLEUR DA<\/strong><\/div>\n<\/td>\n<td align=\"center\" valign=\"top\" bgcolor=\"#66FF00\" height=\"20\">\n<div align=\"center\">\u00a0<\/div>\n<\/td>\n<td align=\"center\" valign=\"top\" bgcolor=\"#FF9933\">\n<div align=\"center\"><strong>DOLHAIN DA<\/strong><\/div>\n<\/td>\n<td align=\"center\" valign=\"top\" bgcolor=\"#CCCC00\" height=\"20\">\n<div align=\"center\"><strong>ANGLEUR DA2<\/strong><\/div>\n<\/td>\n<\/tr>\n<tr>\n<td align=\"center\" valign=\"top\" width=\"62\" height=\"20\">\n<div align=\"center\"><strong>16 :15<\/strong><\/div>\n<\/td>\n<td align=\"center\" valign=\"top\" bgcolor=\"#FF0000\" width=\"89\" height=\"20\">\n<div align=\"center\"><strong><span style=\"color: #ffffff;\">INTREPIDES<\/span><\/strong><\/div>\n<\/td>\n<td align=\"center\" valign=\"top\" bgcolor=\"#CC9900\" width=\"75\" height=\"20\">\n<div align=\"center\"><strong>HERVE<\/strong><\/div>\n<\/td>\n<td align=\"center\" valign=\"top\" bgcolor=\"#33CC00\" width=\"83\" height=\"20\">\n<div align=\"center\"><strong>HUY<\/strong><\/div>\n<\/td>\n<td align=\"center\" valign=\"top\" bgcolor=\"#9900FF\" width=\"83\" height=\"20\">\n<div align=\"center\"><strong><span style=\"color: #ffffff;\">FLEMALLE<\/span><\/strong><\/div>\n<\/td>\n<td align=\"center\" valign=\"top\" bgcolor=\"#FF99FF\" width=\"84\">\n<div align=\"center\"><strong>INTREPIDES DA<\/strong><\/div>\n<\/td>\n<td align=\"center\" valign=\"top\" bgcolor=\"#0099FF\" height=\"20\">\n<div align=\"center\"><strong>ANGLEUR DA<\/strong><\/div>\n<\/td>\n<\/tr>\n<\/tbody>\n<\/table>\n<\/div>\n<blockquote>\n<div align=\"left\">REGLEMENT<br \/>Rencontres de 25 minutes sans limites de points \u2013 P\u00e9riodes de 35 minutes.<br \/>2 temps-morts autoris\u00e9s par \u00e9quipe par rencontre \u2013 Pas de temps-mort ni de remplacement pendant les 5 derni\u00e8res minutes de jeu<br \/>Match nul autoris\u00e9 \u2013 Le dernier point en jeu \u00e0 la fin des 25 minutes compte<br \/>Classement final en fonction des points obtenus : 2 points si victoire, 1 point si match nul et 0 si d\u00e9faite<br \/>En cas d\u2019\u00e9galit\u00e9 au classement final, d\u00e9partage en fonction de l\u2019av\u00e9rage, puis du plus grand nombre de points marqu\u00e9s<br \/>Remise des prix \u00e0 la caf\u00e9taria apr\u00e8s les rencontres, vers 17.00<br \/>Tout point non pr\u00e9vu au r\u00e8glement sera tranch\u00e9 par le comit\u00e9 organisateur.<\/div>\n<\/blockquote>\n\t\t\t\t\t\t\t\t<\/div>\n\t\t\t\t<\/div>\n\t\t\t\t\t<\/div>\n\t\t<\/div>\n\t\t\t\t\t<\/div>\n\t\t<\/section>\n\t\t\t\t<\/div>\n\t\t","protected":false},"excerpt":{"rendered":"<p>\u00a0 Le 30 Ao\u00fbt 2012 D1:\u00a0 \u00a0 FLEMALLE HERVE INTREPIDES HUY ANGLEUR \u00a0 \u00a0 \u00a0 DA 1 : \u00a0 DOLHAIN ANGLEUR 2 INTREPIDES ANGLEUR 1 [&hellip;]<\/p>\n","protected":false},"author":1,"featured_media":0,"parent":0,"menu_order":0,"comment_status":"closed","ping_status":"closed","template":"","meta":{"footnotes":""},"class_list":["post-1630","page","type-page","status-publish","hentry"],"_links":{"self":[{"href":"https:\/\/www.netvolleyangleur.be\/index.php\/wp-json\/wp\/v2\/pages\/1630","targetHints":{"allow":["GET"]}}],"collection":[{"href":"https:\/\/www.netvolleyangleur.be\/index.php\/wp-json\/wp\/v2\/pages"}],"about":[{"href":"https:\/\/www.netvolleyangleur.be\/index.php\/wp-json\/wp\/v2\/types\/page"}],"author":[{"embeddable":true,"href":"https:\/\/www.netvolleyangleur.be\/index.php\/wp-json\/wp\/v2\/users\/1"}],"replies":[{"embeddable":true,"href":"https:\/\/www.netvolleyangleur.be\/index.php\/wp-json\/wp\/v2\/comments?post=1630"}],"version-history":[{"count":9,"href":"https:\/\/www.netvolleyangleur.be\/index.php\/wp-json\/wp\/v2\/pages\/1630\/revisions"}],"predecessor-version":[{"id":7322,"href":"https:\/\/www.netvolleyangleur.be\/index.php\/wp-json\/wp\/v2\/pages\/1630\/revisions\/7322"}],"wp:attachment":[{"href":"https:\/\/www.netvolleyangleur.be\/index.php\/wp-json\/wp\/v2\/media?parent=1630"}],"curies":[{"name":"wp","href":"https:\/\/api.w.org\/{rel}","templated":true}]}}