{"id":1656,"date":"2023-05-20T13:06:52","date_gmt":"2023-05-20T11:06:52","guid":{"rendered":"https:\/\/www.netvolleyangleur.be\/netvolley.angleur@gmail.com\/?page_id=1656"},"modified":"2023-08-03T14:59:35","modified_gmt":"2023-08-03T12:59:35","slug":"tournoi-aout-2014","status":"publish","type":"page","link":"https:\/\/www.netvolleyangleur.be\/index.php\/tournoi-aout-2014\/","title":{"rendered":"Tournoi Dames 1 et D1 Ao\u00fbt 2014"},"content":{"rendered":"\t\t<div data-elementor-type=\"wp-page\" data-elementor-id=\"1656\" class=\"elementor elementor-1656\">\n\t\t\t\t\t\t<section class=\"elementor-section elementor-top-section elementor-element elementor-element-506e494 elementor-section-boxed elementor-section-height-default elementor-section-height-default\" data-id=\"506e494\" data-element_type=\"section\" data-e-type=\"section\">\n\t\t\t\t\t\t<div class=\"elementor-container elementor-column-gap-default\">\n\t\t\t\t\t<div class=\"elementor-column elementor-col-100 elementor-top-column elementor-element elementor-element-336b14e\" data-id=\"336b14e\" data-element_type=\"column\" data-e-type=\"column\">\n\t\t\t<div class=\"elementor-widget-wrap elementor-element-populated\">\n\t\t\t\t\t\t<div class=\"elementor-element elementor-element-1fd65960 elementor-widget elementor-widget-text-editor\" data-id=\"1fd65960\" data-element_type=\"widget\" data-e-type=\"widget\" data-widget_type=\"text-editor.default\">\n\t\t\t\t<div class=\"elementor-widget-container\">\n\t\t\t\t\t\t\t\t\t\n<p style=\"text-align: center;\"><span style=\"color: #008000;\"><strong><em>Le 26 ao\u00fbt 2014<\/em><\/strong><\/span><\/p>\n<p>\u00a0<\/p>\n<table border=\"0\" width=\"855\" cellspacing=\"1\">\n<tbody>\n<tr>\n<td colspan=\"3\" align=\"center\" valign=\"top\" height=\"32\">\n<p><span style=\"color: #800080;\"><strong>Les \u00e9quipes suivant la performance du jour!<\/strong><\/span><\/p>\n<\/td>\n<\/tr>\n<tr>\n<td align=\"center\" valign=\"top\" height=\"1040\">\n<p><img fetchpriority=\"high\" decoding=\"async\" class=\"alignnone size-medium wp-image-6877\" src=\"https:\/\/www.netvolleyangleur.be\/wp-content\/uploads\/2023\/08\/equipe-U3A-D-300x225.jpg\" alt=\"\" width=\"300\" height=\"225\" srcset=\"https:\/\/www.netvolleyangleur.be\/wp-content\/uploads\/2023\/08\/equipe-U3A-D-300x225.jpg 300w, https:\/\/www.netvolleyangleur.be\/wp-content\/uploads\/2023\/08\/equipe-U3A-D-768x577.jpg 768w, https:\/\/www.netvolleyangleur.be\/wp-content\/uploads\/2023\/08\/equipe-U3A-D.jpg 1023w\" sizes=\"(max-width: 300px) 100vw, 300px\" \/> <span style=\"color: #0000ff;\"><strong>U3A<\/strong><\/span><\/p>\n<p><span style=\"color: #0000ff;\"><strong>Huy <img decoding=\"async\" class=\"alignnone size-medium wp-image-6879\" src=\"https:\/\/www.netvolleyangleur.be\/wp-content\/uploads\/2023\/08\/equipe-Huy-D-300x225.jpg\" alt=\"\" width=\"300\" height=\"225\" srcset=\"https:\/\/www.netvolleyangleur.be\/wp-content\/uploads\/2023\/08\/equipe-Huy-D-300x225.jpg 300w, https:\/\/www.netvolleyangleur.be\/wp-content\/uploads\/2023\/08\/equipe-Huy-D-768x576.jpg 768w, https:\/\/www.netvolleyangleur.be\/wp-content\/uploads\/2023\/08\/equipe-Huy-D.jpg 1024w\" sizes=\"(max-width: 300px) 100vw, 300px\" \/><\/strong><\/span><\/p>\n<p><span style=\"color: #0000ff;\"><strong><img decoding=\"async\" class=\"alignnone size-medium wp-image-6881\" src=\"https:\/\/www.netvolleyangleur.be\/wp-content\/uploads\/2023\/08\/equipe-intrepides-D-300x224.jpg\" alt=\"\" width=\"300\" height=\"224\" srcset=\"https:\/\/www.netvolleyangleur.be\/wp-content\/uploads\/2023\/08\/equipe-intrepides-D-300x224.jpg 300w, https:\/\/www.netvolleyangleur.be\/wp-content\/uploads\/2023\/08\/equipe-intrepides-D-768x574.jpg 768w, https:\/\/www.netvolleyangleur.be\/wp-content\/uploads\/2023\/08\/equipe-intrepides-D.jpg 1024w\" sizes=\"(max-width: 300px) 100vw, 300px\" \/> Intr\u00e9pides<\/strong><\/span><\/p>\n<p><strong><span style=\"color: #0000ff;\">Beyne<\/span><\/strong> <img loading=\"lazy\" decoding=\"async\" class=\"alignnone size-medium wp-image-6883\" src=\"https:\/\/www.netvolleyangleur.be\/wp-content\/uploads\/2023\/08\/equipe-Beynes-D-300x224.jpg\" alt=\"\" width=\"300\" height=\"224\" srcset=\"https:\/\/www.netvolleyangleur.be\/wp-content\/uploads\/2023\/08\/equipe-Beynes-D-300x224.jpg 300w, https:\/\/www.netvolleyangleur.be\/wp-content\/uploads\/2023\/08\/equipe-Beynes-D-768x575.jpg 768w, https:\/\/www.netvolleyangleur.be\/wp-content\/uploads\/2023\/08\/equipe-Beynes-D.jpg 1024w\" sizes=\"(max-width: 300px) 100vw, 300px\" \/><\/p>\n<p><img loading=\"lazy\" decoding=\"async\" class=\"alignnone size-medium wp-image-6885\" src=\"https:\/\/www.netvolleyangleur.be\/wp-content\/uploads\/2023\/08\/equipe-Angleur-Da-300x225.jpg\" alt=\"\" width=\"300\" height=\"225\" srcset=\"https:\/\/www.netvolleyangleur.be\/wp-content\/uploads\/2023\/08\/equipe-Angleur-Da-300x225.jpg 300w, https:\/\/www.netvolleyangleur.be\/wp-content\/uploads\/2023\/08\/equipe-Angleur-Da-768x576.jpg 768w, https:\/\/www.netvolleyangleur.be\/wp-content\/uploads\/2023\/08\/equipe-Angleur-Da.jpg 1024w\" sizes=\"(max-width: 300px) 100vw, 300px\" \/> <span style=\"color: #0000ff;\"><strong>Angleur<\/strong><\/span><\/p>\n<p>\u00a0<\/p>\n<\/td>\n<td align=\"center\" valign=\"top\" height=\"1040\">\u00a0<\/td>\n<td align=\"center\" valign=\"top\" height=\"1040\">\n<p><strong><span style=\"color: #0000ff;\"><img loading=\"lazy\" decoding=\"async\" class=\"alignnone size-medium wp-image-6878\" src=\"https:\/\/www.netvolleyangleur.be\/wp-content\/uploads\/2023\/08\/equipe-Angleur-M-300x224.jpg\" alt=\"\" width=\"300\" height=\"224\" srcset=\"https:\/\/www.netvolleyangleur.be\/wp-content\/uploads\/2023\/08\/equipe-Angleur-M-300x224.jpg 300w, https:\/\/www.netvolleyangleur.be\/wp-content\/uploads\/2023\/08\/equipe-Angleur-M-768x575.jpg 768w, https:\/\/www.netvolleyangleur.be\/wp-content\/uploads\/2023\/08\/equipe-Angleur-M.jpg 1024w\" sizes=\"(max-width: 300px) 100vw, 300px\" \/> Angleur<\/span><\/strong><\/p>\n<p><span style=\"color: #0000ff;\"><strong>Intr\u00e9pides <img loading=\"lazy\" decoding=\"async\" class=\"alignnone size-medium wp-image-6880\" src=\"https:\/\/www.netvolleyangleur.be\/wp-content\/uploads\/2023\/08\/equipe-intrepides-M-300x225.jpg\" alt=\"\" width=\"300\" height=\"225\" srcset=\"https:\/\/www.netvolleyangleur.be\/wp-content\/uploads\/2023\/08\/equipe-intrepides-M-300x225.jpg 300w, https:\/\/www.netvolleyangleur.be\/wp-content\/uploads\/2023\/08\/equipe-intrepides-M-768x577.jpg 768w, https:\/\/www.netvolleyangleur.be\/wp-content\/uploads\/2023\/08\/equipe-intrepides-M.jpg 1023w\" sizes=\"(max-width: 300px) 100vw, 300px\" \/><\/strong><\/span><\/p>\n<p><img loading=\"lazy\" decoding=\"async\" class=\"alignnone size-medium wp-image-6882\" src=\"https:\/\/www.netvolleyangleur.be\/wp-content\/uploads\/2023\/08\/huy-Angleur-300x169.gif\" alt=\"\" width=\"300\" height=\"169\" \/> <span style=\"color: #0000ff;\"><strong>Huy<\/strong><\/span><\/p>\n<p><span style=\"color: #0000ff;\"><strong>Neupr\u00e9 <img loading=\"lazy\" decoding=\"async\" class=\"alignnone size-medium wp-image-6884\" src=\"https:\/\/www.netvolleyangleur.be\/wp-content\/uploads\/2023\/08\/equipe-Neupre-300x225.jpg\" alt=\"\" width=\"300\" height=\"225\" srcset=\"https:\/\/www.netvolleyangleur.be\/wp-content\/uploads\/2023\/08\/equipe-Neupre-300x225.jpg 300w, https:\/\/www.netvolleyangleur.be\/wp-content\/uploads\/2023\/08\/equipe-Neupre-768x576.jpg 768w, https:\/\/www.netvolleyangleur.be\/wp-content\/uploads\/2023\/08\/equipe-Neupre.jpg 1024w\" sizes=\"(max-width: 300px) 100vw, 300px\" \/><\/strong><\/span><\/p>\n<p><img loading=\"lazy\" decoding=\"async\" class=\"alignnone size-medium wp-image-6886\" src=\"https:\/\/www.netvolleyangleur.be\/wp-content\/uploads\/2023\/08\/equipe-Herve-M-300x225.jpg\" alt=\"\" width=\"300\" height=\"225\" srcset=\"https:\/\/www.netvolleyangleur.be\/wp-content\/uploads\/2023\/08\/equipe-Herve-M-300x225.jpg 300w, https:\/\/www.netvolleyangleur.be\/wp-content\/uploads\/2023\/08\/equipe-Herve-M-768x576.jpg 768w, https:\/\/www.netvolleyangleur.be\/wp-content\/uploads\/2023\/08\/equipe-Herve-M.jpg 1024w\" sizes=\"(max-width: 300px) 100vw, 300px\" \/> <span style=\"color: #0000ff;\"><strong>Herve<\/strong><\/span><\/p>\n<\/td>\n<\/tr>\n<\/tbody>\n<\/table>\n\n<table border=\"0\" width=\"855\" cellspacing=\"1\">\n<tbody>\n<tr>\n<td align=\"center\" valign=\"top\" width=\"139\" height=\"25\">\n<p align=\"center\"><span style=\"color: #000000;\"><strong>D1:<\/strong><\/span><\/p>\n<\/td>\n<td align=\"center\" valign=\"top\" width=\"298\">\n<div align=\"left\"><span style=\"color: #000000;\"><strong>Angleur<\/strong><\/span><\/div>\n<div align=\"left\"><span style=\"color: #000000;\"><strong>Herve<br \/>Huy<br \/>Intr\u00e9pides<\/strong><\/span><\/div>\n<div align=\"left\"><span style=\"color: #000000;\"><strong>Neupr\u00e9<br \/><\/strong><\/span><\/div>\n<\/td>\n<td align=\"center\" valign=\"top\" width=\"133\">\u00a0<\/td>\n<td align=\"center\" valign=\"top\" width=\"48\" height=\"20\"><span style=\"color: #000000;\"><strong>Da 1\u00a0 \u00a0 \u00a0<\/strong><\/span><\/td>\n<td align=\"center\" valign=\"top\" width=\"221\" height=\"25\">\n<div align=\"left\"><strong><span style=\"color: #000000;\">\u00a0Angleur<\/span><br \/><span style=\"color: #000000;\">\u00a0Beyne<\/span><br \/><span style=\"color: #000000;\">\u00a0Huy<\/span><br \/><span style=\"color: #000000;\">\u00a0Intr\u00e9pides<\/span><br \/><span style=\"color: #000000;\">\u00a0U3A<\/span><br \/><\/strong><\/div>\n<\/td>\n<\/tr>\n<\/tbody>\n<\/table>\n<table border=\"1\" width=\"860\" cellspacing=\"1\">\n<tbody>\n<tr>\n<td align=\"center\" valign=\"top\" width=\"132\" height=\"24\">\n<p align=\"center\"><strong>Horaire<\/strong><\/p>\n<\/td>\n<td colspan=\"2\" align=\"center\" valign=\"top\"><strong>Terrain A<\/strong><\/td>\n<td colspan=\"2\" align=\"center\" valign=\"top\">\n<p><strong>Terrain B<\/strong><\/p>\n<\/td>\n<td colspan=\"2\" align=\"center\" valign=\"top\" height=\"24\"><strong>Terrain C<\/strong><\/td>\n<\/tr>\n<tr>\n<td align=\"center\" valign=\"top\" height=\"20\"><strong>12:45<\/strong><\/td>\n<td align=\"center\" valign=\"top\" bgcolor=\"#FF00FF\" width=\"113\"><strong>Neupr\u00e9<\/strong><\/td>\n<td align=\"center\" valign=\"top\" bgcolor=\"#0099FF\" width=\"115\"><strong>Angleur<\/strong><\/td>\n<td align=\"center\" valign=\"top\" bgcolor=\"#FFFF00\" width=\"117\"><strong>Huy<\/strong><\/td>\n<td align=\"center\" valign=\"top\" bgcolor=\"#CCCCCC\" width=\"113\"><strong>Intr\u00e9pides<\/strong><\/td>\n<td align=\"center\" valign=\"top\" bgcolor=\"#FFCCFF\" width=\"113\" height=\"20\"><strong>Beyne Da<\/strong><\/td>\n<td align=\"center\" valign=\"top\" bgcolor=\"#CC66FF\" width=\"119\" height=\"20\"><strong>Intr\u00e9pides Da<\/strong><\/td>\n<\/tr>\n<tr>\n<td align=\"center\" valign=\"top\" height=\"24\"><strong>13:20<\/strong><\/td>\n<td align=\"center\" valign=\"top\" bgcolor=\"#FF00FF\"><strong>Neupr\u00e9<\/strong><\/td>\n<td align=\"center\" valign=\"top\" bgcolor=\"#00FF00\"><strong>Herve<\/strong><\/td>\n<td align=\"center\" valign=\"top\" bgcolor=\"#FFFF99\"><strong>Huy Da<\/strong><\/td>\n<td align=\"center\" valign=\"top\" bgcolor=\"#00FFFF\"><strong>Angleur Da<\/strong><\/td>\n<td align=\"center\" valign=\"top\" bgcolor=\"#FF0000\" height=\"24\"><strong>U3A Da<\/strong><\/td>\n<td align=\"center\" valign=\"top\" bgcolor=\"#CC66FF\" height=\"24\"><strong>Intr\u00e9pides Da<\/strong><\/td>\n<\/tr>\n<tr>\n<td align=\"center\" valign=\"top\" height=\"28\"><strong>13:55<\/strong><\/td>\n<td align=\"center\" valign=\"top\" bgcolor=\"#FFFF00\"><strong>Huy<\/strong><\/td>\n<td align=\"center\" valign=\"top\" bgcolor=\"#00FF00\"><strong>Herve<\/strong><\/td>\n<td align=\"center\" valign=\"top\" bgcolor=\"#FFCCFF\"><strong>Beyne Da<\/strong><\/td>\n<td align=\"center\" valign=\"top\" bgcolor=\"#00FFFF\"><strong>Angleur Da<\/strong><\/td>\n<td align=\"center\" valign=\"top\" bgcolor=\"#FF0000\" height=\"28\"><strong>U3a Da<\/strong><\/td>\n<td align=\"center\" valign=\"top\" bgcolor=\"#FFFF66\" height=\"28\"><strong>Huy Da<\/strong><\/td>\n<\/tr>\n<tr>\n<td align=\"center\" valign=\"top\" height=\"29\"><strong>14:30<\/strong><\/td>\n<td align=\"center\" valign=\"top\" bgcolor=\"#FF00FF\"><strong>Neupr\u00e9<\/strong><\/td>\n<td align=\"center\" valign=\"top\" bgcolor=\"#FFFF00\"><strong>Huy<\/strong><\/td>\n<td align=\"center\" valign=\"top\" bgcolor=\"#CCCCCC\"><strong>Intr\u00e9pides<\/strong><\/td>\n<td align=\"center\" valign=\"top\" bgcolor=\"#0099FF\"><strong>Angleur<\/strong><\/td>\n<td align=\"center\" valign=\"top\" height=\"29\">\u00a0<\/td>\n<td align=\"center\" valign=\"top\" height=\"29\">\u00a0<\/td>\n<\/tr>\n<tr>\n<td align=\"center\" valign=\"top\" height=\"28\"><strong>15:05<\/strong><\/td>\n<td align=\"center\" valign=\"top\" bgcolor=\"#0099FF\"><strong>Angleur<\/strong><\/td>\n<td align=\"center\" valign=\"top\" bgcolor=\"#00FF00\"><strong>Herve<\/strong><\/td>\n<td align=\"center\" valign=\"top\" bgcolor=\"#FFCCFF\"><strong>Beyne Da<\/strong><\/td>\n<td align=\"center\" valign=\"top\" bgcolor=\"#FF0000\"><strong>U3A Da<\/strong><\/td>\n<td align=\"center\" valign=\"top\" bgcolor=\"#00FFFF\" height=\"28\"><strong>Angleur Da<\/strong><\/td>\n<td align=\"center\" valign=\"top\" bgcolor=\"#CC66FF\" height=\"28\"><strong>Intr\u00e9pides Da<\/strong><\/td>\n<\/tr>\n<tr>\n<td align=\"center\" valign=\"top\" height=\"24\"><strong>15:40<\/strong><\/td>\n<td align=\"center\" valign=\"top\" bgcolor=\"#FF00FF\"><strong>Neupr\u00e9<\/strong><\/td>\n<td align=\"center\" valign=\"top\" bgcolor=\"#CCCCCC\"><strong>Intr\u00e9pides<\/strong><\/td>\n<td align=\"center\" valign=\"top\" bgcolor=\"#CC66FF\"><strong>Intr\u00e9pides Da<\/strong><\/td>\n<td align=\"center\" valign=\"top\" bgcolor=\"#FFFF66\"><strong>Huy Da<\/strong><\/td>\n<td align=\"center\" valign=\"top\" bgcolor=\"#FF0000\" height=\"24\"><strong>U3A Da<\/strong><\/td>\n<td align=\"center\" valign=\"top\" bgcolor=\"#00FFFF\" height=\"24\"><strong>Angleur Da<\/strong><\/td>\n<\/tr>\n<tr>\n<td align=\"center\" valign=\"top\" height=\"23\"><strong>16:15<\/strong><\/td>\n<td align=\"center\" valign=\"top\" bgcolor=\"#FFFF00\"><strong>Huy<\/strong><\/td>\n<td align=\"center\" valign=\"top\" bgcolor=\"#0099FF\"><strong>Angleur<\/strong><\/td>\n<td align=\"center\" valign=\"top\" bgcolor=\"#00FF00\"><strong>Herve<\/strong><\/td>\n<td align=\"center\" valign=\"top\" bgcolor=\"#CCCCCC\"><strong>Intr\u00e9pides<\/strong><\/td>\n<td align=\"center\" valign=\"top\" bgcolor=\"#FFCCFF\" height=\"23\"><strong>Beyne Da<\/strong><\/td>\n<td align=\"center\" valign=\"top\" bgcolor=\"#FFFF66\" height=\"23\"><strong>Huy da<\/strong><\/td>\n<\/tr>\n<\/tbody>\n<\/table>\n<table border=\"0\" width=\"855\" cellspacing=\"1\">\n<tbody>\n<tr>\n<td colspan=\"3\" align=\"center\" valign=\"top\" height=\"5\">\u00a0<\/td>\n<\/tr>\n<tr>\n<td colspan=\"3\" align=\"center\" valign=\"top\" height=\"20\">\n<p align=\"left\"><span style=\"color: #000000;\"><strong>REGLEMENT<br \/>Rencontres de 25 minutes sans limites de points \u2013 P\u00e9riodes de 35 minutes.<br \/>2 temps-morts autoris\u00e9s par \u00e9quipe par rencontre \u2013 Pas de temps-mort ni de remplacement pendant les 5 derni\u00e8res minutes de jeu<br \/>Match nul autoris\u00e9 \u2013 Le dernier point en jeu \u00e0 la fin des 25 minutes compte<br \/>Classement final en fonction des points obtenus : 2 points si victoire, 1 point si match nul et 0 si d\u00e9faite<br \/>En cas d\u2019\u00e9galit\u00e9 au classement final, d\u00e9partage en fonction de l\u2019av\u00e9rage, puis du plus grand nombre de points marqu\u00e9s<br \/>Remise des prix \u00e0 la caf\u00e9t\u00e9ria apr\u00e8s les rencontres, vers 17.15<br \/>Tout point non pr\u00e9vu au r\u00e8glement sera tranch\u00e9 par le comit\u00e9 organisateur.<\/strong><\/span><\/p>\n<\/td>\n<\/tr>\n<\/tbody>\n<\/table>\n\n<p>\u00a0<\/p>\n\t\t\t\t\t\t\t\t<\/div>\n\t\t\t\t<\/div>\n\t\t\t\t\t<\/div>\n\t\t<\/div>\n\t\t\t\t\t<\/div>\n\t\t<\/section>\n\t\t\t\t<\/div>\n\t\t","protected":false},"excerpt":{"rendered":"<p>Le 26 ao\u00fbt 2014 \u00a0 Les \u00e9quipes suivant la performance du jour! U3A Huy Intr\u00e9pides Beyne Angleur \u00a0 \u00a0 Angleur Intr\u00e9pides Huy Neupr\u00e9 Herve D1: [&hellip;]<\/p>\n","protected":false},"author":1,"featured_media":0,"parent":0,"menu_order":0,"comment_status":"closed","ping_status":"closed","template":"","meta":{"footnotes":""},"class_list":["post-1656","page","type-page","status-publish","hentry"],"_links":{"self":[{"href":"https:\/\/www.netvolleyangleur.be\/index.php\/wp-json\/wp\/v2\/pages\/1656","targetHints":{"allow":["GET"]}}],"collection":[{"href":"https:\/\/www.netvolleyangleur.be\/index.php\/wp-json\/wp\/v2\/pages"}],"about":[{"href":"https:\/\/www.netvolleyangleur.be\/index.php\/wp-json\/wp\/v2\/types\/page"}],"author":[{"embeddable":true,"href":"https:\/\/www.netvolleyangleur.be\/index.php\/wp-json\/wp\/v2\/users\/1"}],"replies":[{"embeddable":true,"href":"https:\/\/www.netvolleyangleur.be\/index.php\/wp-json\/wp\/v2\/comments?post=1656"}],"version-history":[{"count":13,"href":"https:\/\/www.netvolleyangleur.be\/index.php\/wp-json\/wp\/v2\/pages\/1656\/revisions"}],"predecessor-version":[{"id":6889,"href":"https:\/\/www.netvolleyangleur.be\/index.php\/wp-json\/wp\/v2\/pages\/1656\/revisions\/6889"}],"wp:attachment":[{"href":"https:\/\/www.netvolleyangleur.be\/index.php\/wp-json\/wp\/v2\/media?parent=1656"}],"curies":[{"name":"wp","href":"https:\/\/api.w.org\/{rel}","templated":true}]}}