{"id":1689,"date":"2023-05-20T13:15:55","date_gmt":"2023-05-20T11:15:55","guid":{"rendered":"https:\/\/www.netvolleyangleur.be\/netvolley.angleur@gmail.com\/?page_id=1689"},"modified":"2023-08-03T12:08:41","modified_gmt":"2023-08-03T10:08:41","slug":"tournoi-septembre-2015","status":"publish","type":"page","link":"https:\/\/www.netvolleyangleur.be\/index.php\/tournoi-septembre-2015\/","title":{"rendered":"Tournoi D2 et D4 Septembre 2015"},"content":{"rendered":"\t\t<div data-elementor-type=\"wp-page\" data-elementor-id=\"1689\" class=\"elementor elementor-1689\">\n\t\t\t\t\t\t<section class=\"elementor-section elementor-top-section elementor-element elementor-element-5fe10c95 elementor-section-boxed elementor-section-height-default elementor-section-height-default\" data-id=\"5fe10c95\" data-element_type=\"section\" data-e-type=\"section\">\n\t\t\t\t\t\t<div class=\"elementor-container elementor-column-gap-default\">\n\t\t\t\t\t<div class=\"elementor-column elementor-col-100 elementor-top-column elementor-element elementor-element-32a243c8\" data-id=\"32a243c8\" data-element_type=\"column\" data-e-type=\"column\">\n\t\t\t<div class=\"elementor-widget-wrap elementor-element-populated\">\n\t\t\t\t\t\t<div class=\"elementor-element elementor-element-733c0282 elementor-widget elementor-widget-text-editor\" data-id=\"733c0282\" data-element_type=\"widget\" data-e-type=\"widget\" data-widget_type=\"text-editor.default\">\n\t\t\t\t<div class=\"elementor-widget-container\">\n\t\t\t\t\t\t\t\t\t\n<figure class=\"wp-block-table\">\n<table>\n<tbody>\n<tr>\n<td style=\"text-align: center;\" colspan=\"5\"><span style=\"color: #0000ff;\"><strong>\u00a0 \u00a0 \u00a0 \u00a0 \u00a0 \u00a0 \u00a0 \u00a0 \u00a0 \u00a0 \u00a0 \u00a0 \u00a0 \u00a0 \u00a0 \u00a0 \u00a0 <u>1er septembre 2015<\/u><\/strong><\/span><\/td>\n<\/tr>\n<tr>\n<td><span style=\"color: #000000;\"><strong>\u00a0 \u00a0 \u00a0 \u00a0 \u00a0 \u00a0 \u00a0 \u00a0 \u00a0 \u00a0 \u00a0 \u00a0 \u00a0 \u00a0 \u00a0 \u00a0 \u00a0 \u00a0 \u00a0D2 :<\/strong><\/span><\/td>\n<td><span style=\"color: #000000;\"><strong>Angleur<br \/>Calidis<br \/>Ducs<br \/>Herve<br \/>Intr\u00e9pides<\/strong><\/span><\/td>\n<td>\u00a0 \u00a0 \u00a0 \u00a0<\/td>\n<td><span style=\"color: #000000;\"><strong>D4 :<\/strong><\/span><\/td>\n<td><span style=\"color: #000000;\"><strong>Angleur<br \/>Verlaine<br \/>Huy<br \/>Intr\u00e9pides <br \/>Spa<\/strong><\/span><\/td>\n<\/tr>\n<\/tbody>\n<\/table>\n<\/figure>\n\n<figure class=\"wp-block-table\">\n<table>\n<tbody>\n<tr>\n<td><img fetchpriority=\"high\" decoding=\"async\" class=\"alignnone size-medium wp-image-6718\" src=\"https:\/\/www.netvolleyangleur.be\/wp-content\/uploads\/2023\/08\/d2_a_l-1-300x169.gif\" alt=\"\" width=\"300\" height=\"169\" srcset=\"https:\/\/www.netvolleyangleur.be\/wp-content\/uploads\/2023\/08\/d2_a_l-1-300x169.gif 300w, https:\/\/www.netvolleyangleur.be\/wp-content\/uploads\/2023\/08\/d2_a_l-1-768x432.gif 768w\" sizes=\"(max-width: 300px) 100vw, 300px\" \/><\/td>\n<td>\n<p>\u00a0<\/p>\n<p><img decoding=\"async\" width=\"314\" height=\"235\" class=\"wp-image-2570\" src=\"https:\/\/www.netvolleyangleur.be\/netvolley.angleur@gmail.com\/wp-content\/uploads\/2023\/06\/image-101.png\" alt=\"\" srcset=\"https:\/\/www.netvolleyangleur.be\/wp-content\/uploads\/2023\/06\/image-101.png 314w, https:\/\/www.netvolleyangleur.be\/wp-content\/uploads\/2023\/06\/image-101-300x225.png 300w\" sizes=\"(max-width: 314px) 100vw, 314px\" \/><\/p>\n<p style=\"text-align: center;\"><span style=\"color: #0000ff;\"><strong>Calidis 2<\/strong><\/span><\/p>\n<\/td>\n<td><img decoding=\"async\" class=\"alignnone size-medium wp-image-6719\" src=\"https:\/\/www.netvolleyangleur.be\/wp-content\/uploads\/2023\/08\/d2_b_l-300x169.gif\" alt=\"\" width=\"300\" height=\"169\" srcset=\"https:\/\/www.netvolleyangleur.be\/wp-content\/uploads\/2023\/08\/d2_b_l-300x169.gif 300w, https:\/\/www.netvolleyangleur.be\/wp-content\/uploads\/2023\/08\/d2_b_l-768x432.gif 768w\" sizes=\"(max-width: 300px) 100vw, 300px\" \/><\/td>\n<\/tr>\n<tr>\n<td>\n<p><img loading=\"lazy\" decoding=\"async\" width=\"314\" height=\"235\" class=\"wp-image-2572\" src=\"https:\/\/www.netvolleyangleur.be\/netvolley.angleur@gmail.com\/wp-content\/uploads\/2023\/06\/image-103.png\" alt=\"\" srcset=\"https:\/\/www.netvolleyangleur.be\/wp-content\/uploads\/2023\/06\/image-103.png 314w, https:\/\/www.netvolleyangleur.be\/wp-content\/uploads\/2023\/06\/image-103-300x225.png 300w\" sizes=\"(max-width: 314px) 100vw, 314px\" \/><\/p>\n<p style=\"text-align: center;\"><span style=\"color: #0000ff;\"><strong>Ducs D2<\/strong><\/span><\/p>\n<\/td>\n<td>\n<p>\u00a0<\/p>\n<p><img loading=\"lazy\" decoding=\"async\" width=\"314\" height=\"235\" class=\"wp-image-2573\" src=\"https:\/\/www.netvolleyangleur.be\/netvolley.angleur@gmail.com\/wp-content\/uploads\/2023\/06\/image-104.png\" alt=\"\" srcset=\"https:\/\/www.netvolleyangleur.be\/wp-content\/uploads\/2023\/06\/image-104.png 314w, https:\/\/www.netvolleyangleur.be\/wp-content\/uploads\/2023\/06\/image-104-300x225.png 300w\" sizes=\"(max-width: 314px) 100vw, 314px\" \/><\/p>\n<p style=\"text-align: center;\"><span style=\"color: #0000ff;\"><strong>Intr\u00e9pides D2<\/strong><\/span><\/p>\n<\/td>\n<td>\n<p><img loading=\"lazy\" decoding=\"async\" width=\"314\" height=\"235\" class=\"wp-image-2575\" src=\"https:\/\/www.netvolleyangleur.be\/netvolley.angleur@gmail.com\/wp-content\/uploads\/2023\/06\/image-105.png\" alt=\"\" srcset=\"https:\/\/www.netvolleyangleur.be\/wp-content\/uploads\/2023\/06\/image-105.png 314w, https:\/\/www.netvolleyangleur.be\/wp-content\/uploads\/2023\/06\/image-105-300x225.png 300w\" sizes=\"(max-width: 314px) 100vw, 314px\" \/><\/p>\n<p style=\"text-align: center;\"><span style=\"color: #0000ff;\"><strong>Herve D2<\/strong><\/span><\/p>\n<\/td>\n<\/tr>\n<tr>\n<td>\u00a0<\/td>\n<td>\u00a0<\/td>\n<td>\u00a0<\/td>\n<\/tr>\n<tr>\n<td>\n<p><img loading=\"lazy\" decoding=\"async\" width=\"314\" height=\"235\" class=\"wp-image-2576\" src=\"https:\/\/www.netvolleyangleur.be\/netvolley.angleur@gmail.com\/wp-content\/uploads\/2023\/06\/image-106.png\" alt=\"\" srcset=\"https:\/\/www.netvolleyangleur.be\/wp-content\/uploads\/2023\/06\/image-106.png 314w, https:\/\/www.netvolleyangleur.be\/wp-content\/uploads\/2023\/06\/image-106-300x225.png 300w\" sizes=\"(max-width: 314px) 100vw, 314px\" \/><\/p>\n<p style=\"text-align: center;\"><strong><span style=\"color: #0000ff;\">Angleur D4<\/span><\/strong><\/p>\n<\/td>\n<td>\n<p><img loading=\"lazy\" decoding=\"async\" width=\"314\" height=\"235\" class=\"wp-image-2577\" src=\"https:\/\/www.netvolleyangleur.be\/netvolley.angleur@gmail.com\/wp-content\/uploads\/2023\/06\/image-107.png\" alt=\"\" srcset=\"https:\/\/www.netvolleyangleur.be\/wp-content\/uploads\/2023\/06\/image-107.png 314w, https:\/\/www.netvolleyangleur.be\/wp-content\/uploads\/2023\/06\/image-107-300x225.png 300w\" sizes=\"(max-width: 314px) 100vw, 314px\" \/><\/p>\n<p style=\"text-align: center;\"><strong><span style=\"color: #0000ff;\">Verlaine D4<\/span><\/strong><\/p>\n<\/td>\n<td>\n<p><img loading=\"lazy\" decoding=\"async\" width=\"314\" height=\"235\" class=\"wp-image-2578\" src=\"https:\/\/www.netvolleyangleur.be\/netvolley.angleur@gmail.com\/wp-content\/uploads\/2023\/06\/image-108.png\" alt=\"\" srcset=\"https:\/\/www.netvolleyangleur.be\/wp-content\/uploads\/2023\/06\/image-108.png 314w, https:\/\/www.netvolleyangleur.be\/wp-content\/uploads\/2023\/06\/image-108-300x225.png 300w\" sizes=\"(max-width: 314px) 100vw, 314px\" \/><\/p>\n<p style=\"text-align: center;\"><span style=\"color: #0000ff;\"><strong>Huy D4<\/strong><\/span><\/p>\n<\/td>\n<\/tr>\n<tr>\n<td>\n<p><img loading=\"lazy\" decoding=\"async\" width=\"314\" height=\"222\" class=\"wp-image-2579\" src=\"https:\/\/www.netvolleyangleur.be\/netvolley.angleur@gmail.com\/wp-content\/uploads\/2023\/06\/image-109.png\" alt=\"\" srcset=\"https:\/\/www.netvolleyangleur.be\/wp-content\/uploads\/2023\/06\/image-109.png 314w, https:\/\/www.netvolleyangleur.be\/wp-content\/uploads\/2023\/06\/image-109-300x212.png 300w\" sizes=\"(max-width: 314px) 100vw, 314px\" \/><\/p>\n<p style=\"text-align: center;\"><span style=\"color: #0000ff;\"><strong>Intr\u00e9pides D4<\/strong><\/span><\/p>\n<\/td>\n<td>\n<p>\u00a0<\/p>\n<p><span style=\"color: #800080;\"><strong>Premier match des petits nouveaux!<\/strong><\/span><\/p>\n<p><img loading=\"lazy\" decoding=\"async\" class=\"alignnone size-medium wp-image-6720\" src=\"https:\/\/www.netvolleyangleur.be\/wp-content\/uploads\/2023\/08\/oups_l-300x169.gif\" alt=\"\" width=\"300\" height=\"169\" srcset=\"https:\/\/www.netvolleyangleur.be\/wp-content\/uploads\/2023\/08\/oups_l-300x169.gif 300w, https:\/\/www.netvolleyangleur.be\/wp-content\/uploads\/2023\/08\/oups_l-768x432.gif 768w\" sizes=\"(max-width: 300px) 100vw, 300px\" \/><\/p>\n<\/td>\n<td>\n<p><img loading=\"lazy\" decoding=\"async\" width=\"314\" height=\"235\" class=\"wp-image-2581\" src=\"https:\/\/www.netvolleyangleur.be\/netvolley.angleur@gmail.com\/wp-content\/uploads\/2023\/06\/image-111.png\" alt=\"\" srcset=\"https:\/\/www.netvolleyangleur.be\/wp-content\/uploads\/2023\/06\/image-111.png 314w, https:\/\/www.netvolleyangleur.be\/wp-content\/uploads\/2023\/06\/image-111-300x225.png 300w\" sizes=\"(max-width: 314px) 100vw, 314px\" \/><\/p>\n<p style=\"text-align: center;\"><span style=\"color: #0000ff;\"><strong>Spa D4<\/strong><\/span><\/p>\n<\/td>\n<\/tr>\n<tr>\n<td>\n<p><img decoding=\"async\" src=\"http:\/\/netvolleyangleur.be\/Images\/15_09_01\/d4a_a.gif\" \/><img loading=\"lazy\" decoding=\"async\" class=\"alignnone size-medium wp-image-6721\" src=\"https:\/\/www.netvolleyangleur.be\/wp-content\/uploads\/2023\/08\/d4a_a_l-300x169.gif\" alt=\"\" width=\"300\" height=\"169\" srcset=\"https:\/\/www.netvolleyangleur.be\/wp-content\/uploads\/2023\/08\/d4a_a_l-300x169.gif 300w, https:\/\/www.netvolleyangleur.be\/wp-content\/uploads\/2023\/08\/d4a_a_l-768x432.gif 768w\" sizes=\"(max-width: 300px) 100vw, 300px\" \/><\/p>\n<p>\u00a0<\/p>\n<\/td>\n<td>\u00a0<\/td>\n<td><img decoding=\"async\" src=\"http:\/\/netvolleyangleur.be\/Images\/15_09_01\/d4b_a.gif\" \/><img loading=\"lazy\" decoding=\"async\" class=\"alignnone size-medium wp-image-6722\" src=\"https:\/\/www.netvolleyangleur.be\/wp-content\/uploads\/2023\/08\/d4b_a_l-300x169.gif\" alt=\"\" width=\"300\" height=\"169\" srcset=\"https:\/\/www.netvolleyangleur.be\/wp-content\/uploads\/2023\/08\/d4b_a_l-300x169.gif 300w, https:\/\/www.netvolleyangleur.be\/wp-content\/uploads\/2023\/08\/d4b_a_l-768x432.gif 768w\" sizes=\"(max-width: 300px) 100vw, 300px\" \/><\/td>\n<\/tr>\n<\/tbody>\n<\/table>\n<p>\u00a0<\/p>\n<\/figure>\n\n<figure class=\"wp-block-table\">\n<table>\n<tbody>\n<tr>\n<td colspan=\"3\">\u00a0<\/td>\n<\/tr>\n<tr>\n<td colspan=\"3\"><span style=\"color: #000000;\"><b>REGLEMENT<\/b><\/span><br \/><span style=\"color: #000000;\"><b>Rencontres de 25 minutes sans limites de points \u2013 P\u00e9riodes de 35 minutes.<\/b><\/span><br \/><span style=\"color: #000000;\"><b>2 temps morts\u00a0autoris\u00e9s par \u00e9quipe par rencontre \u2013 Pas de temps mort ni de remplacement pendant les 5 derni\u00e8res minutes de jeu<\/b><\/span><br \/><span style=\"color: #000000;\"><b>Match nul autoris\u00e9 \u2013 Le dernier point en jeu \u00e0 la fin des 25 minutes compte<\/b><\/span><br \/><span style=\"color: #000000;\"><b>Classement final en fonction des points obtenus : 2 points si victoire, 1 point si match nul et 0 si d\u00e9faite<\/b><\/span><br \/><span style=\"color: #000000;\"><b>En cas d\u2019\u00e9galit\u00e9 au classement final, d\u00e9partage en fonction de l\u2019av\u00e9rage, puis du plus grand nombre de points marqu\u00e9s<\/b><\/span><br \/><span style=\"color: #000000;\"><b>Remise des prix \u00e0 la caf\u00e9t\u00e9ria apr\u00e8s les rencontres, vers 17.15<\/b><\/span><br \/><span style=\"color: #000000;\"><b>Tout point non pr\u00e9vu au r\u00e8glement sera tranch\u00e9 par le comit\u00e9 organisateur.<\/b><\/span><\/td>\n<\/tr>\n<\/tbody>\n<\/table>\n<\/figure>\n\t\t\t\t\t\t\t\t<\/div>\n\t\t\t\t<\/div>\n\t\t\t\t\t<\/div>\n\t\t<\/div>\n\t\t\t\t\t<\/div>\n\t\t<\/section>\n\t\t\t\t<\/div>\n\t\t","protected":false},"excerpt":{"rendered":"<p>\u00a0 \u00a0 \u00a0 \u00a0 \u00a0 \u00a0 \u00a0 \u00a0 \u00a0 \u00a0 \u00a0 \u00a0 \u00a0 \u00a0 \u00a0 \u00a0 \u00a0 1er septembre 2015 \u00a0 \u00a0 \u00a0 \u00a0 \u00a0 [&hellip;]<\/p>\n","protected":false},"author":1,"featured_media":0,"parent":0,"menu_order":0,"comment_status":"closed","ping_status":"closed","template":"","meta":{"footnotes":""},"class_list":["post-1689","page","type-page","status-publish","hentry"],"_links":{"self":[{"href":"https:\/\/www.netvolleyangleur.be\/index.php\/wp-json\/wp\/v2\/pages\/1689","targetHints":{"allow":["GET"]}}],"collection":[{"href":"https:\/\/www.netvolleyangleur.be\/index.php\/wp-json\/wp\/v2\/pages"}],"about":[{"href":"https:\/\/www.netvolleyangleur.be\/index.php\/wp-json\/wp\/v2\/types\/page"}],"author":[{"embeddable":true,"href":"https:\/\/www.netvolleyangleur.be\/index.php\/wp-json\/wp\/v2\/users\/1"}],"replies":[{"embeddable":true,"href":"https:\/\/www.netvolleyangleur.be\/index.php\/wp-json\/wp\/v2\/comments?post=1689"}],"version-history":[{"count":21,"href":"https:\/\/www.netvolleyangleur.be\/index.php\/wp-json\/wp\/v2\/pages\/1689\/revisions"}],"predecessor-version":[{"id":6725,"href":"https:\/\/www.netvolleyangleur.be\/index.php\/wp-json\/wp\/v2\/pages\/1689\/revisions\/6725"}],"wp:attachment":[{"href":"https:\/\/www.netvolleyangleur.be\/index.php\/wp-json\/wp\/v2\/media?parent=1689"}],"curies":[{"name":"wp","href":"https:\/\/api.w.org\/{rel}","templated":true}]}}