{"id":1704,"date":"2023-05-20T16:17:11","date_gmt":"2023-05-20T14:17:11","guid":{"rendered":"https:\/\/www.netvolleyangleur.be\/netvolley.angleur@gmail.com\/?page_id=1704"},"modified":"2023-08-01T15:31:43","modified_gmt":"2023-08-01T13:31:43","slug":"d1-mixte-champion-2018","status":"publish","type":"page","link":"https:\/\/www.netvolleyangleur.be\/index.php\/d1-mixte-champion-2018\/","title":{"rendered":"D1 mixte champion 2018"},"content":{"rendered":"\t\t<div data-elementor-type=\"wp-page\" data-elementor-id=\"1704\" class=\"elementor elementor-1704\">\n\t\t\t\t\t\t<section class=\"elementor-section elementor-top-section elementor-element elementor-element-3a23cb2f elementor-section-boxed elementor-section-height-default elementor-section-height-default\" data-id=\"3a23cb2f\" data-element_type=\"section\" data-e-type=\"section\">\n\t\t\t\t\t\t<div class=\"elementor-container elementor-column-gap-default\">\n\t\t\t\t\t<div class=\"elementor-column elementor-col-100 elementor-top-column elementor-element elementor-element-29d8c775\" data-id=\"29d8c775\" data-element_type=\"column\" data-e-type=\"column\">\n\t\t\t<div class=\"elementor-widget-wrap elementor-element-populated\">\n\t\t\t\t\t\t<div class=\"elementor-element elementor-element-103e3f22 elementor-widget elementor-widget-text-editor\" data-id=\"103e3f22\" data-element_type=\"widget\" data-e-type=\"widget\" data-widget_type=\"text-editor.default\">\n\t\t\t\t<div class=\"elementor-widget-container\">\n\t\t\t\t\t\t\t\t\t\n<p style=\"text-align: center;\"><span style=\"color: #ff0000;\"><strong><em>Angleur D1 Vainqueur!<\/em><\/strong><\/span><\/p>\n\n<figure class=\"wp-block-table\">\n<table>\n<tbody>\n<tr>\n<td colspan=\"2\">\u00a0<\/td>\n<td>\u00a0<\/td>\n<td><span style=\"color: #666699;\"><span style=\"color: #800080;\"><strong>\u00a0 \u00a0 \u00a0 \u00a0 \u00a0 \u00a0 \u00a0 \u00a0 \u00a0 \u00a0 \u00a0 \u00a0 \u00a0 \u00a0 \u00a0 \u00a0 \u00a0 \u00a0Derni\u00e8re journ\u00e9e: Intr\u00e9pides, Neupr\u00e9, Angleur.<\/strong>\u00a0<\/span> <\/span>\u00a0<\/td>\n<td>\u00a0<\/td>\n<td>\u00a0\u00a0<\/td>\n<\/tr>\n<tr>\n<td colspan=\"2\">\u00a0<\/td>\n<td colspan=\"3\"><em><strong>\u00a0 \u00a0 \u00a0 \u00a0 \u00a0 \u00a0 \u00a0 \u00a0 \u00a0 \u00a0 \u00a0 <img fetchpriority=\"high\" decoding=\"async\" class=\"alignnone  wp-image-6108\" src=\"https:\/\/www.netvolleyangleur.be\/wp-content\/uploads\/2023\/08\/champion-2018_b-300x220.jpg\" alt=\"\" width=\"426\" height=\"312\" srcset=\"https:\/\/www.netvolleyangleur.be\/wp-content\/uploads\/2023\/08\/champion-2018_b-300x220.jpg 300w, https:\/\/www.netvolleyangleur.be\/wp-content\/uploads\/2023\/08\/champion-2018_b.jpg 448w\" sizes=\"(max-width: 426px) 100vw, 426px\" \/><\/strong><\/em><\/td>\n<td>\u00a0<\/td>\n<\/tr>\n<tr>\n<td colspan=\"2\">\u00a0<\/td>\n<td>\u00a0<\/td>\n<td>\n<p>\u00a0<\/p>\n<p><span style=\"color: #0000ff;\"><strong>Debout de gauche \u00e0 droite :\u00a0<\/strong><\/span><\/p>\n<p><span style=\"color: #000000;\"><strong>&#8211; Pierre Lhoest &#8211;<\/strong> <strong>Aldo De Bona &#8211; Philippe Go\u00ebm\u00e9 &#8211; Patrick Delhaye<\/strong>\u00a0<strong>&#8211; Dominique Tilkin &#8211; Marc Meschke\u00a0 &#8211; Jean-Claude Debatty (Coach)\u00a0<\/strong><\/span><\/p>\n<p><span style=\"color: #0000ff;\"><strong>Accroupis de gauche \u00e0 droite<\/strong><\/span><\/p>\n<p><span style=\"color: #000000;\"><strong>&#8211; <\/strong><strong>\u00a0Jean Masson &#8211; Emile Van Engelshoven &#8211; Daniel Glineur<\/strong><\/span><\/p>\n<p><span style=\"color: #000000;\"><strong><span style=\"color: #0000ff;\">Absent sur la photo<\/span> : Christian Haertjens<\/strong><\/span><\/p>\n<\/td>\n<td>\u00a0<\/td>\n<\/tr>\n<\/tbody>\n<\/table>\n<\/figure>\n\t\t\t\t\t\t\t\t<\/div>\n\t\t\t\t<\/div>\n\t\t\t\t\t<\/div>\n\t\t<\/div>\n\t\t\t\t\t<\/div>\n\t\t<\/section>\n\t\t\t\t<section class=\"elementor-section elementor-top-section elementor-element elementor-element-6a24061 elementor-section-boxed elementor-section-height-default elementor-section-height-default\" data-id=\"6a24061\" data-element_type=\"section\" data-e-type=\"section\">\n\t\t\t\t\t\t<div class=\"elementor-container elementor-column-gap-default\">\n\t\t\t\t\t<div class=\"elementor-column elementor-col-100 elementor-top-column elementor-element elementor-element-a6840dd\" data-id=\"a6840dd\" data-element_type=\"column\" data-e-type=\"column\">\n\t\t\t<div class=\"elementor-widget-wrap elementor-element-populated\">\n\t\t\t\t\t\t<div class=\"elementor-element elementor-element-f99c7e4 elementor-widget elementor-widget-spacer\" data-id=\"f99c7e4\" data-element_type=\"widget\" data-e-type=\"widget\" data-widget_type=\"spacer.default\">\n\t\t\t\t<div class=\"elementor-widget-container\">\n\t\t\t\t\t\t\t<div class=\"elementor-spacer\">\n\t\t\t<div class=\"elementor-spacer-inner\"><\/div>\n\t\t<\/div>\n\t\t\t\t\t\t<\/div>\n\t\t\t\t<\/div>\n\t\t\t\t\t<\/div>\n\t\t<\/div>\n\t\t\t\t\t<\/div>\n\t\t<\/section>\n\t\t\t\t<section class=\"elementor-section elementor-top-section elementor-element elementor-element-7fd6a7f elementor-section-boxed elementor-section-height-default elementor-section-height-default\" data-id=\"7fd6a7f\" data-element_type=\"section\" data-e-type=\"section\">\n\t\t\t\t\t\t<div class=\"elementor-container elementor-column-gap-default\">\n\t\t\t\t\t<div class=\"elementor-column elementor-col-50 elementor-top-column elementor-element elementor-element-7fc529f\" data-id=\"7fc529f\" data-element_type=\"column\" data-e-type=\"column\">\n\t\t\t<div class=\"elementor-widget-wrap elementor-element-populated\">\n\t\t\t\t\t\t<div class=\"elementor-element elementor-element-5632d04 elementor-widget__width-inherit elementor-widget elementor-widget-video\" data-id=\"5632d04\" data-element_type=\"widget\" data-e-type=\"widget\" data-settings=\"{&quot;video_type&quot;:&quot;hosted&quot;,&quot;controls&quot;:&quot;yes&quot;}\" data-widget_type=\"video.default\">\n\t\t\t\t<div class=\"elementor-widget-container\">\n\t\t\t\t\t\t\t<div class=\"e-hosted-video elementor-wrapper elementor-open-inline\">\n\t\t\t\t\t<video class=\"elementor-video\" src=\"https:\/\/www.netvolleyangleur.be\/wp-content\/uploads\/2023\/08\/champion-2018-d1.mp4\" controls=\"\" preload=\"metadata\" controlsList=\"nodownload\"><\/video>\n\t\t\t\t<\/div>\n\t\t\t\t\t\t<\/div>\n\t\t\t\t<\/div>\n\t\t\t\t\t<\/div>\n\t\t<\/div>\n\t\t\t\t<div class=\"elementor-column elementor-col-50 elementor-top-column elementor-element elementor-element-6e5cc23\" data-id=\"6e5cc23\" data-element_type=\"column\" data-e-type=\"column\">\n\t\t\t<div class=\"elementor-widget-wrap\">\n\t\t\t\t\t\t\t<\/div>\n\t\t<\/div>\n\t\t\t\t\t<\/div>\n\t\t<\/section>\n\t\t\t\t<\/div>\n\t\t","protected":false},"excerpt":{"rendered":"<p>Angleur D1 Vainqueur! \u00a0 \u00a0 \u00a0 \u00a0 \u00a0 \u00a0 \u00a0 \u00a0 \u00a0 \u00a0 \u00a0 \u00a0 \u00a0 \u00a0 \u00a0 \u00a0 \u00a0 \u00a0 \u00a0 \u00a0Derni\u00e8re journ\u00e9e: Intr\u00e9pides, [&hellip;]<\/p>\n","protected":false},"author":1,"featured_media":0,"parent":0,"menu_order":0,"comment_status":"closed","ping_status":"closed","template":"","meta":{"footnotes":""},"class_list":["post-1704","page","type-page","status-publish","hentry"],"_links":{"self":[{"href":"https:\/\/www.netvolleyangleur.be\/index.php\/wp-json\/wp\/v2\/pages\/1704","targetHints":{"allow":["GET"]}}],"collection":[{"href":"https:\/\/www.netvolleyangleur.be\/index.php\/wp-json\/wp\/v2\/pages"}],"about":[{"href":"https:\/\/www.netvolleyangleur.be\/index.php\/wp-json\/wp\/v2\/types\/page"}],"author":[{"embeddable":true,"href":"https:\/\/www.netvolleyangleur.be\/index.php\/wp-json\/wp\/v2\/users\/1"}],"replies":[{"embeddable":true,"href":"https:\/\/www.netvolleyangleur.be\/index.php\/wp-json\/wp\/v2\/comments?post=1704"}],"version-history":[{"count":18,"href":"https:\/\/www.netvolleyangleur.be\/index.php\/wp-json\/wp\/v2\/pages\/1704\/revisions"}],"predecessor-version":[{"id":6115,"href":"https:\/\/www.netvolleyangleur.be\/index.php\/wp-json\/wp\/v2\/pages\/1704\/revisions\/6115"}],"wp:attachment":[{"href":"https:\/\/www.netvolleyangleur.be\/index.php\/wp-json\/wp\/v2\/media?parent=1704"}],"curies":[{"name":"wp","href":"https:\/\/api.w.org\/{rel}","templated":true}]}}