{"id":2768,"date":"2023-06-11T17:58:14","date_gmt":"2023-06-11T15:58:14","guid":{"rendered":"https:\/\/www.netvolleyangleur.be\/netvolley.angleur@gmail.com\/?page_id=2768"},"modified":"2023-06-13T13:16:08","modified_gmt":"2023-06-13T11:16:08","slug":"lorsque-le-comite-se-reunit","status":"publish","type":"page","link":"https:\/\/www.netvolleyangleur.be\/index.php\/lorsque-le-comite-se-reunit\/","title":{"rendered":"Lorsque le comit\u00e9 se r\u00e9unit"},"content":{"rendered":"\t\t<div data-elementor-type=\"wp-page\" data-elementor-id=\"2768\" class=\"elementor elementor-2768\">\n\t\t\t\t\t\t<section class=\"elementor-section elementor-top-section elementor-element elementor-element-55bc8cbe elementor-section-boxed elementor-section-height-default elementor-section-height-default\" data-id=\"55bc8cbe\" data-element_type=\"section\" data-e-type=\"section\">\n\t\t\t\t\t\t<div class=\"elementor-container elementor-column-gap-default\">\n\t\t\t\t\t<div class=\"elementor-column elementor-col-100 elementor-top-column elementor-element elementor-element-6b46c49d\" data-id=\"6b46c49d\" data-element_type=\"column\" data-e-type=\"column\">\n\t\t\t<div class=\"elementor-widget-wrap elementor-element-populated\">\n\t\t\t\t\t\t<div class=\"elementor-element elementor-element-66f253b3 elementor-widget elementor-widget-text-editor\" data-id=\"66f253b3\" data-element_type=\"widget\" data-e-type=\"widget\" data-widget_type=\"text-editor.default\">\n\t\t\t\t<div class=\"elementor-widget-container\">\n\t\t\t\t\t\t\t\t\t\n<p style=\"text-align: center;\"><span style=\"text-decoration: underline; color: #800080;\"><strong><span>Apr\u00e8s la formation des \u00e9quipes, le comit\u00e9 \u00e0 droit \u00e0 quelques heures de distractions (avec leurs conjoints)<\/span><\/strong><\/span><\/p>\n<p>\u00a0<\/p>\n<p><img fetchpriority=\"high\" decoding=\"async\" class=\"alignnone wp-image-3222 size-medium\" src=\"https:\/\/www.netvolleyangleur.be\/netvolley.angleur@gmail.com\/wp-content\/uploads\/2023\/06\/IMG_2827-225x300.jpg\" alt=\"\" width=\"225\" height=\"300\" srcset=\"https:\/\/www.netvolleyangleur.be\/wp-content\/uploads\/2023\/06\/IMG_2827-225x300.jpg 225w, https:\/\/www.netvolleyangleur.be\/wp-content\/uploads\/2023\/06\/IMG_2827-768x1024.jpg 768w, https:\/\/www.netvolleyangleur.be\/wp-content\/uploads\/2023\/06\/IMG_2827-1152x1536.jpg 1152w, https:\/\/www.netvolleyangleur.be\/wp-content\/uploads\/2023\/06\/IMG_2827-1536x2048.jpg 1536w, https:\/\/www.netvolleyangleur.be\/wp-content\/uploads\/2023\/06\/IMG_2827-scaled.jpg 1920w\" sizes=\"(max-width: 225px) 100vw, 225px\" \/>\u00a0 \u00a0 \u00a0 \u00a0 \u00a0 \u00a0 <img decoding=\"async\" class=\"alignnone wp-image-3224 size-medium\" style=\"font-size: 1rem;\" src=\"https:\/\/www.netvolleyangleur.be\/netvolley.angleur@gmail.com\/wp-content\/uploads\/2023\/06\/IMG_2827-1-225x300.jpg\" alt=\"\" width=\"225\" height=\"300\" srcset=\"https:\/\/www.netvolleyangleur.be\/wp-content\/uploads\/2023\/06\/IMG_2827-1-225x300.jpg 225w, https:\/\/www.netvolleyangleur.be\/wp-content\/uploads\/2023\/06\/IMG_2827-1-768x1024.jpg 768w, https:\/\/www.netvolleyangleur.be\/wp-content\/uploads\/2023\/06\/IMG_2827-1-1152x1536.jpg 1152w, https:\/\/www.netvolleyangleur.be\/wp-content\/uploads\/2023\/06\/IMG_2827-1-1536x2048.jpg 1536w, https:\/\/www.netvolleyangleur.be\/wp-content\/uploads\/2023\/06\/IMG_2827-1-scaled.jpg 1920w\" sizes=\"(max-width: 225px) 100vw, 225px\" \/>\u00a0 \u00a0 \u00a0 \u00a0 \u00a0 \u00a0\u00a0 <img decoding=\"async\" class=\"alignnone size-medium wp-image-3225\" style=\"font-size: 1rem;\" src=\"https:\/\/www.netvolleyangleur.be\/netvolley.angleur@gmail.com\/wp-content\/uploads\/2023\/06\/IMG_2828-225x300.jpg\" alt=\"\" width=\"225\" height=\"300\" srcset=\"https:\/\/www.netvolleyangleur.be\/wp-content\/uploads\/2023\/06\/IMG_2828-225x300.jpg 225w, https:\/\/www.netvolleyangleur.be\/wp-content\/uploads\/2023\/06\/IMG_2828-768x1024.jpg 768w, https:\/\/www.netvolleyangleur.be\/wp-content\/uploads\/2023\/06\/IMG_2828-1152x1536.jpg 1152w, https:\/\/www.netvolleyangleur.be\/wp-content\/uploads\/2023\/06\/IMG_2828-1536x2048.jpg 1536w, https:\/\/www.netvolleyangleur.be\/wp-content\/uploads\/2023\/06\/IMG_2828-scaled.jpg 1920w\" sizes=\"(max-width: 225px) 100vw, 225px\" \/><\/p>\n<p>\u00a0<\/p>\n<p>\u00a0 \u00a0 <img loading=\"lazy\" decoding=\"async\" class=\"alignnone size-medium wp-image-3226\" style=\"font-size: 1rem;\" src=\"https:\/\/www.netvolleyangleur.be\/netvolley.angleur@gmail.com\/wp-content\/uploads\/2023\/06\/IMG_2829-225x300.jpg\" alt=\"\" width=\"225\" height=\"300\" srcset=\"https:\/\/www.netvolleyangleur.be\/wp-content\/uploads\/2023\/06\/IMG_2829-225x300.jpg 225w, https:\/\/www.netvolleyangleur.be\/wp-content\/uploads\/2023\/06\/IMG_2829-768x1024.jpg 768w, https:\/\/www.netvolleyangleur.be\/wp-content\/uploads\/2023\/06\/IMG_2829-1152x1536.jpg 1152w, https:\/\/www.netvolleyangleur.be\/wp-content\/uploads\/2023\/06\/IMG_2829-1536x2048.jpg 1536w, https:\/\/www.netvolleyangleur.be\/wp-content\/uploads\/2023\/06\/IMG_2829-scaled.jpg 1920w\" sizes=\"(max-width: 225px) 100vw, 225px\" \/>\u00a0 \u00a0 \u00a0 \u00a0 \u00a0 \u00a0 \u00a0 \u00a0 \u00a0 \u00a0 <img loading=\"lazy\" decoding=\"async\" class=\"alignnone size-medium wp-image-3227\" style=\"font-size: 1rem;\" src=\"https:\/\/www.netvolleyangleur.be\/netvolley.angleur@gmail.com\/wp-content\/uploads\/2023\/06\/IMG_2830-225x300.jpg\" alt=\"\" width=\"225\" height=\"300\" srcset=\"https:\/\/www.netvolleyangleur.be\/wp-content\/uploads\/2023\/06\/IMG_2830-225x300.jpg 225w, https:\/\/www.netvolleyangleur.be\/wp-content\/uploads\/2023\/06\/IMG_2830-768x1024.jpg 768w, https:\/\/www.netvolleyangleur.be\/wp-content\/uploads\/2023\/06\/IMG_2830-1152x1536.jpg 1152w, https:\/\/www.netvolleyangleur.be\/wp-content\/uploads\/2023\/06\/IMG_2830-1536x2048.jpg 1536w, https:\/\/www.netvolleyangleur.be\/wp-content\/uploads\/2023\/06\/IMG_2830-scaled.jpg 1920w\" sizes=\"(max-width: 225px) 100vw, 225px\" \/>\u00a0 \u00a0 \u00a0 \u00a0 \u00a0 \u00a0 \u00a0 \u00a0 \u00a0 \u00a0 \u00a0 \u00a0 \u00a0 \u00a0 \u00a0<img loading=\"lazy\" decoding=\"async\" class=\"alignnone size-medium wp-image-3228\" style=\"font-size: 1rem;\" src=\"https:\/\/www.netvolleyangleur.be\/netvolley.angleur@gmail.com\/wp-content\/uploads\/2023\/06\/IMG_2831-225x300.jpg\" alt=\"\" width=\"225\" height=\"300\" srcset=\"https:\/\/www.netvolleyangleur.be\/wp-content\/uploads\/2023\/06\/IMG_2831-225x300.jpg 225w, https:\/\/www.netvolleyangleur.be\/wp-content\/uploads\/2023\/06\/IMG_2831-768x1024.jpg 768w, https:\/\/www.netvolleyangleur.be\/wp-content\/uploads\/2023\/06\/IMG_2831-1152x1536.jpg 1152w, https:\/\/www.netvolleyangleur.be\/wp-content\/uploads\/2023\/06\/IMG_2831-1536x2048.jpg 1536w, https:\/\/www.netvolleyangleur.be\/wp-content\/uploads\/2023\/06\/IMG_2831-scaled.jpg 1920w\" sizes=\"(max-width: 225px) 100vw, 225px\" \/><\/p>\n<p>\u00a0<\/p>\n<p><img loading=\"lazy\" decoding=\"async\" class=\"alignnone size-medium wp-image-3229\" style=\"font-size: 1rem;\" src=\"https:\/\/www.netvolleyangleur.be\/netvolley.angleur@gmail.com\/wp-content\/uploads\/2023\/06\/IMG_2832-225x300.jpg\" alt=\"\" width=\"225\" height=\"300\" srcset=\"https:\/\/www.netvolleyangleur.be\/wp-content\/uploads\/2023\/06\/IMG_2832-225x300.jpg 225w, https:\/\/www.netvolleyangleur.be\/wp-content\/uploads\/2023\/06\/IMG_2832-768x1024.jpg 768w, https:\/\/www.netvolleyangleur.be\/wp-content\/uploads\/2023\/06\/IMG_2832-1152x1536.jpg 1152w, https:\/\/www.netvolleyangleur.be\/wp-content\/uploads\/2023\/06\/IMG_2832-1536x2048.jpg 1536w, https:\/\/www.netvolleyangleur.be\/wp-content\/uploads\/2023\/06\/IMG_2832-scaled.jpg 1920w\" sizes=\"(max-width: 225px) 100vw, 225px\" \/>\u00a0 \u00a0 \u00a0 \u00a0 \u00a0 \u00a0\u00a0 <img loading=\"lazy\" decoding=\"async\" class=\"alignnone size-medium wp-image-3230\" style=\"font-size: 1rem;\" src=\"https:\/\/www.netvolleyangleur.be\/netvolley.angleur@gmail.com\/wp-content\/uploads\/2023\/06\/IMG_2833-225x300.jpg\" alt=\"\" width=\"225\" height=\"300\" srcset=\"https:\/\/www.netvolleyangleur.be\/wp-content\/uploads\/2023\/06\/IMG_2833-225x300.jpg 225w, https:\/\/www.netvolleyangleur.be\/wp-content\/uploads\/2023\/06\/IMG_2833-768x1024.jpg 768w, https:\/\/www.netvolleyangleur.be\/wp-content\/uploads\/2023\/06\/IMG_2833-1152x1536.jpg 1152w, https:\/\/www.netvolleyangleur.be\/wp-content\/uploads\/2023\/06\/IMG_2833-1536x2048.jpg 1536w, https:\/\/www.netvolleyangleur.be\/wp-content\/uploads\/2023\/06\/IMG_2833-scaled.jpg 1920w\" sizes=\"(max-width: 225px) 100vw, 225px\" \/>\u00a0 \u00a0 \u00a0 \u00a0 \u00a0 \u00a0 \u00a0 \u00a0 \u00a0\u00a0 <img loading=\"lazy\" decoding=\"async\" class=\"alignnone size-medium wp-image-3231\" style=\"font-size: 1rem;\" src=\"https:\/\/www.netvolleyangleur.be\/netvolley.angleur@gmail.com\/wp-content\/uploads\/2023\/06\/IMG_2834-300x225.jpg\" alt=\"\" width=\"300\" height=\"225\" srcset=\"https:\/\/www.netvolleyangleur.be\/wp-content\/uploads\/2023\/06\/IMG_2834-300x225.jpg 300w, https:\/\/www.netvolleyangleur.be\/wp-content\/uploads\/2023\/06\/IMG_2834-1024x768.jpg 1024w, https:\/\/www.netvolleyangleur.be\/wp-content\/uploads\/2023\/06\/IMG_2834-768x576.jpg 768w, https:\/\/www.netvolleyangleur.be\/wp-content\/uploads\/2023\/06\/IMG_2834-1536x1152.jpg 1536w, https:\/\/www.netvolleyangleur.be\/wp-content\/uploads\/2023\/06\/IMG_2834-2048x1536.jpg 2048w\" sizes=\"(max-width: 300px) 100vw, 300px\" \/> <span style=\"font-size: 1rem;\">\u00a0<\/span><\/p>\n<p>\u00a0<\/p>\n<p><img loading=\"lazy\" decoding=\"async\" class=\"alignnone size-medium wp-image-3233\" style=\"font-size: 1rem;\" src=\"https:\/\/www.netvolleyangleur.be\/netvolley.angleur@gmail.com\/wp-content\/uploads\/2023\/06\/IMG_2836-225x300.jpg\" alt=\"\" width=\"225\" height=\"300\" srcset=\"https:\/\/www.netvolleyangleur.be\/wp-content\/uploads\/2023\/06\/IMG_2836-225x300.jpg 225w, https:\/\/www.netvolleyangleur.be\/wp-content\/uploads\/2023\/06\/IMG_2836-768x1024.jpg 768w, https:\/\/www.netvolleyangleur.be\/wp-content\/uploads\/2023\/06\/IMG_2836-1152x1536.jpg 1152w, https:\/\/www.netvolleyangleur.be\/wp-content\/uploads\/2023\/06\/IMG_2836-1536x2048.jpg 1536w, https:\/\/www.netvolleyangleur.be\/wp-content\/uploads\/2023\/06\/IMG_2836-scaled.jpg 1920w\" sizes=\"(max-width: 225px) 100vw, 225px\" \/>\u00a0 \u00a0 \u00a0 \u00a0 \u00a0 \u00a0 \u00a0 \u00a0 \u00a0 \u00a0 \u00a0 <img loading=\"lazy\" decoding=\"async\" class=\"alignnone size-medium wp-image-3234\" style=\"font-size: 1rem;\" src=\"https:\/\/www.netvolleyangleur.be\/netvolley.angleur@gmail.com\/wp-content\/uploads\/2023\/06\/IMG_2837-225x300.jpg\" alt=\"\" width=\"225\" height=\"300\" srcset=\"https:\/\/www.netvolleyangleur.be\/wp-content\/uploads\/2023\/06\/IMG_2837-225x300.jpg 225w, https:\/\/www.netvolleyangleur.be\/wp-content\/uploads\/2023\/06\/IMG_2837-768x1024.jpg 768w, https:\/\/www.netvolleyangleur.be\/wp-content\/uploads\/2023\/06\/IMG_2837-1152x1536.jpg 1152w, https:\/\/www.netvolleyangleur.be\/wp-content\/uploads\/2023\/06\/IMG_2837-1536x2048.jpg 1536w, https:\/\/www.netvolleyangleur.be\/wp-content\/uploads\/2023\/06\/IMG_2837-scaled.jpg 1920w\" sizes=\"(max-width: 225px) 100vw, 225px\" \/>\u00a0 \u00a0 \u00a0 \u00a0 \u00a0 \u00a0 <img loading=\"lazy\" decoding=\"async\" class=\"alignnone size-medium wp-image-3235\" style=\"font-size: 1rem;\" src=\"https:\/\/www.netvolleyangleur.be\/netvolley.angleur@gmail.com\/wp-content\/uploads\/2023\/06\/IMG_2838-300x225.jpg\" alt=\"\" width=\"300\" height=\"225\" srcset=\"https:\/\/www.netvolleyangleur.be\/wp-content\/uploads\/2023\/06\/IMG_2838-300x225.jpg 300w, https:\/\/www.netvolleyangleur.be\/wp-content\/uploads\/2023\/06\/IMG_2838-1024x768.jpg 1024w, https:\/\/www.netvolleyangleur.be\/wp-content\/uploads\/2023\/06\/IMG_2838-768x576.jpg 768w, https:\/\/www.netvolleyangleur.be\/wp-content\/uploads\/2023\/06\/IMG_2838-1536x1152.jpg 1536w, https:\/\/www.netvolleyangleur.be\/wp-content\/uploads\/2023\/06\/IMG_2838-2048x1536.jpg 2048w\" sizes=\"(max-width: 300px) 100vw, 300px\" \/><\/p>\n<p>\u00a0<\/p>\n<p>\u00a0 \u00a0 \u00a0 \u00a0 \u00a0 \u00a0 \u00a0 \u00a0 <img loading=\"lazy\" decoding=\"async\" class=\"alignnone size-medium wp-image-3236\" style=\"font-size: 1rem;\" src=\"https:\/\/www.netvolleyangleur.be\/netvolley.angleur@gmail.com\/wp-content\/uploads\/2023\/06\/IMG_2839-300x225.jpg\" alt=\"\" width=\"300\" height=\"225\" srcset=\"https:\/\/www.netvolleyangleur.be\/wp-content\/uploads\/2023\/06\/IMG_2839-300x225.jpg 300w, https:\/\/www.netvolleyangleur.be\/wp-content\/uploads\/2023\/06\/IMG_2839-1024x768.jpg 1024w, https:\/\/www.netvolleyangleur.be\/wp-content\/uploads\/2023\/06\/IMG_2839-768x576.jpg 768w, https:\/\/www.netvolleyangleur.be\/wp-content\/uploads\/2023\/06\/IMG_2839-1536x1152.jpg 1536w, https:\/\/www.netvolleyangleur.be\/wp-content\/uploads\/2023\/06\/IMG_2839-2048x1536.jpg 2048w\" sizes=\"(max-width: 300px) 100vw, 300px\" \/>\u00a0 \u00a0 \u00a0 \u00a0 \u00a0 \u00a0 \u00a0 \u00a0 \u00a0 \u00a0 \u00a0 \u00a0 \u00a0 \u00a0 \u00a0 \u00a0 \u00a0 \u00a0 \u00a0 \u00a0 \u00a0 \u00a0\u00a0 <img loading=\"lazy\" decoding=\"async\" class=\"alignnone size-medium wp-image-3237\" style=\"font-size: 1rem;\" src=\"https:\/\/www.netvolleyangleur.be\/netvolley.angleur@gmail.com\/wp-content\/uploads\/2023\/06\/IMG_2840-300x225.jpg\" alt=\"\" width=\"300\" height=\"225\" srcset=\"https:\/\/www.netvolleyangleur.be\/wp-content\/uploads\/2023\/06\/IMG_2840-300x225.jpg 300w, https:\/\/www.netvolleyangleur.be\/wp-content\/uploads\/2023\/06\/IMG_2840-1024x768.jpg 1024w, https:\/\/www.netvolleyangleur.be\/wp-content\/uploads\/2023\/06\/IMG_2840-768x576.jpg 768w, https:\/\/www.netvolleyangleur.be\/wp-content\/uploads\/2023\/06\/IMG_2840-1536x1152.jpg 1536w, https:\/\/www.netvolleyangleur.be\/wp-content\/uploads\/2023\/06\/IMG_2840-2048x1536.jpg 2048w\" sizes=\"(max-width: 300px) 100vw, 300px\" \/><\/p>\n\t\t\t\t\t\t\t\t<\/div>\n\t\t\t\t<\/div>\n\t\t\t\t\t<\/div>\n\t\t<\/div>\n\t\t\t\t\t<\/div>\n\t\t<\/section>\n\t\t\t\t<\/div>\n\t\t","protected":false},"excerpt":{"rendered":"<p>Apr\u00e8s la formation des \u00e9quipes, le comit\u00e9 \u00e0 droit \u00e0 quelques heures de distractions (avec leurs conjoints) &nbsp; &nbsp; &nbsp; &nbsp; &nbsp; &nbsp; &nbsp; &nbsp; [&hellip;]<\/p>\n","protected":false},"author":1,"featured_media":0,"parent":0,"menu_order":0,"comment_status":"closed","ping_status":"closed","template":"","meta":{"footnotes":""},"class_list":["post-2768","page","type-page","status-publish","hentry"],"_links":{"self":[{"href":"https:\/\/www.netvolleyangleur.be\/index.php\/wp-json\/wp\/v2\/pages\/2768","targetHints":{"allow":["GET"]}}],"collection":[{"href":"https:\/\/www.netvolleyangleur.be\/index.php\/wp-json\/wp\/v2\/pages"}],"about":[{"href":"https:\/\/www.netvolleyangleur.be\/index.php\/wp-json\/wp\/v2\/types\/page"}],"author":[{"embeddable":true,"href":"https:\/\/www.netvolleyangleur.be\/index.php\/wp-json\/wp\/v2\/users\/1"}],"replies":[{"embeddable":true,"href":"https:\/\/www.netvolleyangleur.be\/index.php\/wp-json\/wp\/v2\/comments?post=2768"}],"version-history":[{"count":6,"href":"https:\/\/www.netvolleyangleur.be\/index.php\/wp-json\/wp\/v2\/pages\/2768\/revisions"}],"predecessor-version":[{"id":3241,"href":"https:\/\/www.netvolleyangleur.be\/index.php\/wp-json\/wp\/v2\/pages\/2768\/revisions\/3241"}],"wp:attachment":[{"href":"https:\/\/www.netvolleyangleur.be\/index.php\/wp-json\/wp\/v2\/media?parent=2768"}],"curies":[{"name":"wp","href":"https:\/\/api.w.org\/{rel}","templated":true}]}}