{"id":2772,"date":"2023-06-11T17:59:27","date_gmt":"2023-06-11T15:59:27","guid":{"rendered":"https:\/\/www.netvolleyangleur.be\/netvolley.angleur@gmail.com\/?page_id=2772"},"modified":"2023-09-02T15:58:47","modified_gmt":"2023-09-02T13:58:47","slug":"un-entrainement-avec-un-americain","status":"publish","type":"page","link":"https:\/\/www.netvolleyangleur.be\/index.php\/un-entrainement-avec-un-americain\/","title":{"rendered":"Un entrainement avec un Am\u00e9ricain"},"content":{"rendered":"\t\t<div data-elementor-type=\"wp-page\" data-elementor-id=\"2772\" class=\"elementor elementor-2772\">\n\t\t\t\t\t\t<section class=\"elementor-section elementor-top-section elementor-element elementor-element-74fcd7c elementor-section-boxed elementor-section-height-default elementor-section-height-default\" data-id=\"74fcd7c\" data-element_type=\"section\" data-e-type=\"section\">\n\t\t\t\t\t\t<div class=\"elementor-container elementor-column-gap-default\">\n\t\t\t\t\t<div class=\"elementor-column elementor-col-100 elementor-top-column elementor-element elementor-element-5abc18c\" data-id=\"5abc18c\" data-element_type=\"column\" data-e-type=\"column\">\n\t\t\t<div class=\"elementor-widget-wrap elementor-element-populated\">\n\t\t\t\t\t\t<div class=\"elementor-element elementor-element-0da95e9 elementor-widget elementor-widget-heading\" data-id=\"0da95e9\" data-element_type=\"widget\" data-e-type=\"widget\" data-widget_type=\"heading.default\">\n\t\t\t\t<div class=\"elementor-widget-container\">\n\t\t\t\t\t<h2 class=\"elementor-heading-title elementor-size-default\">Visite d'un joueur Am\u00e9ricain \u00e0 la d\u00e9couverte du Net Volley<\/h2>\t\t\t\t<\/div>\n\t\t\t\t<\/div>\n\t\t\t\t\t<\/div>\n\t\t<\/div>\n\t\t\t\t\t<\/div>\n\t\t<\/section>\n\t\t\t\t<section class=\"elementor-section elementor-top-section elementor-element elementor-element-440ce1d elementor-section-boxed elementor-section-height-default elementor-section-height-default\" data-id=\"440ce1d\" data-element_type=\"section\" data-e-type=\"section\">\n\t\t\t\t\t\t<div class=\"elementor-container elementor-column-gap-default\">\n\t\t\t\t\t<div class=\"elementor-column elementor-col-100 elementor-top-column elementor-element elementor-element-cc1fbf7\" data-id=\"cc1fbf7\" data-element_type=\"column\" data-e-type=\"column\">\n\t\t\t<div class=\"elementor-widget-wrap elementor-element-populated\">\n\t\t\t\t\t\t<div class=\"elementor-element elementor-element-797e4dd elementor-widget elementor-widget-spacer\" data-id=\"797e4dd\" data-element_type=\"widget\" data-e-type=\"widget\" data-widget_type=\"spacer.default\">\n\t\t\t\t<div class=\"elementor-widget-container\">\n\t\t\t\t\t\t\t<div class=\"elementor-spacer\">\n\t\t\t<div class=\"elementor-spacer-inner\"><\/div>\n\t\t<\/div>\n\t\t\t\t\t\t<\/div>\n\t\t\t\t<\/div>\n\t\t\t\t\t<\/div>\n\t\t<\/div>\n\t\t\t\t\t<\/div>\n\t\t<\/section>\n\t\t\t\t<section class=\"elementor-section elementor-top-section elementor-element elementor-element-3558b42 elementor-section-boxed elementor-section-height-default elementor-section-height-default\" data-id=\"3558b42\" data-element_type=\"section\" data-e-type=\"section\">\n\t\t\t\t\t\t<div class=\"elementor-container elementor-column-gap-default\">\n\t\t\t\t\t<div class=\"elementor-column elementor-col-100 elementor-top-column elementor-element elementor-element-9a0123a\" data-id=\"9a0123a\" data-element_type=\"column\" data-e-type=\"column\">\n\t\t\t<div class=\"elementor-widget-wrap elementor-element-populated\">\n\t\t\t\t\t\t<div class=\"elementor-element elementor-element-85d9d63 elementor-widget elementor-widget-image-gallery\" data-id=\"85d9d63\" data-element_type=\"widget\" data-e-type=\"widget\" data-widget_type=\"image-gallery.default\">\n\t\t\t\t<div class=\"elementor-widget-container\">\n\t\t\t\t\t\t\t<div class=\"elementor-image-gallery\">\n\t\t\t<div id='gallery-1' class='gallery galleryid-2772 gallery-columns-2 gallery-size-thumbnail'><figure class='gallery-item'>\n\t\t\t<div class='gallery-icon portrait'>\n\t\t\t\t<a data-elementor-open-lightbox=\"yes\" data-elementor-lightbox-slideshow=\"85d9d63\" data-elementor-lightbox-title=\"IMG_2892\" data-e-action-hash=\"#elementor-action%3Aaction%3Dlightbox%26settings%3DeyJpZCI6NTg1OSwidXJsIjoiaHR0cHM6XC9cL3d3dy5uZXR2b2xsZXlhbmdsZXVyLmJlXC93cC1jb250ZW50XC91cGxvYWRzXC8yMDIzXC8wN1wvSU1HXzI4OTItc2NhbGVkLmpwZyIsInNsaWRlc2hvdyI6Ijg1ZDlkNjMifQ%3D%3D\" href='https:\/\/www.netvolleyangleur.be\/wp-content\/uploads\/2023\/07\/IMG_2892-scaled.jpg'><img decoding=\"async\" width=\"150\" height=\"150\" src=\"https:\/\/www.netvolleyangleur.be\/wp-content\/uploads\/2023\/07\/IMG_2892-150x150.jpg\" class=\"attachment-thumbnail size-thumbnail\" alt=\"\" \/><\/a>\n\t\t\t<\/div><\/figure><figure class='gallery-item'>\n\t\t\t<div class='gallery-icon portrait'>\n\t\t\t\t<a data-elementor-open-lightbox=\"yes\" data-elementor-lightbox-slideshow=\"85d9d63\" data-elementor-lightbox-title=\"IMG_2893\" data-e-action-hash=\"#elementor-action%3Aaction%3Dlightbox%26settings%3DeyJpZCI6NTg2MCwidXJsIjoiaHR0cHM6XC9cL3d3dy5uZXR2b2xsZXlhbmdsZXVyLmJlXC93cC1jb250ZW50XC91cGxvYWRzXC8yMDIzXC8wN1wvSU1HXzI4OTMtc2NhbGVkLmpwZyIsInNsaWRlc2hvdyI6Ijg1ZDlkNjMifQ%3D%3D\" href='https:\/\/www.netvolleyangleur.be\/wp-content\/uploads\/2023\/07\/IMG_2893-scaled.jpg'><img decoding=\"async\" width=\"150\" height=\"150\" src=\"https:\/\/www.netvolleyangleur.be\/wp-content\/uploads\/2023\/07\/IMG_2893-150x150.jpg\" class=\"attachment-thumbnail size-thumbnail\" alt=\"\" \/><\/a>\n\t\t\t<\/div><\/figure>\n\t\t<\/div>\n\t\t<\/div>\n\t\t\t\t\t\t<\/div>\n\t\t\t\t<\/div>\n\t\t\t\t\t<\/div>\n\t\t<\/div>\n\t\t\t\t\t<\/div>\n\t\t<\/section>\n\t\t\t\t<section class=\"elementor-section elementor-top-section elementor-element elementor-element-a99407b elementor-section-boxed elementor-section-height-default elementor-section-height-default\" data-id=\"a99407b\" data-element_type=\"section\" data-e-type=\"section\">\n\t\t\t\t\t\t<div class=\"elementor-container elementor-column-gap-default\">\n\t\t\t\t\t<div class=\"elementor-column elementor-col-100 elementor-top-column elementor-element elementor-element-ae9ffb2\" data-id=\"ae9ffb2\" data-element_type=\"column\" data-e-type=\"column\">\n\t\t\t<div class=\"elementor-widget-wrap\">\n\t\t\t\t\t\t\t<\/div>\n\t\t<\/div>\n\t\t\t\t\t<\/div>\n\t\t<\/section>\n\t\t\t\t<section class=\"elementor-section elementor-top-section elementor-element elementor-element-cae735e elementor-section-boxed elementor-section-height-default elementor-section-height-default\" data-id=\"cae735e\" data-element_type=\"section\" data-e-type=\"section\">\n\t\t\t\t\t\t<div class=\"elementor-container elementor-column-gap-default\">\n\t\t\t\t\t<div class=\"elementor-column elementor-col-25 elementor-top-column elementor-element elementor-element-f4e58f5\" data-id=\"f4e58f5\" data-element_type=\"column\" data-e-type=\"column\">\n\t\t\t<div class=\"elementor-widget-wrap elementor-element-populated\">\n\t\t\t\t\t\t<div class=\"elementor-element elementor-element-55c1815 elementor-widget elementor-widget-video\" data-id=\"55c1815\" data-element_type=\"widget\" data-e-type=\"widget\" data-settings=\"{&quot;video_type&quot;:&quot;hosted&quot;,&quot;controls&quot;:&quot;yes&quot;}\" data-widget_type=\"video.default\">\n\t\t\t\t<div class=\"elementor-widget-container\">\n\t\t\t\t\t\t\t<div class=\"e-hosted-video elementor-wrapper elementor-open-inline\">\n\t\t\t\t\t<video class=\"elementor-video\" src=\"https:\/\/www.netvolleyangleur.be\/wp-content\/uploads\/2023\/09\/IMG_2890.mov\" controls=\"\" preload=\"metadata\" controlsList=\"nodownload\"><\/video>\n\t\t\t\t<\/div>\n\t\t\t\t\t\t<\/div>\n\t\t\t\t<\/div>\n\t\t\t\t\t<\/div>\n\t\t<\/div>\n\t\t\t\t<div class=\"elementor-column elementor-col-25 elementor-top-column elementor-element elementor-element-d07cba2\" data-id=\"d07cba2\" data-element_type=\"column\" data-e-type=\"column\">\n\t\t\t<div class=\"elementor-widget-wrap elementor-element-populated\">\n\t\t\t\t\t\t<div class=\"elementor-element elementor-element-fab52de elementor-widget elementor-widget-spacer\" data-id=\"fab52de\" data-element_type=\"widget\" data-e-type=\"widget\" data-widget_type=\"spacer.default\">\n\t\t\t\t<div class=\"elementor-widget-container\">\n\t\t\t\t\t\t\t<div class=\"elementor-spacer\">\n\t\t\t<div class=\"elementor-spacer-inner\"><\/div>\n\t\t<\/div>\n\t\t\t\t\t\t<\/div>\n\t\t\t\t<\/div>\n\t\t\t\t<div class=\"elementor-element elementor-element-760de3b elementor-widget elementor-widget-video\" data-id=\"760de3b\" data-element_type=\"widget\" data-e-type=\"widget\" data-settings=\"{&quot;video_type&quot;:&quot;hosted&quot;,&quot;controls&quot;:&quot;yes&quot;}\" data-widget_type=\"video.default\">\n\t\t\t\t<div class=\"elementor-widget-container\">\n\t\t\t\t\t\t\t<div class=\"e-hosted-video elementor-wrapper elementor-open-inline\">\n\t\t\t\t\t<video class=\"elementor-video\" src=\"https:\/\/www.netvolleyangleur.be\/wp-content\/uploads\/2023\/09\/IMG_2895.mov\" controls=\"\" preload=\"metadata\" controlsList=\"nodownload\"><\/video>\n\t\t\t\t<\/div>\n\t\t\t\t\t\t<\/div>\n\t\t\t\t<\/div>\n\t\t\t\t\t<\/div>\n\t\t<\/div>\n\t\t\t\t<div class=\"elementor-column elementor-col-25 elementor-top-column elementor-element elementor-element-44e6c93\" data-id=\"44e6c93\" data-element_type=\"column\" data-e-type=\"column\">\n\t\t\t<div class=\"elementor-widget-wrap elementor-element-populated\">\n\t\t\t\t\t\t<div class=\"elementor-element elementor-element-63ca0dd elementor-widget elementor-widget-spacer\" data-id=\"63ca0dd\" data-element_type=\"widget\" data-e-type=\"widget\" data-widget_type=\"spacer.default\">\n\t\t\t\t<div class=\"elementor-widget-container\">\n\t\t\t\t\t\t\t<div class=\"elementor-spacer\">\n\t\t\t<div class=\"elementor-spacer-inner\"><\/div>\n\t\t<\/div>\n\t\t\t\t\t\t<\/div>\n\t\t\t\t<\/div>\n\t\t\t\t<div class=\"elementor-element elementor-element-f29d65d elementor-widget elementor-widget-image-gallery\" data-id=\"f29d65d\" data-element_type=\"widget\" data-e-type=\"widget\" data-widget_type=\"image-gallery.default\">\n\t\t\t\t<div class=\"elementor-widget-container\">\n\t\t\t\t\t\t\t<div class=\"elementor-image-gallery\">\n\t\t\t<div id='gallery-2' class='gallery galleryid-2772 gallery-columns-1 gallery-size-full'><figure class='gallery-item'>\n\t\t\t<div class='gallery-icon landscape'>\n\t\t\t\t<a data-elementor-open-lightbox=\"yes\" data-elementor-lightbox-slideshow=\"f29d65d\" data-elementor-lightbox-title=\"IMG_2891_out0001\" data-e-action-hash=\"#elementor-action%3Aaction%3Dlightbox%26settings%3DeyJpZCI6NzkzMCwidXJsIjoiaHR0cHM6XC9cL3d3dy5uZXR2b2xsZXlhbmdsZXVyLmJlXC93cC1jb250ZW50XC91cGxvYWRzXC8yMDIzXC8wOVwvSU1HXzI4OTFfb3V0MDAwMS1yb3RhdGVkLmpwZyIsInNsaWRlc2hvdyI6ImYyOWQ2NWQifQ%3D%3D\" href='https:\/\/www.netvolleyangleur.be\/wp-content\/uploads\/2023\/09\/IMG_2891_out0001-rotated.jpg'><img fetchpriority=\"high\" decoding=\"async\" width=\"1920\" height=\"1080\" src=\"https:\/\/www.netvolleyangleur.be\/wp-content\/uploads\/2023\/09\/IMG_2891_out0001-rotated.jpg\" class=\"attachment-full size-full\" alt=\"\" srcset=\"https:\/\/www.netvolleyangleur.be\/wp-content\/uploads\/2023\/09\/IMG_2891_out0001-rotated.jpg 1920w, https:\/\/www.netvolleyangleur.be\/wp-content\/uploads\/2023\/09\/IMG_2891_out0001-300x169.jpg 300w, https:\/\/www.netvolleyangleur.be\/wp-content\/uploads\/2023\/09\/IMG_2891_out0001-1024x576.jpg 1024w, https:\/\/www.netvolleyangleur.be\/wp-content\/uploads\/2023\/09\/IMG_2891_out0001-768x432.jpg 768w, https:\/\/www.netvolleyangleur.be\/wp-content\/uploads\/2023\/09\/IMG_2891_out0001-1536x864.jpg 1536w\" sizes=\"(max-width: 1920px) 100vw, 1920px\" \/><\/a>\n\t\t\t<\/div><\/figure>\n\t\t<\/div>\n\t\t<\/div>\n\t\t\t\t\t\t<\/div>\n\t\t\t\t<\/div>\n\t\t\t\t\t<\/div>\n\t\t<\/div>\n\t\t\t\t<div class=\"elementor-column elementor-col-25 elementor-top-column elementor-element elementor-element-b9af2a8\" data-id=\"b9af2a8\" data-element_type=\"column\" data-e-type=\"column\">\n\t\t\t<div class=\"elementor-widget-wrap elementor-element-populated\">\n\t\t\t\t\t\t<div class=\"elementor-element elementor-element-a28ae2e elementor-widget elementor-widget-image-gallery\" data-id=\"a28ae2e\" data-element_type=\"widget\" data-e-type=\"widget\" data-widget_type=\"image-gallery.default\">\n\t\t\t\t<div class=\"elementor-widget-container\">\n\t\t\t\t\t\t\t<div class=\"elementor-image-gallery\">\n\t\t\t<div id='gallery-3' class='gallery galleryid-2772 gallery-columns-1 gallery-size-full'><figure class='gallery-item'>\n\t\t\t<div class='gallery-icon portrait'>\n\t\t\t\t<a data-elementor-open-lightbox=\"yes\" data-elementor-lightbox-slideshow=\"a28ae2e\" data-elementor-lightbox-title=\"IMG_2896_out0001\" data-e-action-hash=\"#elementor-action%3Aaction%3Dlightbox%26settings%3DeyJpZCI6NzkzMSwidXJsIjoiaHR0cHM6XC9cL3d3dy5uZXR2b2xsZXlhbmdsZXVyLmJlXC93cC1jb250ZW50XC91cGxvYWRzXC8yMDIzXC8wOVwvSU1HXzI4OTZfb3V0MDAwMS5qcGciLCJzbGlkZXNob3ciOiJhMjhhZTJlIn0%3D\" href='https:\/\/www.netvolleyangleur.be\/wp-content\/uploads\/2023\/09\/IMG_2896_out0001.jpg'><img loading=\"lazy\" decoding=\"async\" width=\"1080\" height=\"1920\" src=\"https:\/\/www.netvolleyangleur.be\/wp-content\/uploads\/2023\/09\/IMG_2896_out0001.jpg\" class=\"attachment-full size-full\" alt=\"\" srcset=\"https:\/\/www.netvolleyangleur.be\/wp-content\/uploads\/2023\/09\/IMG_2896_out0001.jpg 1080w, https:\/\/www.netvolleyangleur.be\/wp-content\/uploads\/2023\/09\/IMG_2896_out0001-169x300.jpg 169w, https:\/\/www.netvolleyangleur.be\/wp-content\/uploads\/2023\/09\/IMG_2896_out0001-576x1024.jpg 576w, https:\/\/www.netvolleyangleur.be\/wp-content\/uploads\/2023\/09\/IMG_2896_out0001-768x1365.jpg 768w, https:\/\/www.netvolleyangleur.be\/wp-content\/uploads\/2023\/09\/IMG_2896_out0001-864x1536.jpg 864w\" sizes=\"(max-width: 1080px) 100vw, 1080px\" \/><\/a>\n\t\t\t<\/div><\/figure>\n\t\t<\/div>\n\t\t<\/div>\n\t\t\t\t\t\t<\/div>\n\t\t\t\t<\/div>\n\t\t\t\t\t<\/div>\n\t\t<\/div>\n\t\t\t\t\t<\/div>\n\t\t<\/section>\n\t\t\t\t<\/div>\n\t\t","protected":false},"excerpt":{"rendered":"<p>Visite d&rsquo;un joueur Am\u00e9ricain \u00e0 la d\u00e9couverte du Net Volley https:\/\/www.netvolleyangleur.be\/wp-content\/uploads\/2023\/09\/IMG_2890.mov https:\/\/www.netvolleyangleur.be\/wp-content\/uploads\/2023\/09\/IMG_2895.mov<\/p>\n","protected":false},"author":1,"featured_media":0,"parent":0,"menu_order":0,"comment_status":"closed","ping_status":"closed","template":"","meta":{"footnotes":""},"class_list":["post-2772","page","type-page","status-publish","hentry"],"_links":{"self":[{"href":"https:\/\/www.netvolleyangleur.be\/index.php\/wp-json\/wp\/v2\/pages\/2772","targetHints":{"allow":["GET"]}}],"collection":[{"href":"https:\/\/www.netvolleyangleur.be\/index.php\/wp-json\/wp\/v2\/pages"}],"about":[{"href":"https:\/\/www.netvolleyangleur.be\/index.php\/wp-json\/wp\/v2\/types\/page"}],"author":[{"embeddable":true,"href":"https:\/\/www.netvolleyangleur.be\/index.php\/wp-json\/wp\/v2\/users\/1"}],"replies":[{"embeddable":true,"href":"https:\/\/www.netvolleyangleur.be\/index.php\/wp-json\/wp\/v2\/comments?post=2772"}],"version-history":[{"count":14,"href":"https:\/\/www.netvolleyangleur.be\/index.php\/wp-json\/wp\/v2\/pages\/2772\/revisions"}],"predecessor-version":[{"id":7934,"href":"https:\/\/www.netvolleyangleur.be\/index.php\/wp-json\/wp\/v2\/pages\/2772\/revisions\/7934"}],"wp:attachment":[{"href":"https:\/\/www.netvolleyangleur.be\/index.php\/wp-json\/wp\/v2\/media?parent=2772"}],"curies":[{"name":"wp","href":"https:\/\/api.w.org\/{rel}","templated":true}]}}