{"id":3337,"date":"2023-06-17T12:25:39","date_gmt":"2023-06-17T10:25:39","guid":{"rendered":"https:\/\/www.netvolleyangleur.be\/netvolley.angleur@gmail.com\/?page_id=3337"},"modified":"2023-12-03T14:08:53","modified_gmt":"2023-12-03T13:08:53","slug":"accueil","status":"publish","type":"page","link":"https:\/\/www.netvolleyangleur.be\/index.php\/accueil\/","title":{"rendered":"Accueil"},"content":{"rendered":"\t\t<div data-elementor-type=\"wp-page\" data-elementor-id=\"3337\" class=\"elementor elementor-3337\">\n\t\t\t\t<div class=\"elementor-element elementor-element-bb38aa6 e-flex e-con-boxed e-con e-parent\" data-id=\"bb38aa6\" data-element_type=\"container\" data-e-type=\"container\">\n\t\t\t\t\t<div class=\"e-con-inner\">\n\t\t\t\t<div class=\"elementor-element elementor-element-6136cf9 elementor-widget elementor-widget-lottie\" data-id=\"6136cf9\" data-element_type=\"widget\" data-e-type=\"widget\" data-widget_type=\"lottie.default\">\n\t\t\t\t<div class=\"elementor-widget-container\">\n\t\t\t\t\t \t\t\t\t<\/div>\n\t\t\t\t<\/div>\n\t\t\t\t\t<\/div>\n\t\t\t\t<\/div>\n\t\t\t\t<section class=\"elementor-section elementor-top-section elementor-element elementor-element-3863f6e7 elementor-section-boxed elementor-section-height-default elementor-section-height-default\" data-id=\"3863f6e7\" data-element_type=\"section\" data-e-type=\"section\">\n\t\t\t\t\t\t<div class=\"elementor-container elementor-column-gap-default\">\n\t\t\t\t\t<div class=\"elementor-column elementor-col-100 elementor-top-column elementor-element elementor-element-7a97f53a\" data-id=\"7a97f53a\" data-element_type=\"column\" data-e-type=\"column\">\n\t\t\t<div class=\"elementor-widget-wrap elementor-element-populated\">\n\t\t\t\t\t\t<div class=\"elementor-element elementor-element-44326615 elementor-widget elementor-widget-text-editor\" data-id=\"44326615\" data-element_type=\"widget\" data-e-type=\"widget\" data-widget_type=\"text-editor.default\">\n\t\t\t\t<div class=\"elementor-widget-container\">\n\t\t\t\t\t\t\t\t\t\n<p class=\"has-text-align-left has-brown-color has-text-color\"><span style=\"text-decoration: underline;\"><span style=\"color: #000000; text-decoration: underline;\"><strong>Adresse du lieu d\u2019entra\u00eenement et de comp\u00e9tition :<\/strong><\/span><\/span><\/p>\n<p><\/p>\n<p>\u00a0<\/p>\n<p><\/p>\n<p class=\"has-text-align-center has-pink-color has-text-color\">\u00a0\u00a0\u00a0 <span style=\"color: #993366;\"><strong>Hall omnisports \u00ab\u00a0Charles Davin\u00a0\u00bb<\/strong><\/span><\/p>\n<p><span style=\"color: #993366;\"><\/span><\/p>\n<p class=\"has-text-align-center has-pink-color has-text-color\"><span style=\"color: #993366;\">\u00a0\u00a0\u00a0<strong> Rue Sous-le-Bois, 2<\/strong><\/span><\/p>\n<p><span style=\"color: #993366;\"><\/span><\/p>\n<p class=\"has-text-align-center has-pink-color has-text-color\"><span style=\"color: #993366;\">\u00a0\u00a0\u00a0 <strong>4031 Angleur<\/strong><\/span><\/p>\n<p><\/p>\n<p class=\"has-text-align-right has-black-color has-text-color\">\u00a0\u00a0\u00a0 <span style=\"color: #000000;\"><strong>T\u00e9l. hall\u00a0: 04\/367.14.33<\/strong><\/span><\/p>\n<p><span style=\"color: #000000;\"><\/span><\/p>\n<p class=\"has-text-align-right has-black-color has-text-color\"><span style=\"color: #000000;\">\u00a0\u00a0\u00a0\u00a0<strong>T\u00e9l. caf\u00e9t\u00e9ria (Vanessa)\u00a0: 0498.24.57.57<\/strong><\/span><\/p>\n<p><\/p>\n<p>\u00a0<\/p>\n<p><\/p>\n<p class=\"has-text-align-center has-red-color has-text-color\">\u00a0\u00a0\u00a0\u00a0<strong><span style=\"color: #0000ff;\">Contact pr\u00e9sidence :<\/span> <span style=\"color: #ff0000;\">Philippe Go\u00ebm\u00e9 : 0495.10.65.47\u00a0:<\/span> <span style=\"text-decoration: underline; color: #3366ff;\">philgoeme@msn.com<\/span><\/strong><\/p>\n<p><\/p>\n<p class=\"has-text-align-center has-blue-color has-text-color has-regular-font-size\">\u00a0\u00a0\u00a0 <strong><span style=\"color: #0000ff;\">Contact secr\u00e9tariat\u00a0:<\/span>\u00a0<span style=\"color: #ff0000;\">Genevi\u00e8ve Malaxhe :<\/span> <span style=\"text-decoration: underline;\"><span style=\"color: #3366ff; text-decoration: underline;\">netvolley.angleur@gmail.com<\/span><\/span><\/strong><\/p>\n<p>\u00a0<\/p>\n<p style=\"text-align: center;\"><span style=\"color: #000000;\"><strong>Site Internet :<\/strong><\/span> <strong><span style=\"color: #800080;\">www.netvolleyangleur.be<\/span><\/strong><\/p>\n\t\t\t\t\t\t\t\t<\/div>\n\t\t\t\t<\/div>\n\t\t\t\t\t<\/div>\n\t\t<\/div>\n\t\t\t\t\t<\/div>\n\t\t<\/section>\n\t\t\t\t<\/div>\n\t\t","protected":false},"excerpt":{"rendered":"<p>Adresse du lieu d\u2019entra\u00eenement et de comp\u00e9tition : \u00a0 \u00a0\u00a0\u00a0 Hall omnisports \u00ab\u00a0Charles Davin\u00a0\u00bb \u00a0\u00a0\u00a0 Rue Sous-le-Bois, 2 \u00a0\u00a0\u00a0 4031 Angleur \u00a0\u00a0\u00a0 T\u00e9l. hall\u00a0: 04\/367.14.33 [&hellip;]<\/p>\n","protected":false},"author":1,"featured_media":0,"parent":0,"menu_order":0,"comment_status":"closed","ping_status":"closed","template":"","meta":{"footnotes":""},"class_list":["post-3337","page","type-page","status-publish","hentry"],"_links":{"self":[{"href":"https:\/\/www.netvolleyangleur.be\/index.php\/wp-json\/wp\/v2\/pages\/3337","targetHints":{"allow":["GET"]}}],"collection":[{"href":"https:\/\/www.netvolleyangleur.be\/index.php\/wp-json\/wp\/v2\/pages"}],"about":[{"href":"https:\/\/www.netvolleyangleur.be\/index.php\/wp-json\/wp\/v2\/types\/page"}],"author":[{"embeddable":true,"href":"https:\/\/www.netvolleyangleur.be\/index.php\/wp-json\/wp\/v2\/users\/1"}],"replies":[{"embeddable":true,"href":"https:\/\/www.netvolleyangleur.be\/index.php\/wp-json\/wp\/v2\/comments?post=3337"}],"version-history":[{"count":18,"href":"https:\/\/www.netvolleyangleur.be\/index.php\/wp-json\/wp\/v2\/pages\/3337\/revisions"}],"predecessor-version":[{"id":8911,"href":"https:\/\/www.netvolleyangleur.be\/index.php\/wp-json\/wp\/v2\/pages\/3337\/revisions\/8911"}],"wp:attachment":[{"href":"https:\/\/www.netvolleyangleur.be\/index.php\/wp-json\/wp\/v2\/media?parent=3337"}],"curies":[{"name":"wp","href":"https:\/\/api.w.org\/{rel}","templated":true}]}}