{"id":445,"date":"2023-05-01T17:33:34","date_gmt":"2023-05-01T15:33:34","guid":{"rendered":"http:\/\/www.netvolleyangleur.be\/netvolley.angleur@gmail.com\/?page_id=445"},"modified":"2025-08-05T17:03:51","modified_gmt":"2025-08-05T15:03:51","slug":"devenir-membres","status":"publish","type":"page","link":"https:\/\/www.netvolleyangleur.be\/index.php\/devenir-membres\/","title":{"rendered":"Devenir Membres"},"content":{"rendered":"\n<p class=\"has-red-color has-text-color\"><strong>&#8211;&nbsp;<u>\u00c2ge requis pour le championnat&nbsp;:<\/u>&nbsp;&nbsp;<\/strong><\/p>\n\n\n\n<p class=\"has-blue-color has-text-color\"><strong>50 ans pour les dames&nbsp;&nbsp;&nbsp;<\/strong><\/p>\n\n\n\n<p class=\"has-blue-color has-text-color\"><strong>55 ans pour les messieurs&nbsp;<\/strong><\/p>\n\n\n\n<p><strong> MAIS on peut toujours participer aux entra\u00eenements sans avoir l\u2019\u00e2ge requis.<\/strong><\/p>\n\n\n\n<p class=\"has-red-color has-text-color\">\u00a0<strong>&#8211;\u00a0<u>Une cotisation annuelle de 75 \u20ac est demand\u00e9e\u00a0:<\/u>\u00a0<\/strong><\/p>\n\n\n\n<p><strong>Elle couvre les frais d\u2019assurance,&nbsp;l\u2019inscription au championnat, les frais propres au club (entra\u00eeneur, salle, \u00e9quipement\u2026) et l&rsquo;inscription \u00e0 l&rsquo;U3A.<\/strong><\/p>\n\n\n\n<p><strong>Possibilit\u00e9 de retoucher une certaine somme via sa mutuelle<\/strong><\/p>\n\n\n\n<p class=\"has-red-color has-text-color\"><strong>&#8211;&nbsp;<u>Avant de s\u2019engager:<\/u><\/strong><\/p>\n\n\n\n<p><strong>Il est possible de \u00ab&nbsp;s\u2019essayer&nbsp;\u00bb au Net-Volley sans aucun frais et en \u00e9tant assur\u00e9 pendant trois semaines (\u00e0 condition de fournir un certificat m\u00e9dical).<\/strong><\/p>\n\n\n\n<p><\/p>\n","protected":false},"excerpt":{"rendered":"<p>&#8211;&nbsp;\u00c2ge requis pour le championnat&nbsp;:&nbsp;&nbsp; 50 ans pour les dames&nbsp;&nbsp;&nbsp; 55 ans pour les messieurs&nbsp; MAIS on peut toujours participer aux entra\u00eenements sans avoir l\u2019\u00e2ge [&hellip;]<\/p>\n","protected":false},"author":1,"featured_media":0,"parent":0,"menu_order":0,"comment_status":"closed","ping_status":"closed","template":"","meta":{"footnotes":""},"class_list":["post-445","page","type-page","status-publish","hentry"],"_links":{"self":[{"href":"https:\/\/www.netvolleyangleur.be\/index.php\/wp-json\/wp\/v2\/pages\/445","targetHints":{"allow":["GET"]}}],"collection":[{"href":"https:\/\/www.netvolleyangleur.be\/index.php\/wp-json\/wp\/v2\/pages"}],"about":[{"href":"https:\/\/www.netvolleyangleur.be\/index.php\/wp-json\/wp\/v2\/types\/page"}],"author":[{"embeddable":true,"href":"https:\/\/www.netvolleyangleur.be\/index.php\/wp-json\/wp\/v2\/users\/1"}],"replies":[{"embeddable":true,"href":"https:\/\/www.netvolleyangleur.be\/index.php\/wp-json\/wp\/v2\/comments?post=445"}],"version-history":[{"count":5,"href":"https:\/\/www.netvolleyangleur.be\/index.php\/wp-json\/wp\/v2\/pages\/445\/revisions"}],"predecessor-version":[{"id":11816,"href":"https:\/\/www.netvolleyangleur.be\/index.php\/wp-json\/wp\/v2\/pages\/445\/revisions\/11816"}],"wp:attachment":[{"href":"https:\/\/www.netvolleyangleur.be\/index.php\/wp-json\/wp\/v2\/media?parent=445"}],"curies":[{"name":"wp","href":"https:\/\/api.w.org\/{rel}","templated":true}]}}