{"id":452,"date":"2023-05-01T17:44:25","date_gmt":"2023-05-01T15:44:25","guid":{"rendered":"http:\/\/www.netvolleyangleur.be\/netvolley.angleur@gmail.com\/?page_id=452"},"modified":"2023-07-28T11:06:56","modified_gmt":"2023-07-28T09:06:56","slug":"organisation","status":"publish","type":"page","link":"https:\/\/www.netvolleyangleur.be\/index.php\/organisation\/","title":{"rendered":"Entra\u00eenements et matchs"},"content":{"rendered":"\n<p><\/p>\n\n\n\n<div class=\"wp-block-media-text alignwide is-stacked-on-mobile\" style=\"grid-template-columns:23% auto\"><figure class=\"wp-block-media-text__media\"><img fetchpriority=\"high\" decoding=\"async\" width=\"250\" height=\"290\" src=\"https:\/\/www.netvolleyangleur.be\/wp-content\/uploads\/2023\/07\/entraineur-2-1.jpg\" alt=\"\" class=\"wp-image-4539 size-full\"\/><\/figure><div class=\"wp-block-media-text__content\">\n<p class=\"has-text-color\" style=\"color:#0422f8\"><strong>Nos entra\u00eenements se d\u00e9roulent chaque mercredi de 10 h \u00e0 12 h au hall omnisports d\u2019Angleur sous la direction de Patrick Delhaye, professeur retrait\u00e9 d\u2019\u00e9ducation physique de&nbsp;la \u00ab\u00a0Haute \u00c9cole Charlemagne\u00a0\u00bb.&nbsp;&nbsp;&nbsp;&nbsp;<\/strong><br><strong>Apr\u00e8s 1 heure d\u2019exercices sp\u00e9cifiques au net-volley, notre entra\u00eeneur fait se rencontrer les diff\u00e9rentes \u00e9quipes.<\/strong><\/p>\n<\/div><\/div>\n","protected":false},"excerpt":{"rendered":"<p>Nos entra\u00eenements se d\u00e9roulent chaque mercredi de 10 h \u00e0 12 h au hall omnisports d\u2019Angleur sous la direction de Patrick Delhaye, professeur retrait\u00e9 d\u2019\u00e9ducation [&hellip;]<\/p>\n","protected":false},"author":1,"featured_media":0,"parent":0,"menu_order":0,"comment_status":"closed","ping_status":"closed","template":"","meta":{"footnotes":""},"class_list":["post-452","page","type-page","status-publish","hentry"],"_links":{"self":[{"href":"https:\/\/www.netvolleyangleur.be\/index.php\/wp-json\/wp\/v2\/pages\/452","targetHints":{"allow":["GET"]}}],"collection":[{"href":"https:\/\/www.netvolleyangleur.be\/index.php\/wp-json\/wp\/v2\/pages"}],"about":[{"href":"https:\/\/www.netvolleyangleur.be\/index.php\/wp-json\/wp\/v2\/types\/page"}],"author":[{"embeddable":true,"href":"https:\/\/www.netvolleyangleur.be\/index.php\/wp-json\/wp\/v2\/users\/1"}],"replies":[{"embeddable":true,"href":"https:\/\/www.netvolleyangleur.be\/index.php\/wp-json\/wp\/v2\/comments?post=452"}],"version-history":[{"count":8,"href":"https:\/\/www.netvolleyangleur.be\/index.php\/wp-json\/wp\/v2\/pages\/452\/revisions"}],"predecessor-version":[{"id":4540,"href":"https:\/\/www.netvolleyangleur.be\/index.php\/wp-json\/wp\/v2\/pages\/452\/revisions\/4540"}],"wp:attachment":[{"href":"https:\/\/www.netvolleyangleur.be\/index.php\/wp-json\/wp\/v2\/media?parent=452"}],"curies":[{"name":"wp","href":"https:\/\/api.w.org\/{rel}","templated":true}]}}