{"id":519,"date":"2023-05-03T12:08:06","date_gmt":"2023-05-03T10:08:06","guid":{"rendered":"http:\/\/www.netvolleyangleur.be\/netvolley.angleur@gmail.com\/?page_id=519"},"modified":"2023-07-29T19:12:17","modified_gmt":"2023-07-29T17:12:17","slug":"saison-2019-2020","status":"publish","type":"page","link":"https:\/\/www.netvolleyangleur.be\/index.php\/saison-2019-2020\/","title":{"rendered":"Bilan sportif 2019-2020"},"content":{"rendered":"\t\t<div data-elementor-type=\"wp-page\" data-elementor-id=\"519\" class=\"elementor elementor-519\">\n\t\t\t\t\t\t<section class=\"elementor-section elementor-top-section elementor-element elementor-element-e0167f0 elementor-section-boxed elementor-section-height-default elementor-section-height-default\" data-id=\"e0167f0\" data-element_type=\"section\" data-e-type=\"section\">\n\t\t\t\t\t\t<div class=\"elementor-container elementor-column-gap-default\">\n\t\t\t\t\t<div class=\"elementor-column elementor-col-100 elementor-top-column elementor-element elementor-element-692e9f77\" data-id=\"692e9f77\" data-element_type=\"column\" data-e-type=\"column\">\n\t\t\t<div class=\"elementor-widget-wrap elementor-element-populated\">\n\t\t\t\t\t\t<div class=\"elementor-element elementor-element-32952e75 elementor-widget elementor-widget-text-editor\" data-id=\"32952e75\" data-element_type=\"widget\" data-e-type=\"widget\" data-widget_type=\"text-editor.default\">\n\t\t\t\t<div class=\"elementor-widget-container\">\n\t\t\t\t\t\t\t\t\t<p><\/p>\n<p>\u00a0<\/p>\n<p><\/p>\n<p><\/p>\n<figure class=\"wp-block-table\">\n<table class=\"has-black-color has-text-color\">\n<tbody>\n<tr>\n<td><strong>Ce f\u00fbt l&rsquo;ann\u00e9e \u00ab\u00a0Coronavirus\u00a0\u00bb:\u00a0 <img decoding=\"async\" class=\"alignnone size-full wp-image-4892\" src=\"https:\/\/www.netvolleyangleur.be\/wp-content\/uploads\/2023\/07\/cov-red-s-1.gif\" alt=\"\" width=\"53\" height=\"49\" \/><\/strong><strong>Sur d\u00e9cision du conseil d&rsquo;administration\u00a0<\/strong><strong>du Net-volley seniors les comp\u00e9titions ont \u00e9t\u00e9 fig\u00e9es d\u00e9but\u00a0<\/strong><strong>mars.<\/strong><\/td>\n<td><span style=\"color: #0000ff;\"><strong><u>Ce qui implique pour nos \u00e9quipes<\/u><\/strong><\/span><br \/><span style=\"color: #ff0000;\"><strong>En division 1 : termine 1er : Angleur<\/strong><\/span><br \/><span style=\"color: #ff0000;\"><strong>En division 3 X : montant : Angleur C<\/strong><\/span><br \/><strong><span style=\"color: #ff0000;\">En division 3 Y :<\/span> <span style=\"color: #ff0000;\">Descendants : Angleur B<\/span><\/strong><\/td>\n<\/tr>\n<tr>\n<td colspan=\"2\">\u00a0<\/td>\n<\/tr>\n<tr>\n<td>\u00a0<\/td>\n<td>\u00a0<\/td>\n<\/tr>\n<tr>\n<td>\n<p><span style=\"color: #0000ff;\"><strong>Equipe mixte Division 1 :<\/strong><\/span><br \/><span style=\"color: #ff0000;\"><strong>R\u00e9sultat: \u00a0\u00bb 1<sup>er <\/sup>du championnat<br \/>(14 matchs sur 22)<\/strong><\/span><\/p>\n<p><br \/><span style=\"color: #000000;\"><strong>Composition de la D1<\/strong><\/span><\/p>\n<p><span style=\"color: #000000;\"><strong><br \/>&#8211;<span style=\"color: #993366;\"> Patrick Delhaye (capitaine)<\/span><br \/><span style=\"color: #993366;\">&#8211; Daniel Glineur<\/span><br \/><span style=\"color: #993366;\">&#8211; Philipe Go\u00ebm\u00e9<\/span><br \/><span style=\"color: #993366;\">&#8211; Pierre Lhoest<\/span><\/strong><\/span><\/p>\n<p><span style=\"color: #993366;\"><strong>&#8211;\u00a0Jean Masson<br \/>&#8211; Dominique Tilkin<br \/>&#8211; Emile Van Engelshoven<\/strong><\/span><\/p>\n<p>\u00a0<\/p>\n<\/td>\n<td><span style=\"color: #ff0000;\"><span style=\"color: #ff0000;\"><br \/><br \/><\/span><\/span>\n<p><img decoding=\"async\" class=\" wp-image-4296\" src=\"https:\/\/www.netvolleyangleur.be\/wp-content\/uploads\/2023\/07\/Delhaye-Patrick-Capitaine-2.jpg\" alt=\"\" width=\"53\" height=\"71\" \/><img decoding=\"async\" class=\" wp-image-4299\" src=\"https:\/\/www.netvolleyangleur.be\/wp-content\/uploads\/2023\/07\/Glineur-Daniel-4.jpg\" alt=\"\" width=\"56\" height=\"69\" \/><\/p>\n<p><span style=\"color: #ff0000;\"><img loading=\"lazy\" decoding=\"async\" class=\"alignnone size-full wp-image-5145\" src=\"https:\/\/www.netvolleyangleur.be\/wp-content\/uploads\/2023\/07\/Goeme-Philippe-6.jpg\" alt=\"\" width=\"60\" height=\"74\" \/><img loading=\"lazy\" decoding=\"async\" class=\"alignnone  wp-image-5146\" src=\"https:\/\/www.netvolleyangleur.be\/wp-content\/uploads\/2023\/07\/Lhoest-Pierre-10.jpg\" alt=\"\" width=\"54\" height=\"75\" \/><\/span><\/p>\n<p><span style=\"color: #ff0000;\"><img loading=\"lazy\" decoding=\"async\" class=\"alignnone size-full wp-image-5147\" src=\"https:\/\/www.netvolleyangleur.be\/wp-content\/uploads\/2023\/07\/Masson-Jean-5.jpg\" alt=\"\" width=\"60\" height=\"71\" \/><img loading=\"lazy\" decoding=\"async\" class=\"alignnone  wp-image-5148\" src=\"https:\/\/www.netvolleyangleur.be\/wp-content\/uploads\/2023\/07\/Tilkin-Dominique-6.jpg\" alt=\"\" width=\"51\" height=\"73\" \/><\/span><\/p>\n<p><span style=\"color: #ff0000;\"><img loading=\"lazy\" decoding=\"async\" class=\"alignnone size-full wp-image-5149\" src=\"https:\/\/www.netvolleyangleur.be\/wp-content\/uploads\/2023\/07\/Van-Engelshoven-Emile-12.jpg\" alt=\"\" width=\"60\" height=\"76\" \/><\/span><\/p>\n<\/td>\n<\/tr>\n<tr>\n<td>\n<p>\u00a0<\/p>\n<p>\u00a0<\/p>\n<p><span style=\"color: #0000ff;\"><strong>&#8211;\u00a0<u>Equipe mixte A Division 3y :<\/u><\/strong><\/span><\/p>\n<p><br \/><span style=\"color: #ff0000;\"><strong>R\u00e9sultat: \u00ab\u00a06<sup>\u00e8me<\/sup>\u00a0de la D3Y\u00a0\u00bb\u00a0<\/strong><\/span><br \/><span style=\"color: #ff0000;\"><strong>(16 matchs sur 22)<\/strong><\/span><\/p>\n<p><br \/><span style=\"color: #000000;\"><strong>Composition de la D3A<\/strong><\/span><\/p>\n<p><br \/><span style=\"color: #993366;\"><strong>&#8211; Didier Adam<br \/>&#8211; Philippe Follet<br \/>&#8211; Betty Go\u00ebm\u00e9\u00a0 (Capitaine)<br \/>&#8211; Claude Joris<br \/>&#8211; Guy Ledoux<br \/>&#8211; Marianne Lespagnard<br \/>&#8211; Genevi\u00e8ve Malaxhe<br \/>&#8211; Guy Mi\u00e9vis<br \/>&#8211; Agn\u00e8s Poncelet<\/strong><\/span><\/p>\n<p>\u00a0<\/p>\n<\/td>\n<td>\n<p><span style=\"color: #ff0000;\"><img loading=\"lazy\" decoding=\"async\" class=\"alignnone size-full wp-image-5290\" src=\"https:\/\/www.netvolleyangleur.be\/wp-content\/uploads\/2023\/07\/didier-1.jpg\" alt=\"\" width=\"56\" height=\"75\" \/><img loading=\"lazy\" decoding=\"async\" class=\"alignnone  wp-image-5143\" src=\"https:\/\/www.netvolleyangleur.be\/wp-content\/uploads\/2023\/07\/Follet-Philippe-6.jpg\" alt=\"\" width=\"57\" height=\"75\" \/><img loading=\"lazy\" decoding=\"async\" class=\"alignnone size-full wp-image-4705\" src=\"https:\/\/www.netvolleyangleur.be\/wp-content\/uploads\/2023\/07\/Goeme.jpg\" alt=\"\" width=\"63\" height=\"76\" \/><\/span><\/p>\n<p><span style=\"color: #ff0000;\"><img loading=\"lazy\" decoding=\"async\" class=\"alignnone size-full wp-image-5183\" src=\"https:\/\/www.netvolleyangleur.be\/wp-content\/uploads\/2023\/07\/Claude-Joris-2.jpg\" alt=\"\" width=\"60\" height=\"78\" \/><img loading=\"lazy\" decoding=\"async\" class=\"alignnone  wp-image-5184\" src=\"https:\/\/www.netvolleyangleur.be\/wp-content\/uploads\/2023\/07\/Ledoux-Guy-3.jpg\" alt=\"\" width=\"58\" height=\"83\" \/><img loading=\"lazy\" decoding=\"async\" class=\"alignnone size-full wp-image-5185\" src=\"https:\/\/www.netvolleyangleur.be\/wp-content\/uploads\/2023\/07\/Lespagnard-Marianne-6.jpg\" alt=\"\" width=\"60\" height=\"82\" \/><\/span><\/p>\n<p><span style=\"color: #ff0000;\"><img loading=\"lazy\" decoding=\"async\" class=\"alignnone  wp-image-4977\" src=\"https:\/\/www.netvolleyangleur.be\/wp-content\/uploads\/2023\/07\/Malaxhe-Genevieve-6.jpg\" alt=\"\" width=\"65\" height=\"74\" \/><img loading=\"lazy\" decoding=\"async\" class=\"alignnone  wp-image-5186\" src=\"https:\/\/www.netvolleyangleur.be\/wp-content\/uploads\/2023\/07\/Mievis-Guy-3.jpg\" alt=\"\" width=\"52\" height=\"72\" \/><img loading=\"lazy\" decoding=\"async\" class=\"alignnone  wp-image-4980\" src=\"https:\/\/www.netvolleyangleur.be\/wp-content\/uploads\/2023\/07\/Poncelet-Agnes-6.jpg\" alt=\"\" width=\"61\" height=\"71\" \/><\/span><\/p>\n<\/td>\n<\/tr>\n<tr>\n<td>\n<p>\u00a0<\/p>\n<p><span style=\"color: #0000ff;\"><strong>&#8211;\u00a0<u>Equipe mixte B Division 3y :<\/u><\/strong><\/span><\/p>\n<p><br \/><span style=\"color: #ff0000;\"><strong>R\u00e9sultat: 11<sup>\u00e8me<\/sup> de D3Y\u00a0descend en D4\u00a0 <\/strong><\/span><br \/><span style=\"color: #ff0000;\"><strong>(16 matchs\/22)<\/strong><\/span><\/p>\n<p><br \/><span style=\"color: #000000;\"><strong>Composition de la D3B<\/strong><\/span><\/p>\n<p><br \/><span style=\"color: #993366;\"><strong>&#8211; Richard Brett<br \/>&#8211; Jean-Claude Debatty (Capitaine)<br \/>&#8211; Dominique Everaerts<br \/>&#8211; Pierre Gomez<br \/>&#8211; Marianne Herman<br \/>&#8211; Henri Pasque<br \/>&#8211; Mady Quarr\u00e9<br \/>&#8211; Marie-Paule Renier<br \/>&#8211; Constant Van Dooren<\/strong><\/span><\/p>\n<p><span style=\"color: #000000;\"><strong>&#8211; Coach : Emile Van Engelshoven<\/strong><\/span><\/p>\n<\/td>\n<td>\n<p><span style=\"color: #ff0000;\"> <img loading=\"lazy\" decoding=\"async\" class=\"alignnone size-full wp-image-4709\" src=\"https:\/\/www.netvolleyangleur.be\/wp-content\/uploads\/2023\/07\/Richard.jpg\" alt=\"\" width=\"56\" height=\"75\" \/><img loading=\"lazy\" decoding=\"async\" class=\"alignnone size-full wp-image-5240\" src=\"https:\/\/www.netvolleyangleur.be\/wp-content\/uploads\/2023\/07\/Debatty-Jean-Claude-5.jpg\" alt=\"\" width=\"60\" height=\"73\" \/><img loading=\"lazy\" decoding=\"async\" class=\"alignnone size-full wp-image-4710\" src=\"https:\/\/www.netvolleyangleur.be\/wp-content\/uploads\/2023\/07\/Dominique-1.jpg\" alt=\"\" width=\"57\" height=\"75\" \/><\/span><\/p>\n<p><span style=\"color: #ff0000;\"><img loading=\"lazy\" decoding=\"async\" class=\"alignnone  wp-image-5182\" src=\"https:\/\/www.netvolleyangleur.be\/wp-content\/uploads\/2023\/07\/Gomez-Pierre-4.jpg\" alt=\"\" width=\"64\" height=\"75\" \/><img loading=\"lazy\" decoding=\"async\" class=\"alignnone  wp-image-4966\" src=\"https:\/\/www.netvolleyangleur.be\/wp-content\/uploads\/2023\/07\/Herman-Marianne-3.jpg\" alt=\"\" width=\"56\" height=\"73\" \/><img loading=\"lazy\" decoding=\"async\" class=\"alignnone size-full wp-image-4712\" src=\"https:\/\/www.netvolleyangleur.be\/wp-content\/uploads\/2023\/07\/Pasque-2-1.jpg\" alt=\"\" width=\"64\" height=\"75\" \/><\/span><\/p>\n<p><span style=\"color: #ff0000;\"><img loading=\"lazy\" decoding=\"async\" class=\"alignnone size-full wp-image-4713\" src=\"https:\/\/www.netvolleyangleur.be\/wp-content\/uploads\/2023\/07\/Quarre.jpg\" alt=\"\" width=\"62\" height=\"75\" \/><img loading=\"lazy\" decoding=\"async\" class=\"alignnone  wp-image-4981\" src=\"https:\/\/www.netvolleyangleur.be\/wp-content\/uploads\/2023\/07\/Renier-Marie-Paule-5.jpg\" alt=\"\" width=\"53\" height=\"71\" \/><img loading=\"lazy\" decoding=\"async\" class=\"alignnone size-full wp-image-5190\" src=\"https:\/\/www.netvolleyangleur.be\/wp-content\/uploads\/2023\/07\/Van-Dooren-Constant-3.jpg\" alt=\"\" width=\"60\" height=\"74\" \/>\u00a0 \u00a0\u00a0<\/span><\/p>\n<\/td>\n<\/tr>\n<tr>\n<td>\n<p>\u00a0<\/p>\n<p>\u00a0<\/p>\n<p><span style=\"color: #0000ff;\"><strong>&#8211;\u00a0<u>Equipe mixte C Division 3X :<\/u><\/strong><\/span><br \/><span style=\"color: #ff0000;\"><strong>R\u00e9sultat: \u00ab\u00a01<sup>er<\/sup>\u00a0de D3X monte en D2&Prime; <\/strong><\/span><br \/><span style=\"color: #ff0000;\"><strong>(16 matchs sur 22)<\/strong><\/span><\/p>\n<p><br \/><span style=\"color: #000000;\"><strong>Composition de la D3C<\/strong><\/span><\/p>\n<p><br \/><span style=\"color: #993366;\"><strong>&#8211; Luc Bodart<br \/>&#8211; Marc Cloes<br \/>&#8211; Jacques Daele<br \/>&#8211; Marie -No\u00eblle Gretry<br \/>&#8211; Anne-Marie Kartheuser<br \/>&#8211; Mado Lourtie\u00a0 (Capitaine)<br \/>&#8211; Bernard Noirfalisse<br \/>&#8211; Fran\u00e7oise Wagemans<\/strong><\/span><\/p>\n<\/td>\n<td>\n<p>\u00a0<\/p>\n<p>\u00a0<\/p>\n<p>\u00a0<\/p>\n<p>\u00a0<\/p>\n<p><span style=\"color: #ff0000;\"><img loading=\"lazy\" decoding=\"async\" class=\"alignnone  wp-image-5156\" src=\"https:\/\/www.netvolleyangleur.be\/wp-content\/uploads\/2023\/07\/Bodart-Luc-7.jpg\" alt=\"\" width=\"59\" height=\"85\" \/><img loading=\"lazy\" decoding=\"async\" class=\"alignnone  wp-image-5159\" src=\"https:\/\/www.netvolleyangleur.be\/wp-content\/uploads\/2023\/07\/Cloes-Marc-3.jpg\" alt=\"\" width=\"58\" height=\"86\" \/><\/span><\/p>\n<p><span style=\"color: #ff0000;\"><img loading=\"lazy\" decoding=\"async\" class=\"alignnone  wp-image-4738\" src=\"https:\/\/www.netvolleyangleur.be\/wp-content\/uploads\/2023\/07\/jacques-3.jpg\" alt=\"\" width=\"64\" height=\"86\" \/><\/span><span style=\"color: #ff0000;\"><img loading=\"lazy\" decoding=\"async\" class=\"alignnone  wp-image-4862\" src=\"https:\/\/www.netvolleyangleur.be\/wp-content\/uploads\/2023\/07\/Marie-Noelle-Gretry.jpg\" alt=\"\" width=\"67\" height=\"81\" \/><\/span><\/p>\n<p><span style=\"color: #ff0000;\"><img loading=\"lazy\" decoding=\"async\" class=\"alignnone size-full wp-image-5211\" src=\"https:\/\/www.netvolleyangleur.be\/wp-content\/uploads\/2023\/07\/Kartheuser-Anne-Marie-8.jpg\" alt=\"\" width=\"60\" height=\"82\" \/><img loading=\"lazy\" decoding=\"async\" class=\"alignnone size-full wp-image-4975\" src=\"https:\/\/www.netvolleyangleur.be\/wp-content\/uploads\/2023\/07\/Lourtie-Mado-7.jpg\" alt=\"\" width=\"60\" height=\"92\" \/><\/span><\/p>\n<p><span style=\"color: #ff0000;\"><img loading=\"lazy\" decoding=\"async\" class=\"alignnone size-full wp-image-4678\" src=\"https:\/\/www.netvolleyangleur.be\/wp-content\/uploads\/2023\/07\/Bernard-2.jpg\" alt=\"\" width=\"60\" height=\"76\" \/><img loading=\"lazy\" decoding=\"async\" class=\"alignnone size-full wp-image-4724\" src=\"https:\/\/www.netvolleyangleur.be\/wp-content\/uploads\/2023\/07\/Wagemans-001.jpg\" alt=\"\" width=\"63\" height=\"75\" \/><\/span><\/p>\n<\/td>\n<\/tr>\n<tr>\n<td>\n<p>\u00a0<\/p>\n<p>\u00a0<\/p>\n<p><span style=\"color: #ff0000;\"><strong><span style=\"color: #0000ff;\">&#8211;\u00a0<u>Equipe mixte Division 4x :<\/u><\/span><\/strong><\/span><\/p>\n<p><br \/><span style=\"color: #ff0000;\"><strong>R\u00e9sultat: \u00ab\u00a010<sup>\u00e8me<\/sup>\u00a0\u00ab\u00a0(14 matchs sur 22)<\/strong><\/span><\/p>\n<p><br \/><span style=\"color: #000000;\"><strong>Composition de la D4 x<\/strong><\/span><\/p>\n<p><br \/><span style=\"color: #993366;\"><strong>&#8211; Jeanne Arnold<br \/>&#8211; Anne Bonameau<br \/>&#8211; Jacques Bourdouxhe<br \/>&#8211; Gui Buquet<br \/>&#8211; Claudette Clain<br \/>&#8211; Annie Culot<br \/>&#8211; Toan Dang Vu<br \/>&#8211; Dany Enclin (Capitaine)<br \/>&#8211; Anne-Marie Evrard<br \/>&#8211; Christian Hardenne<br \/>&#8211; Andr\u00e9 Jadot<br \/>&#8211; Suzanne Maes<br \/>&#8211; Edouard Missotten<br \/>&#8211; Jean Claude Yerna<br \/>&#8211; Mady Quarr\u00e9<br \/>&#8211; Claude<\/strong> <strong>Defregne<\/strong><\/span><\/p>\n<\/td>\n<td>\n<p>\u00a0<\/p>\n<p>\u00a0<\/p>\n<p>\u00a0<\/p>\n<p>\u00a0<\/p>\n<p>\u00a0<\/p>\n<p>\u00a0<\/p>\n<p>\u00a0<\/p>\n<p><span style=\"color: #ff0000;\"><img loading=\"lazy\" decoding=\"async\" class=\"alignnone size-full wp-image-4879\" src=\"https:\/\/www.netvolleyangleur.be\/wp-content\/uploads\/2023\/07\/Arnold-2.jpg\" alt=\"\" width=\"63\" height=\"75\" \/><img loading=\"lazy\" decoding=\"async\" class=\"alignnone size-full wp-image-4854\" src=\"https:\/\/www.netvolleyangleur.be\/wp-content\/uploads\/2023\/07\/Bonameau-Anne-5.jpg\" alt=\"\" width=\"60\" height=\"77\" \/><img loading=\"lazy\" decoding=\"async\" class=\"alignnone size-full wp-image-5306\" src=\"https:\/\/www.netvolleyangleur.be\/wp-content\/uploads\/2023\/07\/Bourdouxhe-b-2.jpg\" alt=\"\" width=\"63\" height=\"75\" \/><img loading=\"lazy\" decoding=\"async\" class=\"alignnone  wp-image-5197\" src=\"https:\/\/www.netvolleyangleur.be\/wp-content\/uploads\/2023\/07\/Buquet-Gui-3.jpg\" alt=\"\" width=\"53\" height=\"81\" \/><\/span><\/p>\n<p><span style=\"color: #ff0000;\"><img loading=\"lazy\" decoding=\"async\" class=\"alignnone size-full wp-image-4882\" src=\"https:\/\/www.netvolleyangleur.be\/wp-content\/uploads\/2023\/07\/Clain-Claudette-5.jpg\" alt=\"\" width=\"60\" height=\"82\" \/><img loading=\"lazy\" decoding=\"async\" class=\"alignnone size-full wp-image-5307\" src=\"https:\/\/www.netvolleyangleur.be\/wp-content\/uploads\/2023\/07\/Annie-1.jpg\" alt=\"\" width=\"55\" height=\"75\" \/><img loading=\"lazy\" decoding=\"async\" class=\"alignnone size-full wp-image-4858\" src=\"https:\/\/www.netvolleyangleur.be\/wp-content\/uploads\/2023\/07\/Dang-Vu-Toan-3.jpg\" alt=\"\" width=\"60\" height=\"81\" \/><img loading=\"lazy\" decoding=\"async\" class=\"alignnone size-full wp-image-4883\" src=\"https:\/\/www.netvolleyangleur.be\/wp-content\/uploads\/2023\/07\/Dany-1.jpg\" alt=\"\" width=\"57\" height=\"75\" \/><\/span><\/p>\n<p><span style=\"color: #ff0000;\"><img loading=\"lazy\" decoding=\"async\" class=\"alignnone size-full wp-image-4884\" src=\"https:\/\/www.netvolleyangleur.be\/wp-content\/uploads\/2023\/07\/Mimi-1.jpg\" alt=\"\" width=\"56\" height=\"75\" \/><img loading=\"lazy\" decoding=\"async\" class=\"alignnone size-full wp-image-4885\" src=\"https:\/\/www.netvolleyangleur.be\/wp-content\/uploads\/2023\/07\/Christian-1.jpg\" alt=\"\" width=\"57\" height=\"76\" \/><img loading=\"lazy\" decoding=\"async\" class=\"alignnone size-full wp-image-4739\" src=\"https:\/\/www.netvolleyangleur.be\/wp-content\/uploads\/2023\/07\/Jadot.jpg\" alt=\"\" width=\"62\" height=\"75\" \/><img loading=\"lazy\" decoding=\"async\" class=\"alignnone size-full wp-image-4740\" src=\"https:\/\/www.netvolleyangleur.be\/wp-content\/uploads\/2023\/07\/suzanne.jpg\" alt=\"\" width=\"65\" height=\"75\" \/><\/span><\/p>\n<p><span style=\"color: #ff0000;\"><img loading=\"lazy\" decoding=\"async\" class=\"alignnone size-full wp-image-5200\" src=\"https:\/\/www.netvolleyangleur.be\/wp-content\/uploads\/2023\/07\/Edouard-Missotten-2.jpg\" alt=\"\" width=\"60\" height=\"75\" \/><img loading=\"lazy\" decoding=\"async\" class=\"alignnone size-full wp-image-5189\" src=\"https:\/\/www.netvolleyangleur.be\/wp-content\/uploads\/2023\/07\/Yerna-Jean-Claude-3.jpg\" alt=\"\" width=\"60\" height=\"78\" \/><img loading=\"lazy\" decoding=\"async\" class=\"alignnone size-full wp-image-4713\" src=\"https:\/\/www.netvolleyangleur.be\/wp-content\/uploads\/2023\/07\/Quarre.jpg\" alt=\"\" width=\"62\" height=\"75\" \/><img loading=\"lazy\" decoding=\"async\" class=\"alignnone size-full wp-image-4899\" src=\"https:\/\/www.netvolleyangleur.be\/wp-content\/uploads\/2023\/07\/Claude-s.jpg\" alt=\"\" width=\"56\" height=\"75\" \/>\u00a0 \u00a0\u00a0\u00a0<\/span><\/p>\n<\/td>\n<\/tr>\n<tr>\n<td>\n<p>\u00a0<\/p>\n<p>\u00a0<\/p>\n<p><span style=\"color: #0000ff;\"><strong><u>&#8211; Equipe dames Division 1 :<\/u><\/strong><\/span><\/p>\n<p><br \/><span style=\"color: #ff0000;\"><strong>R\u00e9sultat:\u00a0\u00ab\u00a05<sup>\u00e8me<\/sup> de Dames 1&Prime;<\/strong><\/span><br \/><span style=\"color: #ff0000;\"><strong>(12 matchs sur 18)<\/strong><\/span><\/p>\n<p><br \/><span style=\"color: #000000;\"><strong>Composition de l&rsquo;\u00e9quipe Dames 1<\/strong><\/span><\/p>\n<p><br \/><span style=\"color: #993366;\"><strong>&#8211; Betty Go\u00ebm\u00e9<br \/>&#8211; Marianne Herman<br \/>&#8211; Anne-Marie Kartheuser<br \/>&#8211; Marianne Lespagnard<br \/>&#8211; Mado Lourtie<br \/>&#8211; Genevi\u00e8ve Malaxhe<br \/>&#8211; Agn\u00e8s Poncelet\u00a0 (Capitaine)<br \/>&#8211; Marie-Paule Renier<\/strong><\/span><\/p>\n<\/td>\n<td>\n<p>\u00a0<\/p>\n<p>\u00a0<\/p>\n<p>\u00a0<\/p>\n<p>\u00a0<\/p>\n<p>\u00a0<\/p>\n<p>\u00a0<\/p>\n<p><span style=\"color: #ff0000;\"><img loading=\"lazy\" decoding=\"async\" class=\"alignnone size-full wp-image-4705\" src=\"https:\/\/www.netvolleyangleur.be\/wp-content\/uploads\/2023\/07\/Goeme.jpg\" alt=\"\" width=\"63\" height=\"76\" \/><img loading=\"lazy\" decoding=\"async\" class=\"alignnone size-full wp-image-4711\" src=\"https:\/\/www.netvolleyangleur.be\/wp-content\/uploads\/2023\/07\/Marianne1.jpg\" alt=\"\" width=\"56\" height=\"75\" \/><\/span><\/p>\n<p><span style=\"color: #ff0000;\"><img loading=\"lazy\" decoding=\"async\" class=\"alignnone size-full wp-image-4723\" src=\"https:\/\/www.netvolleyangleur.be\/wp-content\/uploads\/2023\/07\/Anne-Marie-2.jpg\" alt=\"\" width=\"61\" height=\"75\" \/><img loading=\"lazy\" decoding=\"async\" class=\"alignnone size-full wp-image-4674\" src=\"https:\/\/www.netvolleyangleur.be\/wp-content\/uploads\/2023\/07\/Lespagnard.jpg\" alt=\"\" width=\"63\" height=\"75\" \/><\/span><\/p>\n<p><span style=\"color: #ff0000;\"><img loading=\"lazy\" decoding=\"async\" class=\"alignnone size-full wp-image-4686\" src=\"https:\/\/www.netvolleyangleur.be\/wp-content\/uploads\/2023\/07\/Mado-2.jpg\" alt=\"\" width=\"56\" height=\"75\" \/><img loading=\"lazy\" decoding=\"async\" class=\"alignnone size-full wp-image-4675\" src=\"https:\/\/www.netvolleyangleur.be\/wp-content\/uploads\/2023\/07\/genevieve.jpg\" alt=\"\" width=\"65\" height=\"75\" \/><\/span><\/p>\n<p><span style=\"color: #ff0000;\"><img loading=\"lazy\" decoding=\"async\" class=\"alignnone size-full wp-image-4679\" src=\"https:\/\/www.netvolleyangleur.be\/wp-content\/uploads\/2023\/07\/Poncelet-1.jpg\" alt=\"\" width=\"63\" height=\"75\" \/><img loading=\"lazy\" decoding=\"async\" class=\"alignnone size-full wp-image-4680\" src=\"https:\/\/www.netvolleyangleur.be\/wp-content\/uploads\/2023\/07\/Marie-Paule-s.jpg\" alt=\"\" width=\"61\" height=\"75\" \/><\/span><\/p>\n<\/td>\n<\/tr>\n<tr>\n<td>\n<p>\u00a0<\/p>\n<p>\u00a0<\/p>\n<p>\u00a0<\/p>\n<p><span style=\"color: #0000ff;\"><strong><u>&#8211; Equipe Dames Division 2 :<\/u><\/strong><\/span><\/p>\n<p><br \/><span style=\"color: #ff0000;\"><strong>R\u00e9sultat:\u00a0\u00ab\u00a03<sup>\u00e8me<\/sup> de Dames 2&Prime;<\/strong><\/span><br \/><span style=\"color: #ff0000;\"><strong>(14 matchs sur 22)<\/strong><\/span><\/p>\n<p><br \/><span style=\"color: #000000;\"><strong>Composition de l&rsquo;\u00e9quipe<\/strong>\u00a0<strong>Dames 2<\/strong><\/span><\/p>\n<p><br \/><span style=\"color: #993366;\"><strong>&#8211; Jeanne Arnold<br \/>&#8211; Anne Bonameau<br \/>&#8211; Claudette Clain<br \/>&#8211; Annie Culot<br \/>&#8211; Huberte Daele<br \/>&#8211; Dany Enclin<br \/>&#8211; Dominique Everaerts<br \/>&#8211; Anne-Marie Evrard<br \/>&#8211; Marie-No\u00eblle Gretry (Capitaine)<br \/>&#8211; Suzanne Maes<br \/>&#8211; Mady Quarr\u00e9<\/strong><\/span><\/p>\n<\/td>\n<td>\n<p>\u00a0<\/p>\n<p>\u00a0<\/p>\n<p>\u00a0<\/p>\n<p><span style=\"color: #ff0000;\"><img loading=\"lazy\" decoding=\"async\" class=\"alignnone size-full wp-image-4797\" src=\"https:\/\/www.netvolleyangleur.be\/wp-content\/uploads\/2023\/07\/Arnold-1.jpg\" alt=\"\" width=\"63\" height=\"75\" \/><img loading=\"lazy\" decoding=\"async\" class=\"alignnone size-full wp-image-4854\" src=\"https:\/\/www.netvolleyangleur.be\/wp-content\/uploads\/2023\/07\/Bonameau-Anne-5.jpg\" alt=\"\" width=\"60\" height=\"77\" \/><img loading=\"lazy\" decoding=\"async\" class=\"alignnone size-full wp-image-4882\" src=\"https:\/\/www.netvolleyangleur.be\/wp-content\/uploads\/2023\/07\/Clain-Claudette-5.jpg\" alt=\"\" width=\"60\" height=\"82\" \/><\/span><\/p>\n<p><span style=\"color: #ff0000;\"><img loading=\"lazy\" decoding=\"async\" class=\"alignnone size-full wp-image-5307\" src=\"https:\/\/www.netvolleyangleur.be\/wp-content\/uploads\/2023\/07\/Annie-1.jpg\" alt=\"\" width=\"55\" height=\"75\" \/><img loading=\"lazy\" decoding=\"async\" class=\"alignnone size-full wp-image-4785\" src=\"https:\/\/www.netvolleyangleur.be\/wp-content\/uploads\/2023\/07\/Daele.jpg\" alt=\"\" width=\"64\" height=\"75\" \/><img loading=\"lazy\" decoding=\"async\" class=\"alignnone size-full wp-image-4883\" src=\"https:\/\/www.netvolleyangleur.be\/wp-content\/uploads\/2023\/07\/Dany-1.jpg\" alt=\"\" width=\"57\" height=\"75\" \/><\/span><\/p>\n<p><span style=\"color: #ff0000;\"><img loading=\"lazy\" decoding=\"async\" class=\"alignnone size-full wp-image-4710\" src=\"https:\/\/www.netvolleyangleur.be\/wp-content\/uploads\/2023\/07\/Dominique-1.jpg\" alt=\"\" width=\"57\" height=\"75\" \/><img loading=\"lazy\" decoding=\"async\" class=\"alignnone size-full wp-image-4884\" src=\"https:\/\/www.netvolleyangleur.be\/wp-content\/uploads\/2023\/07\/Mimi-1.jpg\" alt=\"\" width=\"56\" height=\"75\" \/><img loading=\"lazy\" decoding=\"async\" class=\"alignnone size-full wp-image-4862\" src=\"https:\/\/www.netvolleyangleur.be\/wp-content\/uploads\/2023\/07\/Marie-Noelle-Gretry.jpg\" alt=\"\" width=\"60\" height=\"73\" \/><\/span><\/p>\n<p><span style=\"color: #ff0000;\"><img loading=\"lazy\" decoding=\"async\" class=\"alignnone size-full wp-image-4740\" src=\"https:\/\/www.netvolleyangleur.be\/wp-content\/uploads\/2023\/07\/suzanne.jpg\" alt=\"\" width=\"65\" height=\"75\" \/><img loading=\"lazy\" decoding=\"async\" class=\"alignnone size-full wp-image-4713\" src=\"https:\/\/www.netvolleyangleur.be\/wp-content\/uploads\/2023\/07\/Quarre.jpg\" alt=\"\" width=\"62\" height=\"75\" \/>\u00a0\u00a0\u00a0\u00a0\u00a0\u00a0\u00a0\u00a0\u00a0<\/span><\/p>\n<\/td>\n<\/tr>\n<tr>\n<td>\u00a0<\/td>\n<td>\u00a0<\/td>\n<\/tr>\n<tr>\n<td>\u00a0<\/td>\n<td>\u00a0<\/td>\n<\/tr>\n<tr>\n<td>\u00a0<\/td>\n<\/tr>\n<\/tbody>\n<\/table>\n<\/figure>\n<p><\/p>\n<p><\/p>\n<p><\/p>\t\t\t\t\t\t\t\t<\/div>\n\t\t\t\t<\/div>\n\t\t\t\t\t<\/div>\n\t\t<\/div>\n\t\t\t\t\t<\/div>\n\t\t<\/section>\n\t\t\t\t<\/div>\n\t\t","protected":false},"excerpt":{"rendered":"<p>\u00a0 Ce f\u00fbt l&rsquo;ann\u00e9e \u00ab\u00a0Coronavirus\u00a0\u00bb:\u00a0 Sur d\u00e9cision du conseil d&rsquo;administration\u00a0du Net-volley seniors les comp\u00e9titions ont \u00e9t\u00e9 fig\u00e9es d\u00e9but\u00a0mars. Ce qui implique pour nos \u00e9quipesEn division [&hellip;]<\/p>\n","protected":false},"author":1,"featured_media":0,"parent":0,"menu_order":0,"comment_status":"closed","ping_status":"closed","template":"","meta":{"footnotes":""},"class_list":["post-519","page","type-page","status-publish","hentry"],"_links":{"self":[{"href":"https:\/\/www.netvolleyangleur.be\/index.php\/wp-json\/wp\/v2\/pages\/519","targetHints":{"allow":["GET"]}}],"collection":[{"href":"https:\/\/www.netvolleyangleur.be\/index.php\/wp-json\/wp\/v2\/pages"}],"about":[{"href":"https:\/\/www.netvolleyangleur.be\/index.php\/wp-json\/wp\/v2\/types\/page"}],"author":[{"embeddable":true,"href":"https:\/\/www.netvolleyangleur.be\/index.php\/wp-json\/wp\/v2\/users\/1"}],"replies":[{"embeddable":true,"href":"https:\/\/www.netvolleyangleur.be\/index.php\/wp-json\/wp\/v2\/comments?post=519"}],"version-history":[{"count":53,"href":"https:\/\/www.netvolleyangleur.be\/index.php\/wp-json\/wp\/v2\/pages\/519\/revisions"}],"predecessor-version":[{"id":5329,"href":"https:\/\/www.netvolleyangleur.be\/index.php\/wp-json\/wp\/v2\/pages\/519\/revisions\/5329"}],"wp:attachment":[{"href":"https:\/\/www.netvolleyangleur.be\/index.php\/wp-json\/wp\/v2\/media?parent=519"}],"curies":[{"name":"wp","href":"https:\/\/api.w.org\/{rel}","templated":true}]}}