{"id":9293,"date":"2024-04-14T12:30:38","date_gmt":"2024-04-14T10:30:38","guid":{"rendered":"https:\/\/www.netvolleyangleur.be\/?page_id=9293"},"modified":"2024-04-16T11:46:08","modified_gmt":"2024-04-16T09:46:08","slug":"derniere-journee-des-play-offs-a-malmedy","status":"publish","type":"page","link":"https:\/\/www.netvolleyangleur.be\/index.php\/derniere-journee-des-play-offs-a-malmedy\/","title":{"rendered":"Derni\u00e8re journ\u00e9e des play-offs \u00e0 Malmedy"},"content":{"rendered":"\t\t<div data-elementor-type=\"wp-page\" data-elementor-id=\"9293\" class=\"elementor elementor-9293\">\n\t\t\t\t<div class=\"elementor-element elementor-element-ce756fc e-flex e-con-boxed e-con e-parent\" data-id=\"ce756fc\" data-element_type=\"container\" data-e-type=\"container\">\n\t\t\t\t\t<div class=\"e-con-inner\">\n\t\t\t\t<div class=\"elementor-element elementor-element-b1c30e2 elementor-widget elementor-widget-text-editor\" data-id=\"b1c30e2\" data-element_type=\"widget\" data-e-type=\"widget\" data-widget_type=\"text-editor.default\">\n\t\t\t\t<div class=\"elementor-widget-container\">\n\t\t\t\t\t\t\t\t\t<p style=\"text-align: center;\"><span style=\"color: #0000ff;\"><strong>Ce jeudi 11 avril, se d\u00e9roulait la derni\u00e8re journ\u00e9e des play-offs \u00e0 Malmedy, voici quelques moments de cette belle journ\u00e9e.<\/strong><\/span><\/p>\t\t\t\t\t\t\t\t<\/div>\n\t\t\t\t<\/div>\n\t\t\t\t\t<\/div>\n\t\t\t\t<\/div>\n\t\t<div class=\"elementor-element elementor-element-b985046 e-flex e-con-boxed e-con e-parent\" data-id=\"b985046\" data-element_type=\"container\" data-e-type=\"container\">\n\t\t\t\t\t<div class=\"e-con-inner\">\n\t\t\t\t<div class=\"elementor-element elementor-element-109f0b5 elementor-widget elementor-widget-spacer\" data-id=\"109f0b5\" data-element_type=\"widget\" data-e-type=\"widget\" data-widget_type=\"spacer.default\">\n\t\t\t\t<div class=\"elementor-widget-container\">\n\t\t\t\t\t\t\t<div class=\"elementor-spacer\">\n\t\t\t<div class=\"elementor-spacer-inner\"><\/div>\n\t\t<\/div>\n\t\t\t\t\t\t<\/div>\n\t\t\t\t<\/div>\n\t\t\t\t\t<\/div>\n\t\t\t\t<\/div>\n\t\t<div class=\"elementor-element elementor-element-5da335e e-flex e-con-boxed e-con e-parent\" data-id=\"5da335e\" data-element_type=\"container\" data-e-type=\"container\">\n\t\t\t\t\t<div class=\"e-con-inner\">\n\t\t<div class=\"elementor-element elementor-element-390b80e e-con-full e-flex e-con e-child\" data-id=\"390b80e\" data-element_type=\"container\" data-e-type=\"container\">\n\t\t\t\t<div class=\"elementor-element elementor-element-4427de2 elementor-widget elementor-widget-video\" data-id=\"4427de2\" data-element_type=\"widget\" data-e-type=\"widget\" data-settings=\"{&quot;youtube_url&quot;:&quot;https:\\\/\\\/youtu.be\\\/lsR5nmu7gLI&quot;,&quot;video_type&quot;:&quot;youtube&quot;,&quot;controls&quot;:&quot;yes&quot;}\" data-widget_type=\"video.default\">\n\t\t\t\t<div class=\"elementor-widget-container\">\n\t\t\t\t\t\t\t<div class=\"elementor-wrapper elementor-open-inline\">\n\t\t\t<div class=\"elementor-video\"><\/div>\t\t<\/div>\n\t\t\t\t\t\t<\/div>\n\t\t\t\t<\/div>\n\t\t\t\t<\/div>\n\t\t<div class=\"elementor-element elementor-element-e795170 e-con-full e-flex e-con e-child\" data-id=\"e795170\" data-element_type=\"container\" data-e-type=\"container\">\n\t\t\t\t<div class=\"elementor-element elementor-element-12312b0 elementor-widget elementor-widget-video\" data-id=\"12312b0\" data-element_type=\"widget\" data-e-type=\"widget\" data-settings=\"{&quot;youtube_url&quot;:&quot;https:\\\/\\\/youtu.be\\\/KvcCpshwgpc&quot;,&quot;video_type&quot;:&quot;youtube&quot;,&quot;controls&quot;:&quot;yes&quot;}\" data-widget_type=\"video.default\">\n\t\t\t\t<div class=\"elementor-widget-container\">\n\t\t\t\t\t\t\t<div class=\"elementor-wrapper elementor-open-inline\">\n\t\t\t<div class=\"elementor-video\"><\/div>\t\t<\/div>\n\t\t\t\t\t\t<\/div>\n\t\t\t\t<\/div>\n\t\t\t\t<\/div>\n\t\t<div class=\"elementor-element elementor-element-b25e74d e-con-full e-flex e-con e-child\" data-id=\"b25e74d\" data-element_type=\"container\" data-e-type=\"container\">\n\t\t\t\t<div class=\"elementor-element elementor-element-299e430 elementor-widget elementor-widget-video\" data-id=\"299e430\" data-element_type=\"widget\" data-e-type=\"widget\" data-settings=\"{&quot;youtube_url&quot;:&quot;https:\\\/\\\/youtu.be\\\/b1ebVJTawaw&quot;,&quot;video_type&quot;:&quot;youtube&quot;,&quot;controls&quot;:&quot;yes&quot;}\" data-widget_type=\"video.default\">\n\t\t\t\t<div class=\"elementor-widget-container\">\n\t\t\t\t\t\t\t<div class=\"elementor-wrapper elementor-open-inline\">\n\t\t\t<div class=\"elementor-video\"><\/div>\t\t<\/div>\n\t\t\t\t\t\t<\/div>\n\t\t\t\t<\/div>\n\t\t\t\t<\/div>\n\t\t\t\t\t<\/div>\n\t\t\t\t<\/div>\n\t\t<div class=\"elementor-element elementor-element-5f875e5 e-flex e-con-boxed e-con e-parent\" data-id=\"5f875e5\" data-element_type=\"container\" data-e-type=\"container\">\n\t\t\t\t\t<div class=\"e-con-inner\">\n\t\t\t\t\t<\/div>\n\t\t\t\t<\/div>\n\t\t<div class=\"elementor-element elementor-element-d8c4117 e-flex e-con-boxed e-con e-parent\" data-id=\"d8c4117\" data-element_type=\"container\" data-e-type=\"container\">\n\t\t\t\t\t<div class=\"e-con-inner\">\n\t\t<div class=\"elementor-element elementor-element-b9600c6 e-con-full e-flex e-con e-child\" data-id=\"b9600c6\" data-element_type=\"container\" data-e-type=\"container\">\n\t\t\t\t<div class=\"elementor-element elementor-element-eebf634 elementor-widget elementor-widget-image\" data-id=\"eebf634\" data-element_type=\"widget\" data-e-type=\"widget\" data-widget_type=\"image.default\">\n\t\t\t\t<div class=\"elementor-widget-container\">\n\t\t\t\t\t\t\t\t\t\t\t\t\t\t\t<img fetchpriority=\"high\" decoding=\"async\" width=\"640\" height=\"379\" src=\"https:\/\/www.netvolleyangleur.be\/wp-content\/uploads\/2024\/04\/2024_04_11_angleur_net_volley_match_d1m-8-1024x607.jpg\" class=\"attachment-large size-large wp-image-9301\" alt=\"\" srcset=\"https:\/\/www.netvolleyangleur.be\/wp-content\/uploads\/2024\/04\/2024_04_11_angleur_net_volley_match_d1m-8-1024x607.jpg 1024w, https:\/\/www.netvolleyangleur.be\/wp-content\/uploads\/2024\/04\/2024_04_11_angleur_net_volley_match_d1m-8-300x178.jpg 300w, https:\/\/www.netvolleyangleur.be\/wp-content\/uploads\/2024\/04\/2024_04_11_angleur_net_volley_match_d1m-8-768x455.jpg 768w, https:\/\/www.netvolleyangleur.be\/wp-content\/uploads\/2024\/04\/2024_04_11_angleur_net_volley_match_d1m-8-1536x911.jpg 1536w, https:\/\/www.netvolleyangleur.be\/wp-content\/uploads\/2024\/04\/2024_04_11_angleur_net_volley_match_d1m-8.jpg 2048w\" sizes=\"(max-width: 640px) 100vw, 640px\" \/>\t\t\t\t\t\t\t\t\t\t\t\t\t\t\t<\/div>\n\t\t\t\t<\/div>\n\t\t\t\t<div class=\"elementor-element elementor-element-f459c60 elementor-widget elementor-widget-image\" data-id=\"f459c60\" data-element_type=\"widget\" data-e-type=\"widget\" data-widget_type=\"image.default\">\n\t\t\t\t<div class=\"elementor-widget-container\">\n\t\t\t\t\t\t\t\t\t\t\t\t\t\t\t<img decoding=\"async\" width=\"640\" height=\"480\" src=\"https:\/\/www.netvolleyangleur.be\/wp-content\/uploads\/2024\/04\/2024_04_11_angleur_net_volley_match_d1m-2.jpg\" class=\"attachment-large size-large wp-image-9303\" alt=\"\" srcset=\"https:\/\/www.netvolleyangleur.be\/wp-content\/uploads\/2024\/04\/2024_04_11_angleur_net_volley_match_d1m-2.jpg 960w, https:\/\/www.netvolleyangleur.be\/wp-content\/uploads\/2024\/04\/2024_04_11_angleur_net_volley_match_d1m-2-300x225.jpg 300w, https:\/\/www.netvolleyangleur.be\/wp-content\/uploads\/2024\/04\/2024_04_11_angleur_net_volley_match_d1m-2-768x576.jpg 768w\" sizes=\"(max-width: 640px) 100vw, 640px\" \/>\t\t\t\t\t\t\t\t\t\t\t\t\t\t\t<\/div>\n\t\t\t\t<\/div>\n\t\t\t\t<\/div>\n\t\t<div class=\"elementor-element elementor-element-abad839 e-con-full e-flex e-con e-child\" data-id=\"abad839\" data-element_type=\"container\" data-e-type=\"container\">\n\t\t\t\t<div class=\"elementor-element elementor-element-89543d3 elementor-widget elementor-widget-image\" data-id=\"89543d3\" data-element_type=\"widget\" data-e-type=\"widget\" data-widget_type=\"image.default\">\n\t\t\t\t<div class=\"elementor-widget-container\">\n\t\t\t\t\t\t\t\t\t\t\t\t\t\t\t<img decoding=\"async\" width=\"640\" height=\"480\" src=\"https:\/\/www.netvolleyangleur.be\/wp-content\/uploads\/2024\/04\/2024_04_11_angleur_net_volley_match_d1m-1.jpg\" class=\"attachment-large size-large wp-image-9300\" alt=\"\" srcset=\"https:\/\/www.netvolleyangleur.be\/wp-content\/uploads\/2024\/04\/2024_04_11_angleur_net_volley_match_d1m-1.jpg 960w, https:\/\/www.netvolleyangleur.be\/wp-content\/uploads\/2024\/04\/2024_04_11_angleur_net_volley_match_d1m-1-300x225.jpg 300w, https:\/\/www.netvolleyangleur.be\/wp-content\/uploads\/2024\/04\/2024_04_11_angleur_net_volley_match_d1m-1-768x576.jpg 768w\" sizes=\"(max-width: 640px) 100vw, 640px\" \/>\t\t\t\t\t\t\t\t\t\t\t\t\t\t\t<\/div>\n\t\t\t\t<\/div>\n\t\t\t\t<\/div>\n\t\t<div class=\"elementor-element elementor-element-b94bc55 e-con-full e-flex e-con e-child\" data-id=\"b94bc55\" data-element_type=\"container\" data-e-type=\"container\">\n\t\t\t\t<div class=\"elementor-element elementor-element-b3e5c57 elementor-widget elementor-widget-image\" data-id=\"b3e5c57\" data-element_type=\"widget\" data-e-type=\"widget\" data-widget_type=\"image.default\">\n\t\t\t\t<div class=\"elementor-widget-container\">\n\t\t\t\t\t\t\t\t\t\t\t\t\t\t\t<img loading=\"lazy\" decoding=\"async\" width=\"640\" height=\"480\" src=\"https:\/\/www.netvolleyangleur.be\/wp-content\/uploads\/2024\/04\/2024_04_11_angleur_net_volley_match_d1m-7.jpg\" class=\"attachment-large size-large wp-image-9302\" alt=\"\" srcset=\"https:\/\/www.netvolleyangleur.be\/wp-content\/uploads\/2024\/04\/2024_04_11_angleur_net_volley_match_d1m-7.jpg 960w, https:\/\/www.netvolleyangleur.be\/wp-content\/uploads\/2024\/04\/2024_04_11_angleur_net_volley_match_d1m-7-300x225.jpg 300w, https:\/\/www.netvolleyangleur.be\/wp-content\/uploads\/2024\/04\/2024_04_11_angleur_net_volley_match_d1m-7-768x576.jpg 768w\" sizes=\"(max-width: 640px) 100vw, 640px\" \/>\t\t\t\t\t\t\t\t\t\t\t\t\t\t\t<\/div>\n\t\t\t\t<\/div>\n\t\t\t\t<div class=\"elementor-element elementor-element-3b994bc elementor-widget elementor-widget-image\" data-id=\"3b994bc\" data-element_type=\"widget\" data-e-type=\"widget\" data-widget_type=\"image.default\">\n\t\t\t\t<div class=\"elementor-widget-container\">\n\t\t\t\t\t\t\t\t\t\t\t\t\t\t\t<img loading=\"lazy\" decoding=\"async\" width=\"640\" height=\"480\" src=\"https:\/\/www.netvolleyangleur.be\/wp-content\/uploads\/2024\/04\/2024_04_11_angleur_net_volley_match_d1m-3.jpg\" class=\"attachment-large size-large wp-image-9304\" alt=\"\" srcset=\"https:\/\/www.netvolleyangleur.be\/wp-content\/uploads\/2024\/04\/2024_04_11_angleur_net_volley_match_d1m-3.jpg 960w, https:\/\/www.netvolleyangleur.be\/wp-content\/uploads\/2024\/04\/2024_04_11_angleur_net_volley_match_d1m-3-300x225.jpg 300w, https:\/\/www.netvolleyangleur.be\/wp-content\/uploads\/2024\/04\/2024_04_11_angleur_net_volley_match_d1m-3-768x576.jpg 768w\" sizes=\"(max-width: 640px) 100vw, 640px\" \/>\t\t\t\t\t\t\t\t\t\t\t\t\t\t\t<\/div>\n\t\t\t\t<\/div>\n\t\t\t\t<\/div>\n\t\t\t\t\t<\/div>\n\t\t\t\t<\/div>\n\t\t<div class=\"elementor-element elementor-element-8d76bb7 e-flex e-con-boxed e-con e-parent\" data-id=\"8d76bb7\" data-element_type=\"container\" data-e-type=\"container\">\n\t\t\t\t\t<div class=\"e-con-inner\">\n\t\t<div class=\"elementor-element elementor-element-eea0f9e e-con-full e-flex e-con e-child\" data-id=\"eea0f9e\" data-element_type=\"container\" data-e-type=\"container\">\n\t\t\t\t<div class=\"elementor-element elementor-element-36869a1 elementor-widget elementor-widget-image\" data-id=\"36869a1\" data-element_type=\"widget\" data-e-type=\"widget\" data-widget_type=\"image.default\">\n\t\t\t\t<div class=\"elementor-widget-container\">\n\t\t\t\t\t\t\t\t\t\t\t\t\t\t\t<img loading=\"lazy\" decoding=\"async\" width=\"640\" height=\"480\" src=\"https:\/\/www.netvolleyangleur.be\/wp-content\/uploads\/2024\/04\/2024_04_11_angleur_net_volley_match_d1m-4.jpg\" class=\"attachment-large size-large wp-image-9305\" alt=\"\" srcset=\"https:\/\/www.netvolleyangleur.be\/wp-content\/uploads\/2024\/04\/2024_04_11_angleur_net_volley_match_d1m-4.jpg 960w, https:\/\/www.netvolleyangleur.be\/wp-content\/uploads\/2024\/04\/2024_04_11_angleur_net_volley_match_d1m-4-300x225.jpg 300w, https:\/\/www.netvolleyangleur.be\/wp-content\/uploads\/2024\/04\/2024_04_11_angleur_net_volley_match_d1m-4-768x576.jpg 768w\" sizes=\"(max-width: 640px) 100vw, 640px\" \/>\t\t\t\t\t\t\t\t\t\t\t\t\t\t\t<\/div>\n\t\t\t\t<\/div>\n\t\t\t\t<\/div>\n\t\t<div class=\"elementor-element elementor-element-aafbbd9 e-con-full e-flex e-con e-child\" data-id=\"aafbbd9\" data-element_type=\"container\" data-e-type=\"container\">\n\t\t\t\t<div class=\"elementor-element elementor-element-91b4703 elementor-widget elementor-widget-image\" data-id=\"91b4703\" data-element_type=\"widget\" data-e-type=\"widget\" data-widget_type=\"image.default\">\n\t\t\t\t<div class=\"elementor-widget-container\">\n\t\t\t\t\t\t\t\t\t\t\t\t\t\t\t<img loading=\"lazy\" decoding=\"async\" width=\"640\" height=\"480\" src=\"https:\/\/www.netvolleyangleur.be\/wp-content\/uploads\/2024\/04\/2024_04_11_angleur_net_volley_match_d1m-5.jpg\" class=\"attachment-large size-large wp-image-9306\" alt=\"\" srcset=\"https:\/\/www.netvolleyangleur.be\/wp-content\/uploads\/2024\/04\/2024_04_11_angleur_net_volley_match_d1m-5.jpg 960w, https:\/\/www.netvolleyangleur.be\/wp-content\/uploads\/2024\/04\/2024_04_11_angleur_net_volley_match_d1m-5-300x225.jpg 300w, https:\/\/www.netvolleyangleur.be\/wp-content\/uploads\/2024\/04\/2024_04_11_angleur_net_volley_match_d1m-5-768x576.jpg 768w\" sizes=\"(max-width: 640px) 100vw, 640px\" \/>\t\t\t\t\t\t\t\t\t\t\t\t\t\t\t<\/div>\n\t\t\t\t<\/div>\n\t\t\t\t<\/div>\n\t\t<div class=\"elementor-element elementor-element-b7d06fe e-con-full e-flex e-con e-child\" data-id=\"b7d06fe\" data-element_type=\"container\" data-e-type=\"container\">\n\t\t\t\t<div class=\"elementor-element elementor-element-f41a64b elementor-widget elementor-widget-image\" data-id=\"f41a64b\" data-element_type=\"widget\" data-e-type=\"widget\" data-widget_type=\"image.default\">\n\t\t\t\t<div class=\"elementor-widget-container\">\n\t\t\t\t\t\t\t\t\t\t\t\t\t\t\t<img loading=\"lazy\" decoding=\"async\" width=\"640\" height=\"480\" src=\"https:\/\/www.netvolleyangleur.be\/wp-content\/uploads\/2024\/04\/2024_04_11_angleur_net_volley_match_d1m-9-1024x768.jpg\" class=\"attachment-large size-large wp-image-9308\" alt=\"\" srcset=\"https:\/\/www.netvolleyangleur.be\/wp-content\/uploads\/2024\/04\/2024_04_11_angleur_net_volley_match_d1m-9-1024x768.jpg 1024w, https:\/\/www.netvolleyangleur.be\/wp-content\/uploads\/2024\/04\/2024_04_11_angleur_net_volley_match_d1m-9-300x225.jpg 300w, https:\/\/www.netvolleyangleur.be\/wp-content\/uploads\/2024\/04\/2024_04_11_angleur_net_volley_match_d1m-9-768x576.jpg 768w, https:\/\/www.netvolleyangleur.be\/wp-content\/uploads\/2024\/04\/2024_04_11_angleur_net_volley_match_d1m-9-1536x1152.jpg 1536w, https:\/\/www.netvolleyangleur.be\/wp-content\/uploads\/2024\/04\/2024_04_11_angleur_net_volley_match_d1m-9-2048x1536.jpg 2048w\" sizes=\"(max-width: 640px) 100vw, 640px\" \/>\t\t\t\t\t\t\t\t\t\t\t\t\t\t\t<\/div>\n\t\t\t\t<\/div>\n\t\t\t\t<\/div>\n\t\t<div class=\"elementor-element elementor-element-8dd2252 e-con-full e-flex e-con e-child\" data-id=\"8dd2252\" data-element_type=\"container\" data-e-type=\"container\">\n\t\t\t\t<div class=\"elementor-element elementor-element-4ea3280 elementor-widget elementor-widget-image\" data-id=\"4ea3280\" data-element_type=\"widget\" data-e-type=\"widget\" data-widget_type=\"image.default\">\n\t\t\t\t<div class=\"elementor-widget-container\">\n\t\t\t\t\t\t\t\t\t\t\t\t\t\t\t<img loading=\"lazy\" decoding=\"async\" width=\"640\" height=\"480\" src=\"https:\/\/www.netvolleyangleur.be\/wp-content\/uploads\/2024\/04\/2024_04_11_angleur_net_volley_match_d1m-6.jpg\" class=\"attachment-large size-large wp-image-9307\" alt=\"\" srcset=\"https:\/\/www.netvolleyangleur.be\/wp-content\/uploads\/2024\/04\/2024_04_11_angleur_net_volley_match_d1m-6.jpg 960w, https:\/\/www.netvolleyangleur.be\/wp-content\/uploads\/2024\/04\/2024_04_11_angleur_net_volley_match_d1m-6-300x225.jpg 300w, https:\/\/www.netvolleyangleur.be\/wp-content\/uploads\/2024\/04\/2024_04_11_angleur_net_volley_match_d1m-6-768x576.jpg 768w\" sizes=\"(max-width: 640px) 100vw, 640px\" \/>\t\t\t\t\t\t\t\t\t\t\t\t\t\t\t<\/div>\n\t\t\t\t<\/div>\n\t\t\t\t<\/div>\n\t\t\t\t\t<\/div>\n\t\t\t\t<\/div>\n\t\t<div class=\"elementor-element elementor-element-be82ff9 e-flex e-con-boxed e-con e-parent\" data-id=\"be82ff9\" data-element_type=\"container\" data-e-type=\"container\">\n\t\t\t\t\t<div class=\"e-con-inner\">\n\t\t\t\t<div class=\"elementor-element elementor-element-8d99bd3 elementor-widget elementor-widget-spacer\" data-id=\"8d99bd3\" data-element_type=\"widget\" data-e-type=\"widget\" data-widget_type=\"spacer.default\">\n\t\t\t\t<div class=\"elementor-widget-container\">\n\t\t\t\t\t\t\t<div class=\"elementor-spacer\">\n\t\t\t<div class=\"elementor-spacer-inner\"><\/div>\n\t\t<\/div>\n\t\t\t\t\t\t<\/div>\n\t\t\t\t<\/div>\n\t\t\t\t\t<\/div>\n\t\t\t\t<\/div>\n\t\t<div class=\"elementor-element elementor-element-fe62cb0 e-flex e-con-boxed e-con e-parent\" data-id=\"fe62cb0\" data-element_type=\"container\" data-e-type=\"container\">\n\t\t\t\t\t<div class=\"e-con-inner\">\n\t\t<div class=\"elementor-element elementor-element-154914a e-con-full e-flex e-con e-child\" data-id=\"154914a\" data-element_type=\"container\" data-e-type=\"container\">\n\t\t\t\t<div class=\"elementor-element elementor-element-a476f2e elementor-widget elementor-widget-video\" data-id=\"a476f2e\" data-element_type=\"widget\" data-e-type=\"widget\" data-settings=\"{&quot;video_type&quot;:&quot;hosted&quot;,&quot;controls&quot;:&quot;yes&quot;}\" data-widget_type=\"video.default\">\n\t\t\t\t<div class=\"elementor-widget-container\">\n\t\t\t\t\t\t\t<div class=\"e-hosted-video elementor-wrapper elementor-open-inline\">\n\t\t\t\t\t<video class=\"elementor-video\" src=\"https:\/\/www.netvolleyangleur.be\/wp-content\/uploads\/2024\/04\/vlc-record-2024-04-14-14h33m52s-IMG_4132.MOV-.mp4\" controls=\"\" preload=\"metadata\" controlsList=\"nodownload\"><\/video>\n\t\t\t\t<\/div>\n\t\t\t\t\t\t<\/div>\n\t\t\t\t<\/div>\n\t\t\t\t<\/div>\n\t\t<div class=\"elementor-element elementor-element-e626201 e-con-full e-flex e-con e-child\" data-id=\"e626201\" data-element_type=\"container\" data-e-type=\"container\">\n\t\t\t\t<div class=\"elementor-element elementor-element-b6f20ca elementor-widget elementor-widget-video\" data-id=\"b6f20ca\" data-element_type=\"widget\" data-e-type=\"widget\" data-settings=\"{&quot;video_type&quot;:&quot;hosted&quot;,&quot;controls&quot;:&quot;yes&quot;}\" data-widget_type=\"video.default\">\n\t\t\t\t<div class=\"elementor-widget-container\">\n\t\t\t\t\t\t\t<div class=\"e-hosted-video elementor-wrapper elementor-open-inline\">\n\t\t\t\t\t<video class=\"elementor-video\" src=\"https:\/\/www.netvolleyangleur.be\/wp-content\/uploads\/2024\/04\/vlc-record-2024-04-14-14h35m05s-IMG_4132.MOV-.mp4\" controls=\"\" preload=\"metadata\" controlsList=\"nodownload\"><\/video>\n\t\t\t\t<\/div>\n\t\t\t\t\t\t<\/div>\n\t\t\t\t<\/div>\n\t\t\t\t<\/div>\n\t\t<div class=\"elementor-element elementor-element-9ec280d e-con-full e-flex e-con e-child\" data-id=\"9ec280d\" data-element_type=\"container\" data-e-type=\"container\">\n\t\t\t\t<div class=\"elementor-element elementor-element-c11a529 elementor-widget elementor-widget-spacer\" data-id=\"c11a529\" data-element_type=\"widget\" data-e-type=\"widget\" data-widget_type=\"spacer.default\">\n\t\t\t\t<div class=\"elementor-widget-container\">\n\t\t\t\t\t\t\t<div class=\"elementor-spacer\">\n\t\t\t<div class=\"elementor-spacer-inner\"><\/div>\n\t\t<\/div>\n\t\t\t\t\t\t<\/div>\n\t\t\t\t<\/div>\n\t\t\t\t<div class=\"elementor-element elementor-element-4205f74 elementor-widget elementor-widget-video\" data-id=\"4205f74\" data-element_type=\"widget\" data-e-type=\"widget\" data-settings=\"{&quot;video_type&quot;:&quot;hosted&quot;,&quot;controls&quot;:&quot;yes&quot;}\" data-widget_type=\"video.default\">\n\t\t\t\t<div class=\"elementor-widget-container\">\n\t\t\t\t\t\t\t<div class=\"e-hosted-video elementor-wrapper elementor-open-inline\">\n\t\t\t\t\t<video class=\"elementor-video\" src=\"https:\/\/www.netvolleyangleur.be\/wp-content\/uploads\/2024\/04\/vlc-record-2024-04-14-14h46m51s-IMG_4132.MOV-.mp4\" controls=\"\" preload=\"metadata\" controlsList=\"nodownload\"><\/video>\n\t\t\t\t<\/div>\n\t\t\t\t\t\t<\/div>\n\t\t\t\t<\/div>\n\t\t\t\t<\/div>\n\t\t\t\t\t<\/div>\n\t\t\t\t<\/div>\n\t\t<div class=\"elementor-element elementor-element-5ad99fb e-flex e-con-boxed e-con e-parent\" data-id=\"5ad99fb\" data-element_type=\"container\" data-e-type=\"container\">\n\t\t\t\t\t<div class=\"e-con-inner\">\n\t\t\t\t<div class=\"elementor-element elementor-element-e16076f elementor-widget elementor-widget-spacer\" data-id=\"e16076f\" data-element_type=\"widget\" data-e-type=\"widget\" data-widget_type=\"spacer.default\">\n\t\t\t\t<div class=\"elementor-widget-container\">\n\t\t\t\t\t\t\t<div class=\"elementor-spacer\">\n\t\t\t<div class=\"elementor-spacer-inner\"><\/div>\n\t\t<\/div>\n\t\t\t\t\t\t<\/div>\n\t\t\t\t<\/div>\n\t\t\t\t\t<\/div>\n\t\t\t\t<\/div>\n\t\t<div class=\"elementor-element elementor-element-77afb93 e-flex e-con-boxed e-con e-parent\" data-id=\"77afb93\" data-element_type=\"container\" data-e-type=\"container\">\n\t\t\t\t\t<div class=\"e-con-inner\">\n\t\t<div class=\"elementor-element elementor-element-4978385 e-con-full e-flex e-con e-child\" data-id=\"4978385\" data-element_type=\"container\" data-e-type=\"container\">\n\t\t\t\t<div class=\"elementor-element elementor-element-c6629ba elementor-widget__width-inherit elementor-widget elementor-widget-video\" data-id=\"c6629ba\" data-element_type=\"widget\" data-e-type=\"widget\" data-settings=\"{&quot;video_type&quot;:&quot;hosted&quot;,&quot;controls&quot;:&quot;yes&quot;}\" data-widget_type=\"video.default\">\n\t\t\t\t<div class=\"elementor-widget-container\">\n\t\t\t\t\t\t\t<div class=\"e-hosted-video elementor-wrapper elementor-open-inline\">\n\t\t\t\t\t<video class=\"elementor-video\" src=\"https:\/\/www.netvolleyangleur.be\/wp-content\/uploads\/2024\/04\/vlc-record-2024-04-14-17h19m47s-IMG_4133.MOV-.mp4\" controls=\"\" preload=\"metadata\" controlsList=\"nodownload\"><\/video>\n\t\t\t\t<\/div>\n\t\t\t\t\t\t<\/div>\n\t\t\t\t<\/div>\n\t\t\t\t<\/div>\n\t\t<div class=\"elementor-element elementor-element-4fb888e e-con-full e-flex e-con e-child\" data-id=\"4fb888e\" data-element_type=\"container\" data-e-type=\"container\">\n\t\t\t\t<div class=\"elementor-element elementor-element-350d579 elementor-widget elementor-widget-text-editor\" data-id=\"350d579\" data-element_type=\"widget\" data-e-type=\"widget\" data-widget_type=\"text-editor.default\">\n\t\t\t\t<div class=\"elementor-widget-container\">\n\t\t\t\t\t\t\t\t\t<p><span style=\"color: #0000ff;\">Pour les 2 videos,<\/span><\/p><p><span style=\"color: #0000ff;\">cliquez sur les 3 points,<\/span><\/p><p><span style=\"color: #0000ff;\">puis image en incrustation.<\/span><\/p>\t\t\t\t\t\t\t\t<\/div>\n\t\t\t\t<\/div>\n\t\t\t\t<\/div>\n\t\t<div class=\"elementor-element elementor-element-96d0d92 e-con-full e-flex e-con e-child\" data-id=\"96d0d92\" data-element_type=\"container\" data-e-type=\"container\">\n\t\t\t\t<div class=\"elementor-element elementor-element-ebe9881 elementor-widget elementor-widget-video\" data-id=\"ebe9881\" data-element_type=\"widget\" data-e-type=\"widget\" data-settings=\"{&quot;video_type&quot;:&quot;hosted&quot;,&quot;controls&quot;:&quot;yes&quot;}\" data-widget_type=\"video.default\">\n\t\t\t\t<div class=\"elementor-widget-container\">\n\t\t\t\t\t\t\t<div class=\"e-hosted-video elementor-wrapper elementor-open-inline\">\n\t\t\t\t\t<video class=\"elementor-video\" src=\"https:\/\/www.netvolleyangleur.be\/wp-content\/uploads\/2024\/04\/vlc-record-2024-04-14-17h20m58s-IMG_4133.MOV-.mp4\" controls=\"\" preload=\"metadata\" controlsList=\"nodownload\"><\/video>\n\t\t\t\t<\/div>\n\t\t\t\t\t\t<\/div>\n\t\t\t\t<\/div>\n\t\t\t\t<\/div>\n\t\t<div class=\"elementor-element elementor-element-85ca8eb e-con-full e-flex e-con e-child\" data-id=\"85ca8eb\" data-element_type=\"container\" data-e-type=\"container\">\n\t\t\t\t<\/div>\n\t\t\t\t\t<\/div>\n\t\t\t\t<\/div>\n\t\t\t\t<\/div>\n\t\t","protected":false},"excerpt":{"rendered":"<p>Ce jeudi 11 avril, se d\u00e9roulait la derni\u00e8re journ\u00e9e des play-offs \u00e0 Malmedy, voici quelques moments de cette belle journ\u00e9e. https:\/\/youtu.be\/lsR5nmu7gLIhttps:\/\/youtu.be\/KvcCpshwgpchttps:\/\/youtu.be\/b1ebVJTawaw https:\/\/www.netvolleyangleur.be\/wp-content\/uploads\/2024\/04\/vlc-record-2024-04-14-14h33m52s-IMG_4132.MOV-.mp4https:\/\/www.netvolleyangleur.be\/wp-content\/uploads\/2024\/04\/vlc-record-2024-04-14-14h35m05s-IMG_4132.MOV-.mp4 https:\/\/www.netvolleyangleur.be\/wp-content\/uploads\/2024\/04\/vlc-record-2024-04-14-14h46m51s-IMG_4132.MOV-.mp4 https:\/\/www.netvolleyangleur.be\/wp-content\/uploads\/2024\/04\/vlc-record-2024-04-14-17h19m47s-IMG_4133.MOV-.mp4 Pour [&hellip;]<\/p>\n","protected":false},"author":1,"featured_media":0,"parent":0,"menu_order":0,"comment_status":"closed","ping_status":"closed","template":"","meta":{"footnotes":""},"class_list":["post-9293","page","type-page","status-publish","hentry"],"_links":{"self":[{"href":"https:\/\/www.netvolleyangleur.be\/index.php\/wp-json\/wp\/v2\/pages\/9293","targetHints":{"allow":["GET"]}}],"collection":[{"href":"https:\/\/www.netvolleyangleur.be\/index.php\/wp-json\/wp\/v2\/pages"}],"about":[{"href":"https:\/\/www.netvolleyangleur.be\/index.php\/wp-json\/wp\/v2\/types\/page"}],"author":[{"embeddable":true,"href":"https:\/\/www.netvolleyangleur.be\/index.php\/wp-json\/wp\/v2\/users\/1"}],"replies":[{"embeddable":true,"href":"https:\/\/www.netvolleyangleur.be\/index.php\/wp-json\/wp\/v2\/comments?post=9293"}],"version-history":[{"count":31,"href":"https:\/\/www.netvolleyangleur.be\/index.php\/wp-json\/wp\/v2\/pages\/9293\/revisions"}],"predecessor-version":[{"id":9348,"href":"https:\/\/www.netvolleyangleur.be\/index.php\/wp-json\/wp\/v2\/pages\/9293\/revisions\/9348"}],"wp:attachment":[{"href":"https:\/\/www.netvolleyangleur.be\/index.php\/wp-json\/wp\/v2\/media?parent=9293"}],"curies":[{"name":"wp","href":"https:\/\/api.w.org\/{rel}","templated":true}]}}